{"id":71222,"date":"2025-05-22T03:44:08","date_gmt":"2025-05-22T01:44:08","guid":{"rendered":"https:\/\/www.bkeeper-gloves.com\/internationale-verkaufsbedingungen-und-konditionen\/"},"modified":"2025-06-10T14:26:18","modified_gmt":"2025-06-10T12:26:18","slug":"internationale-verkaufsbedingungen-und-konditionen","status":"publish","type":"page","link":"https:\/\/www.bkeeper-gloves.com\/de\/internationale-verkaufsbedingungen-und-konditionen\/","title":{"rendered":"Verkaufsbedingungen und Konditionen"},"content":{"rendered":"\n<p><strong>1. Rechtlicher Hinweis<\/strong> Die Website ist das ausschlie\u00dfliche Eigentum von BKEEPER INTERNATIONAL, einschlie\u00dflich aller damit verbundenen Rechte. Jegliche Vervielf\u00e4ltigung, ganz oder teilweise, ist ohne die vorherige schriftliche Zustimmung von BKEEPER INTERNATIONAL strengstens untersagt. <\/p>\n\n<p><strong>2. Annahme der Allgemeinen Gesch\u00e4ftsbedingungen<\/strong> Mit der Aufgabe einer Bestellung best\u00e4tigt der Kunde, dass er die vorliegenden Allgemeinen Gesch\u00e4ftsbedingungen (\u201eBedingungen\u201c) gelesen und uneingeschr\u00e4nkt akzeptiert hat. Diese Bedingungen regeln die vertraglichen Beziehungen zwischen BKEEPER INTERNATIONAL und dem Kunden und haben Vorrang vor allen anderen Bedingungen, sofern nichts anderes schriftlich vereinbart wurde. BKEEPER INTERNATIONAL kann diese Bedingungen jederzeit \u00e4ndern; es gilt die Version, die zum Zeitpunkt der Auftragsbest\u00e4tigung auf der Website ver\u00f6ffentlicht ist.  <\/p>\n\n<p><strong>3. Bestellungen<\/strong> Die Bestellungen werden von automatischen Systemen gepr\u00fcft und per E-Mail best\u00e4tigt. Der Verkauf gilt als abgeschlossen, sobald die Zahlung vollst\u00e4ndig autorisiert wurde. BKEEPER INTERNATIONAL beh\u00e4lt sich das Recht vor, jede Bestellung zu stornieren oder abzulehnen, wenn es zu einem Zahlungsstreit kommt.  <\/p>\n\n<p><strong>4. Preisgestaltung und Zahlung<\/strong> Alle Preise sind in Euro (EUR) angegeben und enthalten die geltenden Steuern (einschlie\u00dflich der Mehrwertsteuer, sofern diese im Rahmen von OSS anf\u00e4llt). Die Preise enthalten keine Versand- oder Zollgeb\u00fchren. Akzeptierte Zahlungsarten: Kreditkarte (sicher \u00fcber Stripe verarbeitet) und PayPal. Die Zahlung ist in voller H\u00f6he vor dem Versand f\u00e4llig.   <\/p>\n\n<p><strong>5. Eigentumsvorbehalt<\/strong> Das Eigentum an den Produkten verbleibt bei BKEEPER INTERNATIONAL, bis die vollst\u00e4ndige Zahlung eingegangen ist.<\/p>\n\n<p><strong>6. Produktverf\u00fcgbarkeit und Versand<\/strong> Die Produktverf\u00fcgbarkeit wird auf jeder Produktseite angegeben. Bestellungen werden in der Regel innerhalb von 24-48 Gesch\u00e4ftsstunden nach Zahlungsbest\u00e4tigung versandt. Der Versand erfolgt durch UPS. Die Lieferzeiten variieren je nach Zielort. Im Falle von Lieferschwierigkeiten k\u00f6nnen Kunden eine R\u00fcckerstattung erhalten oder sich f\u00fcr ein alternatives Produkt entscheiden.    <\/p>\n\n<p><strong>7. Lieferbedingungen<\/strong> Die Lieferung erfolgt an die Adresse, die Sie an der Kasse angegeben haben. Im Falle der Abwesenheit wird ein Lieferschein ausgestellt. Der Kunde muss die Pakete bei Erhalt \u00fcberpr\u00fcfen. Im Falle einer Besch\u00e4digung muss der Kunde BKEEPER INTERNATIONAL innerhalb von 3 Tagen benachrichtigen und den Spediteur gem\u00e4\u00df den geltenden Gesetzen informieren.   <\/p>\n\n<p>Kunden sind f\u00fcr alle Importsteuern, Z\u00f6lle und lokalen Geb\u00fchren in ihrem Land verantwortlich. BKEEPER INTERNATIONAL haftet nicht f\u00fcr die Nichtbezahlung solcher Geb\u00fchren. <\/p>\n\n<p>Wenn ein Paket zur\u00fcckgeschickt wird, weil der Kunde es nicht abgeholt hat, kann BKEEPER INTERNATIONAL die Kosten f\u00fcr den erneuten Versand in Rechnung stellen. F\u00fcr kundenbedingte Lieferschwierigkeiten wird keine R\u00fcckerstattung der Versandkosten gew\u00e4hrt. <\/p>\n\n<p><strong>8. Widerrufsrecht<\/strong> Kunden haben ein allgemeines Widerrufsrecht innerhalb von 14 Tagen nach Lieferung. Die Produkte m\u00fcssen unbenutzt und in der Originalverpackung zur\u00fcckgeschickt werden. Personalisierte Produkte sind vom R\u00fcckgaberecht ausgeschlossen. Die Kosten f\u00fcr die R\u00fccksendung sind vom Kunden zu tragen, es sei denn, das Gesetz schreibt etwas anderes vor. Die R\u00fcckerstattung erfolgt innerhalb von 30 Tagen nach Erhalt der zur\u00fcckgesandten Waren.    <\/p>\n\n<p><strong>9. Garantien<\/strong> BKEEPER INTERNATIONAL h\u00e4lt sich an die gesetzlichen Garantien des Landes, in das geliefert wird. Personalisierte Produkte k\u00f6nnen nur im Falle von Herstellungsfehlern zur\u00fcckgegeben werden. Zur\u00fcckgesandte Artikel m\u00fcssen vorab von BKEEPER INTERNATIONAL genehmigt und mit einer R\u00fccksendenummer versandt werden.  <\/p>\n\n<p><strong>10. Haftungsbeschr\u00e4nkung<\/strong> Die Produktabbildungen und -beschreibungen dienen nur als Referenz. BKEEPER INTERNATIONAL kann nicht f\u00fcr geringf\u00fcgige Abweichungen oder Fehler haftbar gemacht werden. BKEEPER INTERNATIONAL ist nicht verantwortlich f\u00fcr Bestellungsprobleme, die durch Verschulden des Kunden, durch Ereignisse Dritter oder durch h\u00f6here Gewalt (z.B. Krieg, Pandemien, Streiks) entstehen.  <\/p>\n\n<p><strong>11. Datenschutz<\/strong> BKEEPER INTERNATIONAL sammelt und verarbeitet Kundendaten in \u00dcbereinstimmung mit der europ\u00e4ischen Datenschutzgrundverordnung (GDPR), die universell angewendet wird. Kunden haben das Recht, ihre pers\u00f6nlichen Daten einzusehen, zu berichtigen oder zu l\u00f6schen, indem sie sich an BKEEPER INTERNATIONAL wenden. Die Daten werden nicht ohne ausdr\u00fcckliche Zustimmung an Dritte weitergegeben.  <\/p>\n\n<p><strong>12. Geistiges Eigentum<\/strong> Alle Inhalte und Daten auf der Website, einschlie\u00dflich der Datenbanken, sind durch die geltenden Gesetze \u00fcber geistiges Eigentum gesch\u00fctzt. Keine Inhalte d\u00fcrfen ohne vorherige schriftliche Genehmigung kopiert oder wiederverwendet werden. <\/p>\n\n<p><strong>13. Bildrechte<\/strong> BKEEPER INTERNATIONAL beh\u00e4lt sich das Recht vor, Bilder von Personen, die seine Produkte tragen, f\u00fcr die Markenwerbung \u00fcber seine Medienkan\u00e4le zu verwenden.<\/p>\n\n<p><strong>14. Geltendes Recht und Gerichtsstand<\/strong> Diese Bedingungen unterliegen dem franz\u00f6sischen Recht. Alle Streitigkeiten unterliegen der ausschlie\u00dflichen Zust\u00e4ndigkeit der franz\u00f6sischen Gerichte. <\/p>\n\n<p><strong>15. Unternehmensinformationen<\/strong> BKEEPER INTERNATIONAL<br\/>15 bis rue des Croisy<br\/>27120 Fontaine-Sous-Jouy, Frankreich<br\/>SIRET: 94495407200012<br\/>REP ASL: FR428284_13ESUD<\/p>\n","protected":false},"excerpt":{"rendered":"<p>1. Rechtlicher Hinweis Die Website ist das ausschlie\u00dfliche Eigentum von BKEEPER INTERNATIONAL, einschlie\u00dflich aller damit verbundenen Rechte. Jegliche Vervielf\u00e4ltigung, ganz oder teilweise, ist ohne die vorherige schriftliche Zustimmung von BKEEPER INTERNATIONAL strengstens untersagt. 2. Annahme der Allgemeinen Gesch\u00e4ftsbedingungen Mit der Aufgabe einer Bestellung best\u00e4tigt der Kunde, dass er die vorliegenden Allgemeinen Gesch\u00e4ftsbedingungen (\u201eBedingungen\u201c) gelesen und [&hellip;]<\/p>\n","protected":false},"author":1,"featured_media":0,"parent":0,"menu_order":0,"comment_status":"closed","ping_status":"closed","template":"","meta":{"_acf_changed":false,"footnotes":""},"class_list":["post-71222","page","type-page","status-publish","hentry"],"acf":[],"yoast_head":"<!-- This site is optimized with the Yoast SEO plugin v27.5 - https:\/\/yoast.com\/product\/yoast-seo-wordpress\/ -->\n<title>Verkaufsbedingungen und Konditionen | BKeeper Sport<\/title>\n<meta name=\"robots\" content=\"noindex, follow\" \/>\n<meta property=\"og:locale\" content=\"de_DE\" \/>\n<meta property=\"og:type\" content=\"article\" \/>\n<meta property=\"og:title\" content=\"Verkaufsbedingungen und Konditionen | BKeeper Sport\" \/>\n<meta property=\"og:description\" content=\"1. Rechtlicher Hinweis Die Website ist das ausschlie\u00dfliche Eigentum von BKEEPER INTERNATIONAL, einschlie\u00dflich aller damit verbundenen Rechte. Jegliche Vervielf\u00e4ltigung, ganz oder teilweise, ist ohne die vorherige schriftliche Zustimmung von BKEEPER INTERNATIONAL strengstens untersagt. 2. Annahme der Allgemeinen Gesch\u00e4ftsbedingungen Mit der Aufgabe einer Bestellung best\u00e4tigt der Kunde, dass er die vorliegenden Allgemeinen Gesch\u00e4ftsbedingungen (\u201eBedingungen\u201c) gelesen und [&hellip;]\" \/>\n<meta property=\"og:url\" content=\"https:\/\/www.bkeeper-gloves.com\/de\/internationale-verkaufsbedingungen-und-konditionen\/\" \/>\n<meta property=\"og:site_name\" content=\"BKeeper Sport\" \/>\n<meta property=\"article:publisher\" content=\"https:\/\/www.facebook.com\/BKeeper.Officiel\" \/>\n<meta property=\"article:modified_time\" content=\"2025-06-10T12:26:18+00:00\" \/>\n<meta property=\"og:image\" content=\"https:\/\/www.bkeeper-gloves.com\/wp-content\/uploads\/2025\/03\/BKeeper-logo-social.webp\" \/>\n\t<meta property=\"og:image:width\" content=\"1200\" \/>\n\t<meta property=\"og:image:height\" content=\"675\" \/>\n\t<meta property=\"og:image:type\" content=\"image\/webp\" \/>\n<meta name=\"twitter:card\" content=\"summary_large_image\" \/>\n<meta name=\"twitter:site\" content=\"@BkeeperSport\" \/>\n<meta name=\"twitter:label1\" content=\"Gesch\u00e4tzte Lesezeit\" \/>\n\t<meta name=\"twitter:data1\" content=\"4\u00a0Minute\" \/>\n<script type=\"application\/ld+json\" class=\"yoast-schema-graph\">{\"@context\":\"https:\\\/\\\/schema.org\",\"@graph\":[{\"@type\":\"WebPage\",\"@id\":\"https:\\\/\\\/www.bkeeper-gloves.com\\\/de\\\/internationale-verkaufsbedingungen-und-konditionen\\\/\",\"url\":\"https:\\\/\\\/www.bkeeper-gloves.com\\\/de\\\/internationale-verkaufsbedingungen-und-konditionen\\\/\",\"name\":\"Verkaufsbedingungen und Konditionen | BKeeper Sport\",\"isPartOf\":{\"@id\":\"https:\\\/\\\/www.bkeeper-gloves.com\\\/de\\\/#website\"},\"datePublished\":\"2025-05-22T01:44:08+00:00\",\"dateModified\":\"2025-06-10T12:26:18+00:00\",\"breadcrumb\":{\"@id\":\"https:\\\/\\\/www.bkeeper-gloves.com\\\/de\\\/internationale-verkaufsbedingungen-und-konditionen\\\/#breadcrumb\"},\"inLanguage\":\"de\",\"potentialAction\":[{\"@type\":\"ReadAction\",\"target\":[\"https:\\\/\\\/www.bkeeper-gloves.com\\\/de\\\/internationale-verkaufsbedingungen-und-konditionen\\\/\"]}]},{\"@type\":\"BreadcrumbList\",\"@id\":\"https:\\\/\\\/www.bkeeper-gloves.com\\\/de\\\/internationale-verkaufsbedingungen-und-konditionen\\\/#breadcrumb\",\"itemListElement\":[{\"@type\":\"ListItem\",\"position\":1,\"name\":\"Startseite\",\"item\":\"https:\\\/\\\/www.bkeeper-gloves.com\\\/de\\\/homepage-v2\\\/\"},{\"@type\":\"ListItem\",\"position\":2,\"name\":\"Verkaufsbedingungen und Konditionen\"}]},{\"@type\":\"WebSite\",\"@id\":\"https:\\\/\\\/www.bkeeper-gloves.com\\\/de\\\/#website\",\"url\":\"https:\\\/\\\/www.bkeeper-gloves.com\\\/de\\\/\",\"name\":\"BKeeper Gloves\",\"description\":\"Get the Grip\",\"publisher\":{\"@id\":\"https:\\\/\\\/www.bkeeper-gloves.com\\\/de\\\/#organization\"},\"alternateName\":\"BKeeper\",\"potentialAction\":[{\"@type\":\"SearchAction\",\"target\":{\"@type\":\"EntryPoint\",\"urlTemplate\":\"https:\\\/\\\/www.bkeeper-gloves.com\\\/de\\\/?s={search_term_string}\"},\"query-input\":{\"@type\":\"PropertyValueSpecification\",\"valueRequired\":true,\"valueName\":\"search_term_string\"}}],\"inLanguage\":\"de\"},{\"@type\":\"Organization\",\"@id\":\"https:\\\/\\\/www.bkeeper-gloves.com\\\/de\\\/#organization\",\"name\":\"BKeeper International\",\"url\":\"https:\\\/\\\/www.bkeeper-gloves.com\\\/de\\\/\",\"logo\":{\"@type\":\"ImageObject\",\"inLanguage\":\"de\",\"@id\":\"https:\\\/\\\/www.bkeeper-gloves.com\\\/de\\\/#\\\/schema\\\/logo\\\/image\\\/\",\"url\":\"https:\\\/\\\/www.bkeeper-gloves.com\\\/wp-content\\\/uploads\\\/2024\\\/10\\\/cropped-BKeeper-Sport-Logo.png\",\"contentUrl\":\"https:\\\/\\\/www.bkeeper-gloves.com\\\/wp-content\\\/uploads\\\/2024\\\/10\\\/cropped-BKeeper-Sport-Logo.png\",\"width\":512,\"height\":512,\"caption\":\"BKeeper International\"},\"image\":{\"@id\":\"https:\\\/\\\/www.bkeeper-gloves.com\\\/de\\\/#\\\/schema\\\/logo\\\/image\\\/\"},\"sameAs\":[\"https:\\\/\\\/www.facebook.com\\\/BKeeper.Officiel\",\"https:\\\/\\\/x.com\\\/BkeeperSport\",\"https:\\\/\\\/www.instagram.com\\\/bkeeper_officiel\",\"https:\\\/\\\/www.linkedin.com\\\/company\\\/69264427\",\"https:\\\/\\\/www.youtube.com\\\/channel\\\/UCITHrNJmuyvVcmWifY3mSMw\"]}]}<\/script>\n<!-- \/ Yoast SEO plugin. -->","yoast_head_json":{"title":"Verkaufsbedingungen und Konditionen | BKeeper Sport","robots":{"index":"noindex","follow":"follow"},"og_locale":"de_DE","og_type":"article","og_title":"Verkaufsbedingungen und Konditionen | BKeeper Sport","og_description":"1. Rechtlicher Hinweis Die Website ist das ausschlie\u00dfliche Eigentum von BKEEPER INTERNATIONAL, einschlie\u00dflich aller damit verbundenen Rechte. Jegliche Vervielf\u00e4ltigung, ganz oder teilweise, ist ohne die vorherige schriftliche Zustimmung von BKEEPER INTERNATIONAL strengstens untersagt. 2. Annahme der Allgemeinen Gesch\u00e4ftsbedingungen Mit der Aufgabe einer Bestellung best\u00e4tigt der Kunde, dass er die vorliegenden Allgemeinen Gesch\u00e4ftsbedingungen (\u201eBedingungen\u201c) gelesen und [&hellip;]","og_url":"https:\/\/www.bkeeper-gloves.com\/de\/internationale-verkaufsbedingungen-und-konditionen\/","og_site_name":"BKeeper Sport","article_publisher":"https:\/\/www.facebook.com\/BKeeper.Officiel","article_modified_time":"2025-06-10T12:26:18+00:00","og_image":[{"width":1200,"height":675,"url":"https:\/\/www.bkeeper-gloves.com\/wp-content\/uploads\/2025\/03\/BKeeper-logo-social.webp","type":"image\/webp"}],"twitter_card":"summary_large_image","twitter_site":"@BkeeperSport","twitter_misc":{"Gesch\u00e4tzte Lesezeit":"4\u00a0Minute"},"schema":{"@context":"https:\/\/schema.org","@graph":[{"@type":"WebPage","@id":"https:\/\/www.bkeeper-gloves.com\/de\/internationale-verkaufsbedingungen-und-konditionen\/","url":"https:\/\/www.bkeeper-gloves.com\/de\/internationale-verkaufsbedingungen-und-konditionen\/","name":"Verkaufsbedingungen und Konditionen | BKeeper Sport","isPartOf":{"@id":"https:\/\/www.bkeeper-gloves.com\/de\/#website"},"datePublished":"2025-05-22T01:44:08+00:00","dateModified":"2025-06-10T12:26:18+00:00","breadcrumb":{"@id":"https:\/\/www.bkeeper-gloves.com\/de\/internationale-verkaufsbedingungen-und-konditionen\/#breadcrumb"},"inLanguage":"de","potentialAction":[{"@type":"ReadAction","target":["https:\/\/www.bkeeper-gloves.com\/de\/internationale-verkaufsbedingungen-und-konditionen\/"]}]},{"@type":"BreadcrumbList","@id":"https:\/\/www.bkeeper-gloves.com\/de\/internationale-verkaufsbedingungen-und-konditionen\/#breadcrumb","itemListElement":[{"@type":"ListItem","position":1,"name":"Startseite","item":"https:\/\/www.bkeeper-gloves.com\/de\/homepage-v2\/"},{"@type":"ListItem","position":2,"name":"Verkaufsbedingungen und Konditionen"}]},{"@type":"WebSite","@id":"https:\/\/www.bkeeper-gloves.com\/de\/#website","url":"https:\/\/www.bkeeper-gloves.com\/de\/","name":"BKeeper Gloves","description":"Get the Grip","publisher":{"@id":"https:\/\/www.bkeeper-gloves.com\/de\/#organization"},"alternateName":"BKeeper","potentialAction":[{"@type":"SearchAction","target":{"@type":"EntryPoint","urlTemplate":"https:\/\/www.bkeeper-gloves.com\/de\/?s={search_term_string}"},"query-input":{"@type":"PropertyValueSpecification","valueRequired":true,"valueName":"search_term_string"}}],"inLanguage":"de"},{"@type":"Organization","@id":"https:\/\/www.bkeeper-gloves.com\/de\/#organization","name":"BKeeper International","url":"https:\/\/www.bkeeper-gloves.com\/de\/","logo":{"@type":"ImageObject","inLanguage":"de","@id":"https:\/\/www.bkeeper-gloves.com\/de\/#\/schema\/logo\/image\/","url":"https:\/\/www.bkeeper-gloves.com\/wp-content\/uploads\/2024\/10\/cropped-BKeeper-Sport-Logo.png","contentUrl":"https:\/\/www.bkeeper-gloves.com\/wp-content\/uploads\/2024\/10\/cropped-BKeeper-Sport-Logo.png","width":512,"height":512,"caption":"BKeeper International"},"image":{"@id":"https:\/\/www.bkeeper-gloves.com\/de\/#\/schema\/logo\/image\/"},"sameAs":["https:\/\/www.facebook.com\/BKeeper.Officiel","https:\/\/x.com\/BkeeperSport","https:\/\/www.instagram.com\/bkeeper_officiel","https:\/\/www.linkedin.com\/company\/69264427","https:\/\/www.youtube.com\/channel\/UCITHrNJmuyvVcmWifY3mSMw"]}]}},"_links":{"self":[{"href":"https:\/\/www.bkeeper-gloves.com\/de\/wp-json\/wp\/v2\/pages\/71222","targetHints":{"allow":["GET"]}}],"collection":[{"href":"https:\/\/www.bkeeper-gloves.com\/de\/wp-json\/wp\/v2\/pages"}],"about":[{"href":"https:\/\/www.bkeeper-gloves.com\/de\/wp-json\/wp\/v2\/types\/page"}],"author":[{"embeddable":true,"href":"https:\/\/www.bkeeper-gloves.com\/de\/wp-json\/wp\/v2\/users\/1"}],"replies":[{"embeddable":true,"href":"https:\/\/www.bkeeper-gloves.com\/de\/wp-json\/wp\/v2\/comments?post=71222"}],"version-history":[{"count":0,"href":"https:\/\/www.bkeeper-gloves.com\/de\/wp-json\/wp\/v2\/pages\/71222\/revisions"}],"wp:attachment":[{"href":"https:\/\/www.bkeeper-gloves.com\/de\/wp-json\/wp\/v2\/media?parent=71222"}],"curies":[{"name":"wp","href":"https:\/\/api.w.org\/{rel}","templated":true}]}}