{"id":62362,"date":"2025-02-18T13:43:19","date_gmt":"2025-02-18T12:43:19","guid":{"rendered":"https:\/\/www.bkeeper-gloves.com\/product\/blaues-kapuzensweatshirt\/"},"modified":"2025-12-15T17:06:46","modified_gmt":"2025-12-15T16:06:46","slug":"blaues-kapuzensweatshirt","status":"publish","type":"product","link":"https:\/\/www.bkeeper-gloves.com\/de\/produkt\/blaues-kapuzensweatshirt\/","title":{"rendered":"Blaues Kapuzensweatshirt"},"content":{"rendered":"<p>80% Baumwolle \/ 20% Polyester<\/p>\n<p>280g\/m\u00b2<\/p>\n<p>Gef\u00fctterte Kapuze, K\u00e4ngurutasche, doppelte N\u00e4hte.<\/p>\n","protected":false},"excerpt":{"rendered":"<p>Statten Sie sich mit den Farben des Teams BKeeper aus! Dieses blaue Sweatshirt ist warm und komfortabel! Sobald Sie es tragen, wird es Ihnen schwerfallen, es wieder abzulegen!  <\/p>\n","protected":false},"featured_media":62363,"template":"","meta":{"_acf_changed":false},"product_brand":[],"product_cat":[1503],"product_tag":[1482],"class_list":{"0":"post-62362","1":"product","2":"type-product","3":"status-publish","4":"has-post-thumbnail","6":"product_cat-kapuzenpullover","7":"product_tag-gant_gardien-de","9":"first","10":"instock","11":"taxable","12":"shipping-taxable","13":"purchasable","14":"product-type-variable"},"exclude_global_add_ons":[],"addons":[],"acf":[],"yoast_head":"<!-- This site is optimized with the Yoast SEO plugin v27.5 - https:\/\/yoast.com\/product\/yoast-seo-wordpress\/ -->\n<title>Blaues Kapuzensweatshirt | BKeeper Sport<\/title>\n<meta name=\"robots\" content=\"index, follow, max-snippet:-1, max-image-preview:large, max-video-preview:-1\" \/>\n<link rel=\"canonical\" href=\"https:\/\/www.bkeeper-gloves.com\/de\/produkt\/blaues-kapuzensweatshirt\/\" \/>\n<meta property=\"og:locale\" content=\"de_DE\" \/>\n<meta property=\"og:type\" content=\"article\" \/>\n<meta property=\"og:title\" content=\"Blaues Kapuzensweatshirt | BKeeper Sport\" \/>\n<meta property=\"og:description\" content=\"Statten Sie sich mit den Farben des Teams BKeeper aus! Dieses blaue Sweatshirt ist warm und komfortabel! Sobald Sie es tragen, wird es Ihnen schwerfallen, es wieder abzulegen!\" \/>\n<meta property=\"og:url\" content=\"https:\/\/www.bkeeper-gloves.com\/de\/produkt\/blaues-kapuzensweatshirt\/\" \/>\n<meta property=\"og:site_name\" content=\"BKeeper Sport\" \/>\n<meta property=\"article:publisher\" content=\"https:\/\/www.facebook.com\/BKeeper.Officiel\" \/>\n<meta property=\"article:modified_time\" content=\"2025-12-15T16:06:46+00:00\" \/>\n<meta property=\"og:image\" content=\"https:\/\/www.bkeeper-gloves.com\/wp-content\/uploads\/2025\/02\/sweat-bkeeper-2024-Bleu.webp\" \/>\n\t<meta property=\"og:image:width\" content=\"1080\" \/>\n\t<meta property=\"og:image:height\" content=\"1080\" \/>\n\t<meta property=\"og:image:type\" content=\"image\/webp\" \/>\n<meta name=\"twitter:card\" content=\"summary_large_image\" \/>\n<meta name=\"twitter:site\" content=\"@BkeeperSport\" \/>\n<script type=\"application\/ld+json\" class=\"yoast-schema-graph\">{\"@context\":\"https:\\\/\\\/schema.org\",\"@graph\":[{\"@type\":\"WebPage\",\"@id\":\"https:\\\/\\\/www.bkeeper-gloves.com\\\/de\\\/produkt\\\/blaues-kapuzensweatshirt\\\/\",\"url\":\"https:\\\/\\\/www.bkeeper-gloves.com\\\/de\\\/produkt\\\/blaues-kapuzensweatshirt\\\/\",\"name\":\"Blaues Kapuzensweatshirt | BKeeper Sport\",\"isPartOf\":{\"@id\":\"https:\\\/\\\/www.bkeeper-gloves.com\\\/de\\\/#website\"},\"primaryImageOfPage\":{\"@id\":\"https:\\\/\\\/www.bkeeper-gloves.com\\\/de\\\/produkt\\\/blaues-kapuzensweatshirt\\\/#primaryimage\"},\"image\":{\"@id\":\"https:\\\/\\\/www.bkeeper-gloves.com\\\/de\\\/produkt\\\/blaues-kapuzensweatshirt\\\/#primaryimage\"},\"thumbnailUrl\":\"https:\\\/\\\/www.bkeeper-gloves.com\\\/wp-content\\\/uploads\\\/2025\\\/02\\\/sweat-bkeeper-2024-Bleu.webp\",\"datePublished\":\"2025-02-18T12:43:19+00:00\",\"dateModified\":\"2025-12-15T16:06:46+00:00\",\"breadcrumb\":{\"@id\":\"https:\\\/\\\/www.bkeeper-gloves.com\\\/de\\\/produkt\\\/blaues-kapuzensweatshirt\\\/#breadcrumb\"},\"inLanguage\":\"de\",\"potentialAction\":[{\"@type\":\"ReadAction\",\"target\":[\"https:\\\/\\\/www.bkeeper-gloves.com\\\/de\\\/produkt\\\/blaues-kapuzensweatshirt\\\/\"]}]},{\"@type\":\"ImageObject\",\"inLanguage\":\"de\",\"@id\":\"https:\\\/\\\/www.bkeeper-gloves.com\\\/de\\\/produkt\\\/blaues-kapuzensweatshirt\\\/#primaryimage\",\"url\":\"https:\\\/\\\/www.bkeeper-gloves.com\\\/wp-content\\\/uploads\\\/2025\\\/02\\\/sweat-bkeeper-2024-Bleu.webp\",\"contentUrl\":\"https:\\\/\\\/www.bkeeper-gloves.com\\\/wp-content\\\/uploads\\\/2025\\\/02\\\/sweat-bkeeper-2024-Bleu.webp\",\"width\":1080,\"height\":1080},{\"@type\":\"BreadcrumbList\",\"@id\":\"https:\\\/\\\/www.bkeeper-gloves.com\\\/de\\\/produkt\\\/blaues-kapuzensweatshirt\\\/#breadcrumb\",\"itemListElement\":[{\"@type\":\"ListItem\",\"position\":1,\"name\":\"Startseite\",\"item\":\"https:\\\/\\\/www.bkeeper-gloves.com\\\/de\\\/homepage-v2\\\/\"},{\"@type\":\"ListItem\",\"position\":2,\"name\":\"Torwart-Shop\",\"item\":\"https:\\\/\\\/www.bkeeper-gloves.com\\\/de\\\/torwart-shop\\\/\"},{\"@type\":\"ListItem\",\"position\":3,\"name\":\"Blaues Kapuzensweatshirt\"}]},{\"@type\":\"WebSite\",\"@id\":\"https:\\\/\\\/www.bkeeper-gloves.com\\\/de\\\/#website\",\"url\":\"https:\\\/\\\/www.bkeeper-gloves.com\\\/de\\\/\",\"name\":\"BKeeper Gloves\",\"description\":\"Get the Grip\",\"publisher\":{\"@id\":\"https:\\\/\\\/www.bkeeper-gloves.com\\\/de\\\/#organization\"},\"alternateName\":\"BKeeper\",\"potentialAction\":[{\"@type\":\"SearchAction\",\"target\":{\"@type\":\"EntryPoint\",\"urlTemplate\":\"https:\\\/\\\/www.bkeeper-gloves.com\\\/de\\\/?s={search_term_string}\"},\"query-input\":{\"@type\":\"PropertyValueSpecification\",\"valueRequired\":true,\"valueName\":\"search_term_string\"}}],\"inLanguage\":\"de\"},{\"@type\":\"Organization\",\"@id\":\"https:\\\/\\\/www.bkeeper-gloves.com\\\/de\\\/#organization\",\"name\":\"BKeeper International\",\"url\":\"https:\\\/\\\/www.bkeeper-gloves.com\\\/de\\\/\",\"logo\":{\"@type\":\"ImageObject\",\"inLanguage\":\"de\",\"@id\":\"https:\\\/\\\/www.bkeeper-gloves.com\\\/de\\\/#\\\/schema\\\/logo\\\/image\\\/\",\"url\":\"https:\\\/\\\/www.bkeeper-gloves.com\\\/wp-content\\\/uploads\\\/2024\\\/10\\\/cropped-BKeeper-Sport-Logo.png\",\"contentUrl\":\"https:\\\/\\\/www.bkeeper-gloves.com\\\/wp-content\\\/uploads\\\/2024\\\/10\\\/cropped-BKeeper-Sport-Logo.png\",\"width\":512,\"height\":512,\"caption\":\"BKeeper International\"},\"image\":{\"@id\":\"https:\\\/\\\/www.bkeeper-gloves.com\\\/de\\\/#\\\/schema\\\/logo\\\/image\\\/\"},\"sameAs\":[\"https:\\\/\\\/www.facebook.com\\\/BKeeper.Officiel\",\"https:\\\/\\\/x.com\\\/BkeeperSport\",\"https:\\\/\\\/www.instagram.com\\\/bkeeper_officiel\",\"https:\\\/\\\/www.linkedin.com\\\/company\\\/69264427\",\"https:\\\/\\\/www.youtube.com\\\/channel\\\/UCITHrNJmuyvVcmWifY3mSMw\"]}]}<\/script>\n<!-- \/ Yoast SEO plugin. -->","yoast_head_json":{"title":"Blaues Kapuzensweatshirt | BKeeper Sport","robots":{"index":"index","follow":"follow","max-snippet":"max-snippet:-1","max-image-preview":"max-image-preview:large","max-video-preview":"max-video-preview:-1"},"canonical":"https:\/\/www.bkeeper-gloves.com\/de\/produkt\/blaues-kapuzensweatshirt\/","og_locale":"de_DE","og_type":"article","og_title":"Blaues Kapuzensweatshirt | BKeeper Sport","og_description":"Statten Sie sich mit den Farben des Teams BKeeper aus! Dieses blaue Sweatshirt ist warm und komfortabel! Sobald Sie es tragen, wird es Ihnen schwerfallen, es wieder abzulegen!","og_url":"https:\/\/www.bkeeper-gloves.com\/de\/produkt\/blaues-kapuzensweatshirt\/","og_site_name":"BKeeper Sport","article_publisher":"https:\/\/www.facebook.com\/BKeeper.Officiel","article_modified_time":"2025-12-15T16:06:46+00:00","og_image":[{"width":1080,"height":1080,"url":"https:\/\/www.bkeeper-gloves.com\/wp-content\/uploads\/2025\/02\/sweat-bkeeper-2024-Bleu.webp","type":"image\/webp"}],"twitter_card":"summary_large_image","twitter_site":"@BkeeperSport","schema":{"@context":"https:\/\/schema.org","@graph":[{"@type":"WebPage","@id":"https:\/\/www.bkeeper-gloves.com\/de\/produkt\/blaues-kapuzensweatshirt\/","url":"https:\/\/www.bkeeper-gloves.com\/de\/produkt\/blaues-kapuzensweatshirt\/","name":"Blaues Kapuzensweatshirt | BKeeper Sport","isPartOf":{"@id":"https:\/\/www.bkeeper-gloves.com\/de\/#website"},"primaryImageOfPage":{"@id":"https:\/\/www.bkeeper-gloves.com\/de\/produkt\/blaues-kapuzensweatshirt\/#primaryimage"},"image":{"@id":"https:\/\/www.bkeeper-gloves.com\/de\/produkt\/blaues-kapuzensweatshirt\/#primaryimage"},"thumbnailUrl":"https:\/\/www.bkeeper-gloves.com\/wp-content\/uploads\/2025\/02\/sweat-bkeeper-2024-Bleu.webp","datePublished":"2025-02-18T12:43:19+00:00","dateModified":"2025-12-15T16:06:46+00:00","breadcrumb":{"@id":"https:\/\/www.bkeeper-gloves.com\/de\/produkt\/blaues-kapuzensweatshirt\/#breadcrumb"},"inLanguage":"de","potentialAction":[{"@type":"ReadAction","target":["https:\/\/www.bkeeper-gloves.com\/de\/produkt\/blaues-kapuzensweatshirt\/"]}]},{"@type":"ImageObject","inLanguage":"de","@id":"https:\/\/www.bkeeper-gloves.com\/de\/produkt\/blaues-kapuzensweatshirt\/#primaryimage","url":"https:\/\/www.bkeeper-gloves.com\/wp-content\/uploads\/2025\/02\/sweat-bkeeper-2024-Bleu.webp","contentUrl":"https:\/\/www.bkeeper-gloves.com\/wp-content\/uploads\/2025\/02\/sweat-bkeeper-2024-Bleu.webp","width":1080,"height":1080},{"@type":"BreadcrumbList","@id":"https:\/\/www.bkeeper-gloves.com\/de\/produkt\/blaues-kapuzensweatshirt\/#breadcrumb","itemListElement":[{"@type":"ListItem","position":1,"name":"Startseite","item":"https:\/\/www.bkeeper-gloves.com\/de\/homepage-v2\/"},{"@type":"ListItem","position":2,"name":"Torwart-Shop","item":"https:\/\/www.bkeeper-gloves.com\/de\/torwart-shop\/"},{"@type":"ListItem","position":3,"name":"Blaues Kapuzensweatshirt"}]},{"@type":"WebSite","@id":"https:\/\/www.bkeeper-gloves.com\/de\/#website","url":"https:\/\/www.bkeeper-gloves.com\/de\/","name":"BKeeper Gloves","description":"Get the Grip","publisher":{"@id":"https:\/\/www.bkeeper-gloves.com\/de\/#organization"},"alternateName":"BKeeper","potentialAction":[{"@type":"SearchAction","target":{"@type":"EntryPoint","urlTemplate":"https:\/\/www.bkeeper-gloves.com\/de\/?s={search_term_string}"},"query-input":{"@type":"PropertyValueSpecification","valueRequired":true,"valueName":"search_term_string"}}],"inLanguage":"de"},{"@type":"Organization","@id":"https:\/\/www.bkeeper-gloves.com\/de\/#organization","name":"BKeeper International","url":"https:\/\/www.bkeeper-gloves.com\/de\/","logo":{"@type":"ImageObject","inLanguage":"de","@id":"https:\/\/www.bkeeper-gloves.com\/de\/#\/schema\/logo\/image\/","url":"https:\/\/www.bkeeper-gloves.com\/wp-content\/uploads\/2024\/10\/cropped-BKeeper-Sport-Logo.png","contentUrl":"https:\/\/www.bkeeper-gloves.com\/wp-content\/uploads\/2024\/10\/cropped-BKeeper-Sport-Logo.png","width":512,"height":512,"caption":"BKeeper International"},"image":{"@id":"https:\/\/www.bkeeper-gloves.com\/de\/#\/schema\/logo\/image\/"},"sameAs":["https:\/\/www.facebook.com\/BKeeper.Officiel","https:\/\/x.com\/BkeeperSport","https:\/\/www.instagram.com\/bkeeper_officiel","https:\/\/www.linkedin.com\/company\/69264427","https:\/\/www.youtube.com\/channel\/UCITHrNJmuyvVcmWifY3mSMw"]}]}},"_links":{"self":[{"href":"https:\/\/www.bkeeper-gloves.com\/de\/wp-json\/wp\/v2\/product\/62362","targetHints":{"allow":["GET"]}}],"collection":[{"href":"https:\/\/www.bkeeper-gloves.com\/de\/wp-json\/wp\/v2\/product"}],"about":[{"href":"https:\/\/www.bkeeper-gloves.com\/de\/wp-json\/wp\/v2\/types\/product"}],"version-history":[{"count":1,"href":"https:\/\/www.bkeeper-gloves.com\/de\/wp-json\/wp\/v2\/product\/62362\/revisions"}],"predecessor-version":[{"id":87847,"href":"https:\/\/www.bkeeper-gloves.com\/de\/wp-json\/wp\/v2\/product\/62362\/revisions\/87847"}],"wp:featuredmedia":[{"embeddable":true,"href":"https:\/\/www.bkeeper-gloves.com\/de\/wp-json\/wp\/v2\/media\/62363"}],"wp:attachment":[{"href":"https:\/\/www.bkeeper-gloves.com\/de\/wp-json\/wp\/v2\/media?parent=62362"}],"wp:term":[{"taxonomy":"product_brand","embeddable":true,"href":"https:\/\/www.bkeeper-gloves.com\/de\/wp-json\/wp\/v2\/product_brand?post=62362"},{"taxonomy":"product_cat","embeddable":true,"href":"https:\/\/www.bkeeper-gloves.com\/de\/wp-json\/wp\/v2\/product_cat?post=62362"},{"taxonomy":"product_tag","embeddable":true,"href":"https:\/\/www.bkeeper-gloves.com\/de\/wp-json\/wp\/v2\/product_tag?post=62362"}],"curies":[{"name":"wp","href":"https:\/\/api.w.org\/{rel}","templated":true}]}}