{"id":62388,"date":"2025-02-18T13:32:05","date_gmt":"2025-02-18T12:32:05","guid":{"rendered":"https:\/\/www.bkeeper-gloves.com\/product\/weisses-t-shirt\/"},"modified":"2025-06-19T14:32:22","modified_gmt":"2025-06-19T12:32:22","slug":"weisses-t-shirt","status":"publish","type":"product","link":"https:\/\/www.bkeeper-gloves.com\/de\/produkt\/weisses-t-shirt\/","title":{"rendered":"Wei\u00dfes T-Shirt"},"content":{"rendered":"<p>100% Baumwolle<\/p>\n<p>185 g\/m\u00b2<\/p>\n","protected":false},"excerpt":{"rendered":"<p>Statten Sie sich mit den Farben des BKeeper-Teams aus! Kurz\u00e4rmeliges wei\u00dfes T-Shirt aus 100% Baumwolle. <\/p>\n","protected":false},"featured_media":62390,"template":"","meta":{"_acf_changed":false},"product_brand":[],"product_cat":[1512],"product_tag":[1482],"class_list":{"0":"post-62388","1":"product","2":"type-product","3":"status-publish","4":"has-post-thumbnail","6":"product_cat-t-shirt-de","7":"product_tag-gant_gardien-de","9":"first","10":"outofstock","11":"taxable","12":"shipping-taxable","13":"purchasable","14":"product-type-variable"},"exclude_global_add_ons":[],"addons":[],"acf":[],"yoast_head":"<!-- This site is optimized with the Yoast SEO plugin v27.2 - https:\/\/yoast.com\/product\/yoast-seo-wordpress\/ -->\n<title>Wei\u00dfes T-Shirt | BKeeper Sport<\/title>\n<meta name=\"robots\" content=\"index, follow, max-snippet:-1, max-image-preview:large, max-video-preview:-1\" \/>\n<link rel=\"canonical\" href=\"https:\/\/www.bkeeper-gloves.com\/de\/produkt\/weisses-t-shirt\/\" \/>\n<meta property=\"og:locale\" content=\"de_DE\" \/>\n<meta property=\"og:type\" content=\"article\" \/>\n<meta property=\"og:title\" content=\"Wei\u00dfes T-Shirt | BKeeper Sport\" \/>\n<meta property=\"og:description\" content=\"Statten Sie sich mit den Farben des BKeeper-Teams aus! Kurz\u00e4rmeliges wei\u00dfes T-Shirt aus 100% Baumwolle.\" \/>\n<meta property=\"og:url\" content=\"https:\/\/www.bkeeper-gloves.com\/de\/produkt\/weisses-t-shirt\/\" \/>\n<meta property=\"og:site_name\" content=\"BKeeper Sport\" \/>\n<meta property=\"article:publisher\" content=\"https:\/\/www.facebook.com\/BKeeper.Officiel\" \/>\n<meta property=\"article:modified_time\" content=\"2025-06-19T12:32:22+00:00\" \/>\n<meta property=\"og:image\" content=\"https:\/\/www.bkeeper-gloves.com\/wp-content\/uploads\/2025\/02\/t-shirt-blanc-bkeeper.webp\" \/>\n\t<meta property=\"og:image:width\" content=\"1080\" \/>\n\t<meta property=\"og:image:height\" content=\"1080\" \/>\n\t<meta property=\"og:image:type\" content=\"image\/webp\" \/>\n<meta name=\"twitter:card\" content=\"summary_large_image\" \/>\n<meta name=\"twitter:site\" content=\"@BkeeperSport\" \/>\n<script type=\"application\/ld+json\" class=\"yoast-schema-graph\">{\"@context\":\"https:\/\/schema.org\",\"@graph\":[{\"@type\":\"WebPage\",\"@id\":\"https:\/\/www.bkeeper-gloves.com\/de\/produkt\/weisses-t-shirt\/\",\"url\":\"https:\/\/www.bkeeper-gloves.com\/de\/produkt\/weisses-t-shirt\/\",\"name\":\"Wei\u00dfes T-Shirt | BKeeper Sport\",\"isPartOf\":{\"@id\":\"https:\/\/www.bkeeper-gloves.com\/de\/#website\"},\"primaryImageOfPage\":{\"@id\":\"https:\/\/www.bkeeper-gloves.com\/de\/produkt\/weisses-t-shirt\/#primaryimage\"},\"image\":{\"@id\":\"https:\/\/www.bkeeper-gloves.com\/de\/produkt\/weisses-t-shirt\/#primaryimage\"},\"thumbnailUrl\":\"https:\/\/www.bkeeper-gloves.com\/wp-content\/uploads\/2025\/02\/t-shirt-blanc-bkeeper.webp\",\"datePublished\":\"2025-02-18T12:32:05+00:00\",\"dateModified\":\"2025-06-19T12:32:22+00:00\",\"breadcrumb\":{\"@id\":\"https:\/\/www.bkeeper-gloves.com\/de\/produkt\/weisses-t-shirt\/#breadcrumb\"},\"inLanguage\":\"de\",\"potentialAction\":[{\"@type\":\"ReadAction\",\"target\":[\"https:\/\/www.bkeeper-gloves.com\/de\/produkt\/weisses-t-shirt\/\"]}]},{\"@type\":\"ImageObject\",\"inLanguage\":\"de\",\"@id\":\"https:\/\/www.bkeeper-gloves.com\/de\/produkt\/weisses-t-shirt\/#primaryimage\",\"url\":\"https:\/\/www.bkeeper-gloves.com\/wp-content\/uploads\/2025\/02\/t-shirt-blanc-bkeeper.webp\",\"contentUrl\":\"https:\/\/www.bkeeper-gloves.com\/wp-content\/uploads\/2025\/02\/t-shirt-blanc-bkeeper.webp\",\"width\":1080,\"height\":1080},{\"@type\":\"BreadcrumbList\",\"@id\":\"https:\/\/www.bkeeper-gloves.com\/de\/produkt\/weisses-t-shirt\/#breadcrumb\",\"itemListElement\":[{\"@type\":\"ListItem\",\"position\":1,\"name\":\"Startseite\",\"item\":\"https:\/\/www.bkeeper-gloves.com\/de\/homepage-v2\/\"},{\"@type\":\"ListItem\",\"position\":2,\"name\":\"Torwart-Shop\",\"item\":\"https:\/\/www.bkeeper-gloves.com\/de\/torwart-shop\/\"},{\"@type\":\"ListItem\",\"position\":3,\"name\":\"Wei\u00dfes T-Shirt\"}]},{\"@type\":\"WebSite\",\"@id\":\"https:\/\/www.bkeeper-gloves.com\/de\/#website\",\"url\":\"https:\/\/www.bkeeper-gloves.com\/de\/\",\"name\":\"BKeeper Gloves\",\"description\":\"Get the Grip\",\"publisher\":{\"@id\":\"https:\/\/www.bkeeper-gloves.com\/de\/#organization\"},\"alternateName\":\"BKeeper\",\"potentialAction\":[{\"@type\":\"SearchAction\",\"target\":{\"@type\":\"EntryPoint\",\"urlTemplate\":\"https:\/\/www.bkeeper-gloves.com\/de\/?s={search_term_string}\"},\"query-input\":{\"@type\":\"PropertyValueSpecification\",\"valueRequired\":true,\"valueName\":\"search_term_string\"}}],\"inLanguage\":\"de\"},{\"@type\":\"Organization\",\"@id\":\"https:\/\/www.bkeeper-gloves.com\/de\/#organization\",\"name\":\"BKeeper International\",\"url\":\"https:\/\/www.bkeeper-gloves.com\/de\/\",\"logo\":{\"@type\":\"ImageObject\",\"inLanguage\":\"de\",\"@id\":\"https:\/\/www.bkeeper-gloves.com\/de\/#\/schema\/logo\/image\/\",\"url\":\"https:\/\/www.bkeeper-gloves.com\/wp-content\/uploads\/2024\/10\/cropped-BKeeper-Sport-Logo.png\",\"contentUrl\":\"https:\/\/www.bkeeper-gloves.com\/wp-content\/uploads\/2024\/10\/cropped-BKeeper-Sport-Logo.png\",\"width\":512,\"height\":512,\"caption\":\"BKeeper International\"},\"image\":{\"@id\":\"https:\/\/www.bkeeper-gloves.com\/de\/#\/schema\/logo\/image\/\"},\"sameAs\":[\"https:\/\/www.facebook.com\/BKeeper.Officiel\",\"https:\/\/x.com\/BkeeperSport\",\"https:\/\/www.instagram.com\/bkeeper_officiel\",\"https:\/\/www.linkedin.com\/company\/69264427\",\"https:\/\/www.youtube.com\/channel\/UCITHrNJmuyvVcmWifY3mSMw\"]}]}<\/script>\n<!-- \/ Yoast SEO plugin. -->","yoast_head_json":{"title":"Wei\u00dfes T-Shirt | BKeeper Sport","robots":{"index":"index","follow":"follow","max-snippet":"max-snippet:-1","max-image-preview":"max-image-preview:large","max-video-preview":"max-video-preview:-1"},"canonical":"https:\/\/www.bkeeper-gloves.com\/de\/produkt\/weisses-t-shirt\/","og_locale":"de_DE","og_type":"article","og_title":"Wei\u00dfes T-Shirt | BKeeper Sport","og_description":"Statten Sie sich mit den Farben des BKeeper-Teams aus! Kurz\u00e4rmeliges wei\u00dfes T-Shirt aus 100% Baumwolle.","og_url":"https:\/\/www.bkeeper-gloves.com\/de\/produkt\/weisses-t-shirt\/","og_site_name":"BKeeper Sport","article_publisher":"https:\/\/www.facebook.com\/BKeeper.Officiel","article_modified_time":"2025-06-19T12:32:22+00:00","og_image":[{"width":1080,"height":1080,"url":"https:\/\/www.bkeeper-gloves.com\/wp-content\/uploads\/2025\/02\/t-shirt-blanc-bkeeper.webp","type":"image\/webp"}],"twitter_card":"summary_large_image","twitter_site":"@BkeeperSport","schema":{"@context":"https:\/\/schema.org","@graph":[{"@type":"WebPage","@id":"https:\/\/www.bkeeper-gloves.com\/de\/produkt\/weisses-t-shirt\/","url":"https:\/\/www.bkeeper-gloves.com\/de\/produkt\/weisses-t-shirt\/","name":"Wei\u00dfes T-Shirt | BKeeper Sport","isPartOf":{"@id":"https:\/\/www.bkeeper-gloves.com\/de\/#website"},"primaryImageOfPage":{"@id":"https:\/\/www.bkeeper-gloves.com\/de\/produkt\/weisses-t-shirt\/#primaryimage"},"image":{"@id":"https:\/\/www.bkeeper-gloves.com\/de\/produkt\/weisses-t-shirt\/#primaryimage"},"thumbnailUrl":"https:\/\/www.bkeeper-gloves.com\/wp-content\/uploads\/2025\/02\/t-shirt-blanc-bkeeper.webp","datePublished":"2025-02-18T12:32:05+00:00","dateModified":"2025-06-19T12:32:22+00:00","breadcrumb":{"@id":"https:\/\/www.bkeeper-gloves.com\/de\/produkt\/weisses-t-shirt\/#breadcrumb"},"inLanguage":"de","potentialAction":[{"@type":"ReadAction","target":["https:\/\/www.bkeeper-gloves.com\/de\/produkt\/weisses-t-shirt\/"]}]},{"@type":"ImageObject","inLanguage":"de","@id":"https:\/\/www.bkeeper-gloves.com\/de\/produkt\/weisses-t-shirt\/#primaryimage","url":"https:\/\/www.bkeeper-gloves.com\/wp-content\/uploads\/2025\/02\/t-shirt-blanc-bkeeper.webp","contentUrl":"https:\/\/www.bkeeper-gloves.com\/wp-content\/uploads\/2025\/02\/t-shirt-blanc-bkeeper.webp","width":1080,"height":1080},{"@type":"BreadcrumbList","@id":"https:\/\/www.bkeeper-gloves.com\/de\/produkt\/weisses-t-shirt\/#breadcrumb","itemListElement":[{"@type":"ListItem","position":1,"name":"Startseite","item":"https:\/\/www.bkeeper-gloves.com\/de\/homepage-v2\/"},{"@type":"ListItem","position":2,"name":"Torwart-Shop","item":"https:\/\/www.bkeeper-gloves.com\/de\/torwart-shop\/"},{"@type":"ListItem","position":3,"name":"Wei\u00dfes T-Shirt"}]},{"@type":"WebSite","@id":"https:\/\/www.bkeeper-gloves.com\/de\/#website","url":"https:\/\/www.bkeeper-gloves.com\/de\/","name":"BKeeper Gloves","description":"Get the Grip","publisher":{"@id":"https:\/\/www.bkeeper-gloves.com\/de\/#organization"},"alternateName":"BKeeper","potentialAction":[{"@type":"SearchAction","target":{"@type":"EntryPoint","urlTemplate":"https:\/\/www.bkeeper-gloves.com\/de\/?s={search_term_string}"},"query-input":{"@type":"PropertyValueSpecification","valueRequired":true,"valueName":"search_term_string"}}],"inLanguage":"de"},{"@type":"Organization","@id":"https:\/\/www.bkeeper-gloves.com\/de\/#organization","name":"BKeeper International","url":"https:\/\/www.bkeeper-gloves.com\/de\/","logo":{"@type":"ImageObject","inLanguage":"de","@id":"https:\/\/www.bkeeper-gloves.com\/de\/#\/schema\/logo\/image\/","url":"https:\/\/www.bkeeper-gloves.com\/wp-content\/uploads\/2024\/10\/cropped-BKeeper-Sport-Logo.png","contentUrl":"https:\/\/www.bkeeper-gloves.com\/wp-content\/uploads\/2024\/10\/cropped-BKeeper-Sport-Logo.png","width":512,"height":512,"caption":"BKeeper International"},"image":{"@id":"https:\/\/www.bkeeper-gloves.com\/de\/#\/schema\/logo\/image\/"},"sameAs":["https:\/\/www.facebook.com\/BKeeper.Officiel","https:\/\/x.com\/BkeeperSport","https:\/\/www.instagram.com\/bkeeper_officiel","https:\/\/www.linkedin.com\/company\/69264427","https:\/\/www.youtube.com\/channel\/UCITHrNJmuyvVcmWifY3mSMw"]}]}},"_links":{"self":[{"href":"https:\/\/www.bkeeper-gloves.com\/de\/wp-json\/wp\/v2\/product\/62388","targetHints":{"allow":["GET"]}}],"collection":[{"href":"https:\/\/www.bkeeper-gloves.com\/de\/wp-json\/wp\/v2\/product"}],"about":[{"href":"https:\/\/www.bkeeper-gloves.com\/de\/wp-json\/wp\/v2\/types\/product"}],"version-history":[{"count":0,"href":"https:\/\/www.bkeeper-gloves.com\/de\/wp-json\/wp\/v2\/product\/62388\/revisions"}],"wp:featuredmedia":[{"embeddable":true,"href":"https:\/\/www.bkeeper-gloves.com\/de\/wp-json\/wp\/v2\/media\/62390"}],"wp:attachment":[{"href":"https:\/\/www.bkeeper-gloves.com\/de\/wp-json\/wp\/v2\/media?parent=62388"}],"wp:term":[{"taxonomy":"product_brand","embeddable":true,"href":"https:\/\/www.bkeeper-gloves.com\/de\/wp-json\/wp\/v2\/product_brand?post=62388"},{"taxonomy":"product_cat","embeddable":true,"href":"https:\/\/www.bkeeper-gloves.com\/de\/wp-json\/wp\/v2\/product_cat?post=62388"},{"taxonomy":"product_tag","embeddable":true,"href":"https:\/\/www.bkeeper-gloves.com\/de\/wp-json\/wp\/v2\/product_tag?post=62388"}],"curies":[{"name":"wp","href":"https:\/\/api.w.org\/{rel}","templated":true}]}}