{"id":82708,"date":"2025-07-29T14:34:16","date_gmt":"2025-07-29T12:34:16","guid":{"rendered":"https:\/\/www.bkeeper-gloves.com\/product\/gepolsterte-torwarthose-schwarz\/"},"modified":"2026-05-02T09:21:00","modified_gmt":"2026-05-02T07:21:00","slug":"gepolsterte-torwarthose-schwarz","status":"publish","type":"product","link":"https:\/\/www.bkeeper-gloves.com\/de\/produkt\/gepolsterte-torwarthose-schwarz\/","title":{"rendered":"Gepolsterte Torwarthose &#8211; Schwarz"},"content":{"rendered":"\t\t<div data-elementor-type=\"product-post\" data-elementor-id=\"82708\" class=\"elementor elementor-82708 elementor-81493\" data-elementor-post-type=\"product\">\n\t\t\t\t<div class=\"elementor-element elementor-element-68e5cb6 e-flex e-con-boxed e-con e-parent\" data-id=\"68e5cb6\" data-element_type=\"container\" data-e-type=\"container\">\n\t\t\t\t\t<div class=\"e-con-inner\">\n\t\t\t\t<div class=\"elementor-element elementor-element-9dff3b1 elementor-widget elementor-widget-woocommerce-product-short-description\" data-id=\"9dff3b1\" data-element_type=\"widget\" data-e-type=\"widget\" data-widget_type=\"woocommerce-product-short-description.default\">\n\t\t\t\t<div class=\"elementor-widget-container\">\n\t\t\t\t\t<div class=\"woocommerce-product-details__short-description\">\n\t<h2>Gepolsterte Torwarthosen<\/h2>\n<p>Diese trocken geschnittene Lycra-Torwarthose liegt eng an der Haut an und ist vor allem atmungsaktiv. Sie verf\u00fcgt \u00fcber EVA-Schaumstoffeins\u00e4tze an den H\u00fcften, die St\u00f6\u00dfe bei Spr\u00fcngen absorbieren. <\/p>\n<p>Die verst\u00e4rkten Bereiche befinden sich:<\/p>\n<ul>\n<li>An den H\u00fcften<\/li>\n<li>In den Knien<\/li>\n<\/ul>\n<p><em>Hochdichter EVA-Schaumstoff &#8211; 40% leichter als herk\u00f6mmlicher Schutz.<\/em><\/p>\n<\/div>\n\t\t\t\t<\/div>\n\t\t\t\t<\/div>\n\t\t\t\t\t<\/div>\n\t\t\t\t<\/div>\n\t\t\t\t<\/div>\n\t\t","protected":false},"excerpt":{"rendered":"<h2>Gepolsterte Torwarthosen<\/h2>\n<p>Diese trocken geschnittene Lycra-Torwarthose liegt eng an der Haut an und ist vor allem atmungsaktiv. Sie verf\u00fcgt \u00fcber EVA-Schaumstoffeins\u00e4tze an den H\u00fcften, die St\u00f6\u00dfe bei Spr\u00fcngen absorbieren. <\/p>\n<p>Die verst\u00e4rkten Bereiche befinden sich:<\/p>\n<ul>\n<li>An den H\u00fcften<\/li>\n<li>In den Knien<\/li>\n<\/ul>\n<p><em>Hochdichter EVA-Schaumstoff &#8211; 40% leichter als herk\u00f6mmlicher Schutz.<\/em><\/p>\n","protected":false},"featured_media":81511,"template":"","meta":{"_acf_changed":false},"product_brand":[],"product_cat":[1898],"product_tag":[1754,1482],"class_list":{"0":"post-82708","1":"product","2":"type-product","3":"status-publish","4":"has-post-thumbnail","6":"product_cat-torwarthose","7":"product_tag-fp_gloves-de","8":"product_tag-gant_gardien-de","10":"first","11":"instock","12":"taxable","13":"shipping-taxable","14":"purchasable","15":"product-type-variable"},"exclude_global_add_ons":[],"addons":[],"acf":[],"yoast_head":"<!-- This site is optimized with the Yoast SEO plugin v27.5 - https:\/\/yoast.com\/product\/yoast-seo-wordpress\/ -->\n<title>Gepolsterte Torwarthose - Schwarz | BKeeper Sport<\/title>\n<meta name=\"robots\" content=\"index, follow, max-snippet:-1, max-image-preview:large, max-video-preview:-1\" \/>\n<link rel=\"canonical\" href=\"https:\/\/www.bkeeper-gloves.com\/de\/produkt\/gepolsterte-torwarthose-schwarz\/\" \/>\n<meta property=\"og:locale\" content=\"de_DE\" \/>\n<meta property=\"og:type\" content=\"article\" \/>\n<meta property=\"og:title\" content=\"Gepolsterte Torwarthose - Schwarz | BKeeper Sport\" \/>\n<meta property=\"og:description\" content=\"Gepolsterte Torwarthosen Diese trocken geschnittene Lycra-Torwarthose liegt eng an der Haut an und ist vor allem atmungsaktiv. Sie verf\u00fcgt \u00fcber EVA-Schaumstoffeins\u00e4tze an den H\u00fcften, die St\u00f6\u00dfe bei Spr\u00fcngen absorbieren.  Die verst\u00e4rkten Bereiche befinden sich:  An den H\u00fcften  In den Knien Hochdichter EVA-Schaumstoff - 40% leichter als herk\u00f6mmlicher Schutz.\" \/>\n<meta property=\"og:url\" content=\"https:\/\/www.bkeeper-gloves.com\/de\/produkt\/gepolsterte-torwarthose-schwarz\/\" \/>\n<meta property=\"og:site_name\" content=\"BKeeper Sport\" \/>\n<meta property=\"article:publisher\" content=\"https:\/\/www.facebook.com\/BKeeper.Officiel\" \/>\n<meta property=\"article:modified_time\" content=\"2026-05-02T07:21:00+00:00\" \/>\n<meta property=\"og:image\" content=\"https:\/\/www.bkeeper-gloves.com\/wp-content\/uploads\/2025\/07\/Pantalon-gardien-rembourre-1.webp\" \/>\n\t<meta property=\"og:image:width\" content=\"2000\" \/>\n\t<meta property=\"og:image:height\" content=\"2000\" \/>\n\t<meta property=\"og:image:type\" content=\"image\/webp\" \/>\n<meta name=\"twitter:card\" content=\"summary_large_image\" \/>\n<meta name=\"twitter:site\" content=\"@BkeeperSport\" \/>\n<script type=\"application\/ld+json\" class=\"yoast-schema-graph\">{\"@context\":\"https:\\\/\\\/schema.org\",\"@graph\":[{\"@type\":\"WebPage\",\"@id\":\"https:\\\/\\\/www.bkeeper-gloves.com\\\/de\\\/produkt\\\/gepolsterte-torwarthose-schwarz\\\/\",\"url\":\"https:\\\/\\\/www.bkeeper-gloves.com\\\/de\\\/produkt\\\/gepolsterte-torwarthose-schwarz\\\/\",\"name\":\"Gepolsterte Torwarthose - Schwarz | BKeeper Sport\",\"isPartOf\":{\"@id\":\"https:\\\/\\\/www.bkeeper-gloves.com\\\/de\\\/#website\"},\"primaryImageOfPage\":{\"@id\":\"https:\\\/\\\/www.bkeeper-gloves.com\\\/de\\\/produkt\\\/gepolsterte-torwarthose-schwarz\\\/#primaryimage\"},\"image\":{\"@id\":\"https:\\\/\\\/www.bkeeper-gloves.com\\\/de\\\/produkt\\\/gepolsterte-torwarthose-schwarz\\\/#primaryimage\"},\"thumbnailUrl\":\"https:\\\/\\\/www.bkeeper-gloves.com\\\/wp-content\\\/uploads\\\/2025\\\/07\\\/Pantalon-gardien-rembourre-1.webp\",\"datePublished\":\"2025-07-29T12:34:16+00:00\",\"dateModified\":\"2026-05-02T07:21:00+00:00\",\"breadcrumb\":{\"@id\":\"https:\\\/\\\/www.bkeeper-gloves.com\\\/de\\\/produkt\\\/gepolsterte-torwarthose-schwarz\\\/#breadcrumb\"},\"inLanguage\":\"de\",\"potentialAction\":[{\"@type\":\"ReadAction\",\"target\":[\"https:\\\/\\\/www.bkeeper-gloves.com\\\/de\\\/produkt\\\/gepolsterte-torwarthose-schwarz\\\/\"]}]},{\"@type\":\"ImageObject\",\"inLanguage\":\"de\",\"@id\":\"https:\\\/\\\/www.bkeeper-gloves.com\\\/de\\\/produkt\\\/gepolsterte-torwarthose-schwarz\\\/#primaryimage\",\"url\":\"https:\\\/\\\/www.bkeeper-gloves.com\\\/wp-content\\\/uploads\\\/2025\\\/07\\\/Pantalon-gardien-rembourre-1.webp\",\"contentUrl\":\"https:\\\/\\\/www.bkeeper-gloves.com\\\/wp-content\\\/uploads\\\/2025\\\/07\\\/Pantalon-gardien-rembourre-1.webp\",\"width\":2000,\"height\":2000,\"caption\":\"schwarze Torwarthose\"},{\"@type\":\"BreadcrumbList\",\"@id\":\"https:\\\/\\\/www.bkeeper-gloves.com\\\/de\\\/produkt\\\/gepolsterte-torwarthose-schwarz\\\/#breadcrumb\",\"itemListElement\":[{\"@type\":\"ListItem\",\"position\":1,\"name\":\"Startseite\",\"item\":\"https:\\\/\\\/www.bkeeper-gloves.com\\\/de\\\/homepage-v2\\\/\"},{\"@type\":\"ListItem\",\"position\":2,\"name\":\"Torwart-Shop\",\"item\":\"https:\\\/\\\/www.bkeeper-gloves.com\\\/de\\\/torwart-shop\\\/\"},{\"@type\":\"ListItem\",\"position\":3,\"name\":\"Gepolsterte Torwarthose &#8211; Schwarz\"}]},{\"@type\":\"WebSite\",\"@id\":\"https:\\\/\\\/www.bkeeper-gloves.com\\\/de\\\/#website\",\"url\":\"https:\\\/\\\/www.bkeeper-gloves.com\\\/de\\\/\",\"name\":\"BKeeper Gloves\",\"description\":\"Get the Grip\",\"publisher\":{\"@id\":\"https:\\\/\\\/www.bkeeper-gloves.com\\\/de\\\/#organization\"},\"alternateName\":\"BKeeper\",\"potentialAction\":[{\"@type\":\"SearchAction\",\"target\":{\"@type\":\"EntryPoint\",\"urlTemplate\":\"https:\\\/\\\/www.bkeeper-gloves.com\\\/de\\\/?s={search_term_string}\"},\"query-input\":{\"@type\":\"PropertyValueSpecification\",\"valueRequired\":true,\"valueName\":\"search_term_string\"}}],\"inLanguage\":\"de\"},{\"@type\":\"Organization\",\"@id\":\"https:\\\/\\\/www.bkeeper-gloves.com\\\/de\\\/#organization\",\"name\":\"BKeeper International\",\"url\":\"https:\\\/\\\/www.bkeeper-gloves.com\\\/de\\\/\",\"logo\":{\"@type\":\"ImageObject\",\"inLanguage\":\"de\",\"@id\":\"https:\\\/\\\/www.bkeeper-gloves.com\\\/de\\\/#\\\/schema\\\/logo\\\/image\\\/\",\"url\":\"https:\\\/\\\/www.bkeeper-gloves.com\\\/wp-content\\\/uploads\\\/2024\\\/10\\\/cropped-BKeeper-Sport-Logo.png\",\"contentUrl\":\"https:\\\/\\\/www.bkeeper-gloves.com\\\/wp-content\\\/uploads\\\/2024\\\/10\\\/cropped-BKeeper-Sport-Logo.png\",\"width\":512,\"height\":512,\"caption\":\"BKeeper International\"},\"image\":{\"@id\":\"https:\\\/\\\/www.bkeeper-gloves.com\\\/de\\\/#\\\/schema\\\/logo\\\/image\\\/\"},\"sameAs\":[\"https:\\\/\\\/www.facebook.com\\\/BKeeper.Officiel\",\"https:\\\/\\\/x.com\\\/BkeeperSport\",\"https:\\\/\\\/www.instagram.com\\\/bkeeper_officiel\",\"https:\\\/\\\/www.linkedin.com\\\/company\\\/69264427\",\"https:\\\/\\\/www.youtube.com\\\/channel\\\/UCITHrNJmuyvVcmWifY3mSMw\"]}]}<\/script>\n<!-- \/ Yoast SEO plugin. -->","yoast_head_json":{"title":"Gepolsterte Torwarthose - Schwarz | BKeeper Sport","robots":{"index":"index","follow":"follow","max-snippet":"max-snippet:-1","max-image-preview":"max-image-preview:large","max-video-preview":"max-video-preview:-1"},"canonical":"https:\/\/www.bkeeper-gloves.com\/de\/produkt\/gepolsterte-torwarthose-schwarz\/","og_locale":"de_DE","og_type":"article","og_title":"Gepolsterte Torwarthose - Schwarz | BKeeper Sport","og_description":"Gepolsterte Torwarthosen Diese trocken geschnittene Lycra-Torwarthose liegt eng an der Haut an und ist vor allem atmungsaktiv. Sie verf\u00fcgt \u00fcber EVA-Schaumstoffeins\u00e4tze an den H\u00fcften, die St\u00f6\u00dfe bei Spr\u00fcngen absorbieren.  Die verst\u00e4rkten Bereiche befinden sich:  An den H\u00fcften  In den Knien Hochdichter EVA-Schaumstoff - 40% leichter als herk\u00f6mmlicher Schutz.","og_url":"https:\/\/www.bkeeper-gloves.com\/de\/produkt\/gepolsterte-torwarthose-schwarz\/","og_site_name":"BKeeper Sport","article_publisher":"https:\/\/www.facebook.com\/BKeeper.Officiel","article_modified_time":"2026-05-02T07:21:00+00:00","og_image":[{"width":2000,"height":2000,"url":"https:\/\/www.bkeeper-gloves.com\/wp-content\/uploads\/2025\/07\/Pantalon-gardien-rembourre-1.webp","type":"image\/webp"}],"twitter_card":"summary_large_image","twitter_site":"@BkeeperSport","schema":{"@context":"https:\/\/schema.org","@graph":[{"@type":"WebPage","@id":"https:\/\/www.bkeeper-gloves.com\/de\/produkt\/gepolsterte-torwarthose-schwarz\/","url":"https:\/\/www.bkeeper-gloves.com\/de\/produkt\/gepolsterte-torwarthose-schwarz\/","name":"Gepolsterte Torwarthose - Schwarz | BKeeper Sport","isPartOf":{"@id":"https:\/\/www.bkeeper-gloves.com\/de\/#website"},"primaryImageOfPage":{"@id":"https:\/\/www.bkeeper-gloves.com\/de\/produkt\/gepolsterte-torwarthose-schwarz\/#primaryimage"},"image":{"@id":"https:\/\/www.bkeeper-gloves.com\/de\/produkt\/gepolsterte-torwarthose-schwarz\/#primaryimage"},"thumbnailUrl":"https:\/\/www.bkeeper-gloves.com\/wp-content\/uploads\/2025\/07\/Pantalon-gardien-rembourre-1.webp","datePublished":"2025-07-29T12:34:16+00:00","dateModified":"2026-05-02T07:21:00+00:00","breadcrumb":{"@id":"https:\/\/www.bkeeper-gloves.com\/de\/produkt\/gepolsterte-torwarthose-schwarz\/#breadcrumb"},"inLanguage":"de","potentialAction":[{"@type":"ReadAction","target":["https:\/\/www.bkeeper-gloves.com\/de\/produkt\/gepolsterte-torwarthose-schwarz\/"]}]},{"@type":"ImageObject","inLanguage":"de","@id":"https:\/\/www.bkeeper-gloves.com\/de\/produkt\/gepolsterte-torwarthose-schwarz\/#primaryimage","url":"https:\/\/www.bkeeper-gloves.com\/wp-content\/uploads\/2025\/07\/Pantalon-gardien-rembourre-1.webp","contentUrl":"https:\/\/www.bkeeper-gloves.com\/wp-content\/uploads\/2025\/07\/Pantalon-gardien-rembourre-1.webp","width":2000,"height":2000,"caption":"schwarze Torwarthose"},{"@type":"BreadcrumbList","@id":"https:\/\/www.bkeeper-gloves.com\/de\/produkt\/gepolsterte-torwarthose-schwarz\/#breadcrumb","itemListElement":[{"@type":"ListItem","position":1,"name":"Startseite","item":"https:\/\/www.bkeeper-gloves.com\/de\/homepage-v2\/"},{"@type":"ListItem","position":2,"name":"Torwart-Shop","item":"https:\/\/www.bkeeper-gloves.com\/de\/torwart-shop\/"},{"@type":"ListItem","position":3,"name":"Gepolsterte Torwarthose &#8211; Schwarz"}]},{"@type":"WebSite","@id":"https:\/\/www.bkeeper-gloves.com\/de\/#website","url":"https:\/\/www.bkeeper-gloves.com\/de\/","name":"BKeeper Gloves","description":"Get the Grip","publisher":{"@id":"https:\/\/www.bkeeper-gloves.com\/de\/#organization"},"alternateName":"BKeeper","potentialAction":[{"@type":"SearchAction","target":{"@type":"EntryPoint","urlTemplate":"https:\/\/www.bkeeper-gloves.com\/de\/?s={search_term_string}"},"query-input":{"@type":"PropertyValueSpecification","valueRequired":true,"valueName":"search_term_string"}}],"inLanguage":"de"},{"@type":"Organization","@id":"https:\/\/www.bkeeper-gloves.com\/de\/#organization","name":"BKeeper International","url":"https:\/\/www.bkeeper-gloves.com\/de\/","logo":{"@type":"ImageObject","inLanguage":"de","@id":"https:\/\/www.bkeeper-gloves.com\/de\/#\/schema\/logo\/image\/","url":"https:\/\/www.bkeeper-gloves.com\/wp-content\/uploads\/2024\/10\/cropped-BKeeper-Sport-Logo.png","contentUrl":"https:\/\/www.bkeeper-gloves.com\/wp-content\/uploads\/2024\/10\/cropped-BKeeper-Sport-Logo.png","width":512,"height":512,"caption":"BKeeper International"},"image":{"@id":"https:\/\/www.bkeeper-gloves.com\/de\/#\/schema\/logo\/image\/"},"sameAs":["https:\/\/www.facebook.com\/BKeeper.Officiel","https:\/\/x.com\/BkeeperSport","https:\/\/www.instagram.com\/bkeeper_officiel","https:\/\/www.linkedin.com\/company\/69264427","https:\/\/www.youtube.com\/channel\/UCITHrNJmuyvVcmWifY3mSMw"]}]}},"_links":{"self":[{"href":"https:\/\/www.bkeeper-gloves.com\/de\/wp-json\/wp\/v2\/product\/82708","targetHints":{"allow":["GET"]}}],"collection":[{"href":"https:\/\/www.bkeeper-gloves.com\/de\/wp-json\/wp\/v2\/product"}],"about":[{"href":"https:\/\/www.bkeeper-gloves.com\/de\/wp-json\/wp\/v2\/types\/product"}],"version-history":[{"count":2,"href":"https:\/\/www.bkeeper-gloves.com\/de\/wp-json\/wp\/v2\/product\/82708\/revisions"}],"predecessor-version":[{"id":83005,"href":"https:\/\/www.bkeeper-gloves.com\/de\/wp-json\/wp\/v2\/product\/82708\/revisions\/83005"}],"wp:featuredmedia":[{"embeddable":true,"href":"https:\/\/www.bkeeper-gloves.com\/de\/wp-json\/wp\/v2\/media\/81511"}],"wp:attachment":[{"href":"https:\/\/www.bkeeper-gloves.com\/de\/wp-json\/wp\/v2\/media?parent=82708"}],"wp:term":[{"taxonomy":"product_brand","embeddable":true,"href":"https:\/\/www.bkeeper-gloves.com\/de\/wp-json\/wp\/v2\/product_brand?post=82708"},{"taxonomy":"product_cat","embeddable":true,"href":"https:\/\/www.bkeeper-gloves.com\/de\/wp-json\/wp\/v2\/product_cat?post=82708"},{"taxonomy":"product_tag","embeddable":true,"href":"https:\/\/www.bkeeper-gloves.com\/de\/wp-json\/wp\/v2\/product_tag?post=82708"}],"curies":[{"name":"wp","href":"https:\/\/api.w.org\/{rel}","templated":true}]}}