{"id":82868,"date":"2025-07-29T14:13:35","date_gmt":"2025-07-29T12:13:35","guid":{"rendered":"https:\/\/www.bkeeper-gloves.com\/product\/verstaerktes-torwarttrikot-rot\/"},"modified":"2026-04-11T10:49:17","modified_gmt":"2026-04-11T08:49:17","slug":"verstaerktes-torwarttrikot-rot","status":"publish","type":"product","link":"https:\/\/www.bkeeper-gloves.com\/de\/produkt\/verstaerktes-torwarttrikot-rot\/","title":{"rendered":"Verst\u00e4rktes Torwarttrikot &#8211; Rot"},"content":{"rendered":"\t\t<div data-elementor-type=\"product-post\" data-elementor-id=\"82868\" class=\"elementor elementor-82868 elementor-81423\" data-elementor-post-type=\"product\">\n\t\t\t\t<div class=\"elementor-element elementor-element-700368f e-flex e-con-boxed e-con e-parent\" data-id=\"700368f\" data-element_type=\"container\" data-e-type=\"container\">\n\t\t\t\t\t<div class=\"e-con-inner\">\n\t\t\t\t<div class=\"elementor-element elementor-element-fa761ef elementor-widget elementor-widget-woocommerce-product-short-description\" data-id=\"fa761ef\" data-element_type=\"widget\" data-e-type=\"widget\" data-widget_type=\"woocommerce-product-short-description.default\">\n\t\t\t\t<div class=\"elementor-widget-container\">\n\t\t\t\t\t<div class=\"woocommerce-product-details__short-description\">\n\t<h2>Die Wahl der Champions &#8211; \u00dcbernehmen Sie die Technologie der Profis<\/h2>\n<p>Werden Sie im Tor unaufhaltsam. Dieses revolution\u00e4re Torwarttrikot kombiniert Eleganz mit der modernsten Schutztechnologie auf dem Markt. Getestet und f\u00fcr gut befunden von professionellen Torh\u00fctern, gibt es Ihnen das Selbstvertrauen, Ihre besten Paraden zu machen.  <\/p>\n<h2>EVA-Schutzsystem<\/h2>\n<p>Leistungsstarke EVA-Technologie (15 mm dick)<\/p>\n<ul>\n<li><strong>Schultern<\/strong>: Anatomische 3D-Protektoren, die sich perfekt an Ihre Bewegungen anpassen<\/li>\n<li><strong>Ellenbogen<\/strong>: Gelenkige Verst\u00e4rkungen f\u00fcr optimalen Komfort<\/li>\n<\/ul>\n<p><em>Hochdichter EVA-Schaumstoff &#8211; 40% leichter als herk\u00f6mmliche Protektoren.<\/em><\/p>\n<\/div>\n\t\t\t\t<\/div>\n\t\t\t\t<\/div>\n\t\t\t\t\t<\/div>\n\t\t\t\t<\/div>\n\t\t\t\t<\/div>\n\t\t","protected":false},"excerpt":{"rendered":"<h2>Die Wahl der Champions &#8211; \u00dcbernehmen Sie die Technologie der Profis<\/h2>\n<p>Werden Sie im Tor unaufhaltsam. Dieses revolution\u00e4re Torwarttrikot kombiniert Eleganz mit der modernsten Schutztechnologie auf dem Markt. Getestet und f\u00fcr gut befunden von professionellen Torh\u00fctern, gibt es Ihnen das Selbstvertrauen, Ihre besten Paraden zu machen.  <\/p>\n<h2>EVA-Schutzsystem<\/h2>\n<p>Leistungsstarke EVA-Technologie (15 mm dick)<\/p>\n<ul>\n<li><strong>Schultern<\/strong>: Anatomische 3D-Protektoren, die sich perfekt an Ihre Bewegungen anpassen<\/li>\n<li><strong>Ellenbogen<\/strong>: Gelenkige Verst\u00e4rkungen f\u00fcr optimalen Komfort<\/li>\n<\/ul>\n<p><em>Hochdichter EVA-Schaumstoff &#8211; 40% leichter als herk\u00f6mmliche Protektoren.<\/em><\/p>\n","protected":false},"featured_media":81441,"template":"","meta":{"_acf_changed":false},"product_brand":[],"product_cat":[1893],"product_tag":[1754,1482],"class_list":{"0":"post-82868","1":"product","2":"type-product","3":"status-publish","4":"has-post-thumbnail","6":"product_cat-torwarttrikot","7":"product_tag-fp_gloves-de","8":"product_tag-gant_gardien-de","10":"first","11":"instock","12":"taxable","13":"shipping-taxable","14":"purchasable","15":"product-type-variable"},"exclude_global_add_ons":[],"addons":[],"acf":[],"yoast_head":"<!-- This site is optimized with the Yoast SEO plugin v27.5 - https:\/\/yoast.com\/product\/yoast-seo-wordpress\/ -->\n<title>Verst\u00e4rktes Torwarttrikot - Rot | BKeeper Sport<\/title>\n<meta name=\"robots\" content=\"index, follow, max-snippet:-1, max-image-preview:large, max-video-preview:-1\" \/>\n<link rel=\"canonical\" href=\"https:\/\/www.bkeeper-gloves.com\/de\/produkt\/verstaerktes-torwarttrikot-rot\/\" \/>\n<meta property=\"og:locale\" content=\"de_DE\" \/>\n<meta property=\"og:type\" content=\"article\" \/>\n<meta property=\"og:title\" content=\"Verst\u00e4rktes Torwarttrikot - Rot | BKeeper Sport\" \/>\n<meta property=\"og:description\" content=\"Die Wahl der Champions - \u00dcbernehmen Sie die Technologie der Profis Werden Sie im Tor unaufhaltsam. Dieses revolution\u00e4re Torwarttrikot kombiniert Eleganz mit der modernsten Schutztechnologie auf dem Markt. Getestet und f\u00fcr gut befunden von professionellen Torh\u00fctern, gibt es Ihnen das Selbstvertrauen, Ihre besten Paraden zu machen.  EVA-Schutzsystem Leistungsstarke EVA-Technologie (15 mm dick)  Schultern: Anatomische 3D-Protektoren, die sich perfekt an Ihre Bewegungen anpassen  Ellenbogen: Gelenkige Verst\u00e4rkungen f\u00fcr optimalen Komfort Hochdichter EVA-Schaumstoff - 40% leichter als herk\u00f6mmliche Protektoren.\" \/>\n<meta property=\"og:url\" content=\"https:\/\/www.bkeeper-gloves.com\/de\/produkt\/verstaerktes-torwarttrikot-rot\/\" \/>\n<meta property=\"og:site_name\" content=\"BKeeper Sport\" \/>\n<meta property=\"article:publisher\" content=\"https:\/\/www.facebook.com\/BKeeper.Officiel\" \/>\n<meta property=\"article:modified_time\" content=\"2026-04-11T08:49:17+00:00\" \/>\n<meta property=\"og:image\" content=\"https:\/\/www.bkeeper-gloves.com\/wp-content\/uploads\/2025\/07\/maillot-gardien-rouge-bkeeper-1.webp\" \/>\n\t<meta property=\"og:image:width\" content=\"1500\" \/>\n\t<meta property=\"og:image:height\" content=\"1500\" \/>\n\t<meta property=\"og:image:type\" content=\"image\/webp\" \/>\n<meta name=\"twitter:card\" content=\"summary_large_image\" \/>\n<meta name=\"twitter:site\" content=\"@BkeeperSport\" \/>\n<script type=\"application\/ld+json\" class=\"yoast-schema-graph\">{\"@context\":\"https:\\\/\\\/schema.org\",\"@graph\":[{\"@type\":\"WebPage\",\"@id\":\"https:\\\/\\\/www.bkeeper-gloves.com\\\/de\\\/produkt\\\/verstaerktes-torwarttrikot-rot\\\/\",\"url\":\"https:\\\/\\\/www.bkeeper-gloves.com\\\/de\\\/produkt\\\/verstaerktes-torwarttrikot-rot\\\/\",\"name\":\"Verst\u00e4rktes Torwarttrikot - Rot | BKeeper Sport\",\"isPartOf\":{\"@id\":\"https:\\\/\\\/www.bkeeper-gloves.com\\\/de\\\/#website\"},\"primaryImageOfPage\":{\"@id\":\"https:\\\/\\\/www.bkeeper-gloves.com\\\/de\\\/produkt\\\/verstaerktes-torwarttrikot-rot\\\/#primaryimage\"},\"image\":{\"@id\":\"https:\\\/\\\/www.bkeeper-gloves.com\\\/de\\\/produkt\\\/verstaerktes-torwarttrikot-rot\\\/#primaryimage\"},\"thumbnailUrl\":\"https:\\\/\\\/www.bkeeper-gloves.com\\\/wp-content\\\/uploads\\\/2025\\\/07\\\/maillot-gardien-rouge-bkeeper-1.webp\",\"datePublished\":\"2025-07-29T12:13:35+00:00\",\"dateModified\":\"2026-04-11T08:49:17+00:00\",\"breadcrumb\":{\"@id\":\"https:\\\/\\\/www.bkeeper-gloves.com\\\/de\\\/produkt\\\/verstaerktes-torwarttrikot-rot\\\/#breadcrumb\"},\"inLanguage\":\"de\",\"potentialAction\":[{\"@type\":\"ReadAction\",\"target\":[\"https:\\\/\\\/www.bkeeper-gloves.com\\\/de\\\/produkt\\\/verstaerktes-torwarttrikot-rot\\\/\"]}]},{\"@type\":\"ImageObject\",\"inLanguage\":\"de\",\"@id\":\"https:\\\/\\\/www.bkeeper-gloves.com\\\/de\\\/produkt\\\/verstaerktes-torwarttrikot-rot\\\/#primaryimage\",\"url\":\"https:\\\/\\\/www.bkeeper-gloves.com\\\/wp-content\\\/uploads\\\/2025\\\/07\\\/maillot-gardien-rouge-bkeeper-1.webp\",\"contentUrl\":\"https:\\\/\\\/www.bkeeper-gloves.com\\\/wp-content\\\/uploads\\\/2025\\\/07\\\/maillot-gardien-rouge-bkeeper-1.webp\",\"width\":1500,\"height\":1500,\"caption\":\"Torwarttrikot rot\"},{\"@type\":\"BreadcrumbList\",\"@id\":\"https:\\\/\\\/www.bkeeper-gloves.com\\\/de\\\/produkt\\\/verstaerktes-torwarttrikot-rot\\\/#breadcrumb\",\"itemListElement\":[{\"@type\":\"ListItem\",\"position\":1,\"name\":\"Startseite\",\"item\":\"https:\\\/\\\/www.bkeeper-gloves.com\\\/de\\\/homepage-v2\\\/\"},{\"@type\":\"ListItem\",\"position\":2,\"name\":\"Torwart-Shop\",\"item\":\"https:\\\/\\\/www.bkeeper-gloves.com\\\/de\\\/torwart-shop\\\/\"},{\"@type\":\"ListItem\",\"position\":3,\"name\":\"Verst\u00e4rktes Torwarttrikot &#8211; Rot\"}]},{\"@type\":\"WebSite\",\"@id\":\"https:\\\/\\\/www.bkeeper-gloves.com\\\/de\\\/#website\",\"url\":\"https:\\\/\\\/www.bkeeper-gloves.com\\\/de\\\/\",\"name\":\"BKeeper Gloves\",\"description\":\"Get the Grip\",\"publisher\":{\"@id\":\"https:\\\/\\\/www.bkeeper-gloves.com\\\/de\\\/#organization\"},\"alternateName\":\"BKeeper\",\"potentialAction\":[{\"@type\":\"SearchAction\",\"target\":{\"@type\":\"EntryPoint\",\"urlTemplate\":\"https:\\\/\\\/www.bkeeper-gloves.com\\\/de\\\/?s={search_term_string}\"},\"query-input\":{\"@type\":\"PropertyValueSpecification\",\"valueRequired\":true,\"valueName\":\"search_term_string\"}}],\"inLanguage\":\"de\"},{\"@type\":\"Organization\",\"@id\":\"https:\\\/\\\/www.bkeeper-gloves.com\\\/de\\\/#organization\",\"name\":\"BKeeper International\",\"url\":\"https:\\\/\\\/www.bkeeper-gloves.com\\\/de\\\/\",\"logo\":{\"@type\":\"ImageObject\",\"inLanguage\":\"de\",\"@id\":\"https:\\\/\\\/www.bkeeper-gloves.com\\\/de\\\/#\\\/schema\\\/logo\\\/image\\\/\",\"url\":\"https:\\\/\\\/www.bkeeper-gloves.com\\\/wp-content\\\/uploads\\\/2024\\\/10\\\/cropped-BKeeper-Sport-Logo.png\",\"contentUrl\":\"https:\\\/\\\/www.bkeeper-gloves.com\\\/wp-content\\\/uploads\\\/2024\\\/10\\\/cropped-BKeeper-Sport-Logo.png\",\"width\":512,\"height\":512,\"caption\":\"BKeeper International\"},\"image\":{\"@id\":\"https:\\\/\\\/www.bkeeper-gloves.com\\\/de\\\/#\\\/schema\\\/logo\\\/image\\\/\"},\"sameAs\":[\"https:\\\/\\\/www.facebook.com\\\/BKeeper.Officiel\",\"https:\\\/\\\/x.com\\\/BkeeperSport\",\"https:\\\/\\\/www.instagram.com\\\/bkeeper_officiel\",\"https:\\\/\\\/www.linkedin.com\\\/company\\\/69264427\",\"https:\\\/\\\/www.youtube.com\\\/channel\\\/UCITHrNJmuyvVcmWifY3mSMw\"]}]}<\/script>\n<!-- \/ Yoast SEO plugin. -->","yoast_head_json":{"title":"Verst\u00e4rktes Torwarttrikot - Rot | BKeeper Sport","robots":{"index":"index","follow":"follow","max-snippet":"max-snippet:-1","max-image-preview":"max-image-preview:large","max-video-preview":"max-video-preview:-1"},"canonical":"https:\/\/www.bkeeper-gloves.com\/de\/produkt\/verstaerktes-torwarttrikot-rot\/","og_locale":"de_DE","og_type":"article","og_title":"Verst\u00e4rktes Torwarttrikot - Rot | BKeeper Sport","og_description":"Die Wahl der Champions - \u00dcbernehmen Sie die Technologie der Profis Werden Sie im Tor unaufhaltsam. Dieses revolution\u00e4re Torwarttrikot kombiniert Eleganz mit der modernsten Schutztechnologie auf dem Markt. Getestet und f\u00fcr gut befunden von professionellen Torh\u00fctern, gibt es Ihnen das Selbstvertrauen, Ihre besten Paraden zu machen.  EVA-Schutzsystem Leistungsstarke EVA-Technologie (15 mm dick)  Schultern: Anatomische 3D-Protektoren, die sich perfekt an Ihre Bewegungen anpassen  Ellenbogen: Gelenkige Verst\u00e4rkungen f\u00fcr optimalen Komfort Hochdichter EVA-Schaumstoff - 40% leichter als herk\u00f6mmliche Protektoren.","og_url":"https:\/\/www.bkeeper-gloves.com\/de\/produkt\/verstaerktes-torwarttrikot-rot\/","og_site_name":"BKeeper Sport","article_publisher":"https:\/\/www.facebook.com\/BKeeper.Officiel","article_modified_time":"2026-04-11T08:49:17+00:00","og_image":[{"width":1500,"height":1500,"url":"https:\/\/www.bkeeper-gloves.com\/wp-content\/uploads\/2025\/07\/maillot-gardien-rouge-bkeeper-1.webp","type":"image\/webp"}],"twitter_card":"summary_large_image","twitter_site":"@BkeeperSport","schema":{"@context":"https:\/\/schema.org","@graph":[{"@type":"WebPage","@id":"https:\/\/www.bkeeper-gloves.com\/de\/produkt\/verstaerktes-torwarttrikot-rot\/","url":"https:\/\/www.bkeeper-gloves.com\/de\/produkt\/verstaerktes-torwarttrikot-rot\/","name":"Verst\u00e4rktes Torwarttrikot - Rot | BKeeper Sport","isPartOf":{"@id":"https:\/\/www.bkeeper-gloves.com\/de\/#website"},"primaryImageOfPage":{"@id":"https:\/\/www.bkeeper-gloves.com\/de\/produkt\/verstaerktes-torwarttrikot-rot\/#primaryimage"},"image":{"@id":"https:\/\/www.bkeeper-gloves.com\/de\/produkt\/verstaerktes-torwarttrikot-rot\/#primaryimage"},"thumbnailUrl":"https:\/\/www.bkeeper-gloves.com\/wp-content\/uploads\/2025\/07\/maillot-gardien-rouge-bkeeper-1.webp","datePublished":"2025-07-29T12:13:35+00:00","dateModified":"2026-04-11T08:49:17+00:00","breadcrumb":{"@id":"https:\/\/www.bkeeper-gloves.com\/de\/produkt\/verstaerktes-torwarttrikot-rot\/#breadcrumb"},"inLanguage":"de","potentialAction":[{"@type":"ReadAction","target":["https:\/\/www.bkeeper-gloves.com\/de\/produkt\/verstaerktes-torwarttrikot-rot\/"]}]},{"@type":"ImageObject","inLanguage":"de","@id":"https:\/\/www.bkeeper-gloves.com\/de\/produkt\/verstaerktes-torwarttrikot-rot\/#primaryimage","url":"https:\/\/www.bkeeper-gloves.com\/wp-content\/uploads\/2025\/07\/maillot-gardien-rouge-bkeeper-1.webp","contentUrl":"https:\/\/www.bkeeper-gloves.com\/wp-content\/uploads\/2025\/07\/maillot-gardien-rouge-bkeeper-1.webp","width":1500,"height":1500,"caption":"Torwarttrikot rot"},{"@type":"BreadcrumbList","@id":"https:\/\/www.bkeeper-gloves.com\/de\/produkt\/verstaerktes-torwarttrikot-rot\/#breadcrumb","itemListElement":[{"@type":"ListItem","position":1,"name":"Startseite","item":"https:\/\/www.bkeeper-gloves.com\/de\/homepage-v2\/"},{"@type":"ListItem","position":2,"name":"Torwart-Shop","item":"https:\/\/www.bkeeper-gloves.com\/de\/torwart-shop\/"},{"@type":"ListItem","position":3,"name":"Verst\u00e4rktes Torwarttrikot &#8211; Rot"}]},{"@type":"WebSite","@id":"https:\/\/www.bkeeper-gloves.com\/de\/#website","url":"https:\/\/www.bkeeper-gloves.com\/de\/","name":"BKeeper Gloves","description":"Get the Grip","publisher":{"@id":"https:\/\/www.bkeeper-gloves.com\/de\/#organization"},"alternateName":"BKeeper","potentialAction":[{"@type":"SearchAction","target":{"@type":"EntryPoint","urlTemplate":"https:\/\/www.bkeeper-gloves.com\/de\/?s={search_term_string}"},"query-input":{"@type":"PropertyValueSpecification","valueRequired":true,"valueName":"search_term_string"}}],"inLanguage":"de"},{"@type":"Organization","@id":"https:\/\/www.bkeeper-gloves.com\/de\/#organization","name":"BKeeper International","url":"https:\/\/www.bkeeper-gloves.com\/de\/","logo":{"@type":"ImageObject","inLanguage":"de","@id":"https:\/\/www.bkeeper-gloves.com\/de\/#\/schema\/logo\/image\/","url":"https:\/\/www.bkeeper-gloves.com\/wp-content\/uploads\/2024\/10\/cropped-BKeeper-Sport-Logo.png","contentUrl":"https:\/\/www.bkeeper-gloves.com\/wp-content\/uploads\/2024\/10\/cropped-BKeeper-Sport-Logo.png","width":512,"height":512,"caption":"BKeeper International"},"image":{"@id":"https:\/\/www.bkeeper-gloves.com\/de\/#\/schema\/logo\/image\/"},"sameAs":["https:\/\/www.facebook.com\/BKeeper.Officiel","https:\/\/x.com\/BkeeperSport","https:\/\/www.instagram.com\/bkeeper_officiel","https:\/\/www.linkedin.com\/company\/69264427","https:\/\/www.youtube.com\/channel\/UCITHrNJmuyvVcmWifY3mSMw"]}]}},"_links":{"self":[{"href":"https:\/\/www.bkeeper-gloves.com\/de\/wp-json\/wp\/v2\/product\/82868","targetHints":{"allow":["GET"]}}],"collection":[{"href":"https:\/\/www.bkeeper-gloves.com\/de\/wp-json\/wp\/v2\/product"}],"about":[{"href":"https:\/\/www.bkeeper-gloves.com\/de\/wp-json\/wp\/v2\/types\/product"}],"version-history":[{"count":2,"href":"https:\/\/www.bkeeper-gloves.com\/de\/wp-json\/wp\/v2\/product\/82868\/revisions"}],"predecessor-version":[{"id":83040,"href":"https:\/\/www.bkeeper-gloves.com\/de\/wp-json\/wp\/v2\/product\/82868\/revisions\/83040"}],"wp:featuredmedia":[{"embeddable":true,"href":"https:\/\/www.bkeeper-gloves.com\/de\/wp-json\/wp\/v2\/media\/81441"}],"wp:attachment":[{"href":"https:\/\/www.bkeeper-gloves.com\/de\/wp-json\/wp\/v2\/media?parent=82868"}],"wp:term":[{"taxonomy":"product_brand","embeddable":true,"href":"https:\/\/www.bkeeper-gloves.com\/de\/wp-json\/wp\/v2\/product_brand?post=82868"},{"taxonomy":"product_cat","embeddable":true,"href":"https:\/\/www.bkeeper-gloves.com\/de\/wp-json\/wp\/v2\/product_cat?post=82868"},{"taxonomy":"product_tag","embeddable":true,"href":"https:\/\/www.bkeeper-gloves.com\/de\/wp-json\/wp\/v2\/product_tag?post=82868"}],"curies":[{"name":"wp","href":"https:\/\/api.w.org\/{rel}","templated":true}]}}