{"id":79264,"date":"2025-07-03T15:30:49","date_gmt":"2025-07-03T13:30:49","guid":{"rendered":"https:\/\/www.bkeeper-gloves.com\/?post_type=product&#038;p=79264"},"modified":"2025-07-03T16:11:33","modified_gmt":"2025-07-03T14:11:33","slug":"cap-bk-x-makai-14-copy","status":"publish","type":"product","link":"https:\/\/www.bkeeper-gloves.com\/es\/producto\/cap-bk-x-makai-14-copy\/","title":{"rendered":"Cap BK x Maka\u00ef #15"},"content":{"rendered":"","protected":false},"excerpt":{"rendered":"<p>Gorra americana en colaboraci\u00f3n con Maka\u00ef. Fabricada en Francia. <\/p>\n<p>Edici\u00f3n de coleccionista.<\/p>\n","protected":false},"featured_media":79207,"template":"","meta":{"_acf_changed":false},"product_brand":[],"product_cat":[1813],"product_tag":[],"class_list":{"0":"post-79264","1":"product","2":"type-product","3":"status-publish","4":"has-post-thumbnail","6":"product_cat-mascota","8":"first","9":"outofstock","10":"taxable","11":"shipping-taxable","12":"purchasable","13":"product-type-simple"},"exclude_global_add_ons":[],"addons":[],"acf":[],"yoast_head":"<!-- This site is optimized with the Yoast SEO plugin v27.2 - https:\/\/yoast.com\/product\/yoast-seo-wordpress\/ -->\n<title>Cap BK x Maka\u00ef #15 | BKeeper Sport<\/title>\n<meta name=\"robots\" content=\"index, follow, max-snippet:-1, max-image-preview:large, max-video-preview:-1\" \/>\n<link rel=\"canonical\" href=\"https:\/\/www.bkeeper-gloves.com\/es\/producto\/cap-bk-x-makai-14-copy\/\" \/>\n<meta property=\"og:locale\" content=\"es_ES\" \/>\n<meta property=\"og:type\" content=\"article\" \/>\n<meta property=\"og:title\" content=\"Cap BK x Maka\u00ef #15 | BKeeper Sport\" \/>\n<meta property=\"og:description\" content=\"Gorra americana en colaboraci\u00f3n con Maka\u00ef. Fabricada en Francia.  Edici\u00f3n de coleccionista.\" \/>\n<meta property=\"og:url\" content=\"https:\/\/www.bkeeper-gloves.com\/es\/producto\/cap-bk-x-makai-14-copy\/\" \/>\n<meta property=\"og:site_name\" content=\"BKeeper Sport\" \/>\n<meta property=\"article:publisher\" content=\"https:\/\/www.facebook.com\/BKeeper.Officiel\" \/>\n<meta property=\"article:modified_time\" content=\"2025-07-03T14:11:33+00:00\" \/>\n<meta property=\"og:image\" content=\"https:\/\/www.bkeeper-gloves.com\/wp-content\/uploads\/2025\/07\/2025040.webp\" \/>\n\t<meta property=\"og:image:width\" content=\"800\" \/>\n\t<meta property=\"og:image:height\" content=\"800\" \/>\n\t<meta property=\"og:image:type\" content=\"image\/webp\" \/>\n<meta name=\"twitter:card\" content=\"summary_large_image\" \/>\n<meta name=\"twitter:site\" content=\"@BkeeperSport\" \/>\n<script type=\"application\/ld+json\" class=\"yoast-schema-graph\">{\"@context\":\"https:\/\/schema.org\",\"@graph\":[{\"@type\":\"WebPage\",\"@id\":\"https:\/\/www.bkeeper-gloves.com\/es\/producto\/cap-bk-x-makai-14-copy\/\",\"url\":\"https:\/\/www.bkeeper-gloves.com\/es\/producto\/cap-bk-x-makai-14-copy\/\",\"name\":\"Cap BK x Maka\u00ef #15 | BKeeper Sport\",\"isPartOf\":{\"@id\":\"https:\/\/www.bkeeper-gloves.com\/es\/#website\"},\"primaryImageOfPage\":{\"@id\":\"https:\/\/www.bkeeper-gloves.com\/es\/producto\/cap-bk-x-makai-14-copy\/#primaryimage\"},\"image\":{\"@id\":\"https:\/\/www.bkeeper-gloves.com\/es\/producto\/cap-bk-x-makai-14-copy\/#primaryimage\"},\"thumbnailUrl\":\"https:\/\/www.bkeeper-gloves.com\/wp-content\/uploads\/2025\/07\/2025040.webp\",\"datePublished\":\"2025-07-03T13:30:49+00:00\",\"dateModified\":\"2025-07-03T14:11:33+00:00\",\"breadcrumb\":{\"@id\":\"https:\/\/www.bkeeper-gloves.com\/es\/producto\/cap-bk-x-makai-14-copy\/#breadcrumb\"},\"inLanguage\":\"es-AR\",\"potentialAction\":[{\"@type\":\"ReadAction\",\"target\":[\"https:\/\/www.bkeeper-gloves.com\/es\/producto\/cap-bk-x-makai-14-copy\/\"]}]},{\"@type\":\"ImageObject\",\"inLanguage\":\"es-AR\",\"@id\":\"https:\/\/www.bkeeper-gloves.com\/es\/producto\/cap-bk-x-makai-14-copy\/#primaryimage\",\"url\":\"https:\/\/www.bkeeper-gloves.com\/wp-content\/uploads\/2025\/07\/2025040.webp\",\"contentUrl\":\"https:\/\/www.bkeeper-gloves.com\/wp-content\/uploads\/2025\/07\/2025040.webp\",\"width\":800,\"height\":800},{\"@type\":\"BreadcrumbList\",\"@id\":\"https:\/\/www.bkeeper-gloves.com\/es\/producto\/cap-bk-x-makai-14-copy\/#breadcrumb\",\"itemListElement\":[{\"@type\":\"ListItem\",\"position\":1,\"name\":\"Homepage\",\"item\":\"https:\/\/www.bkeeper-gloves.com\/es\/pagina-de-inicio-v3\/\"},{\"@type\":\"ListItem\",\"position\":2,\"name\":\"Tienda para porteros\",\"item\":\"https:\/\/www.bkeeper-gloves.com\/es\/tienda\/\"},{\"@type\":\"ListItem\",\"position\":3,\"name\":\"Cap BK x Maka\u00ef #15\"}]},{\"@type\":\"WebSite\",\"@id\":\"https:\/\/www.bkeeper-gloves.com\/es\/#website\",\"url\":\"https:\/\/www.bkeeper-gloves.com\/es\/\",\"name\":\"BKeeper Gloves\",\"description\":\"Get the Grip\",\"publisher\":{\"@id\":\"https:\/\/www.bkeeper-gloves.com\/es\/#organization\"},\"alternateName\":\"BKeeper\",\"potentialAction\":[{\"@type\":\"SearchAction\",\"target\":{\"@type\":\"EntryPoint\",\"urlTemplate\":\"https:\/\/www.bkeeper-gloves.com\/es\/?s={search_term_string}\"},\"query-input\":{\"@type\":\"PropertyValueSpecification\",\"valueRequired\":true,\"valueName\":\"search_term_string\"}}],\"inLanguage\":\"es-AR\"},{\"@type\":\"Organization\",\"@id\":\"https:\/\/www.bkeeper-gloves.com\/es\/#organization\",\"name\":\"BKeeper International\",\"url\":\"https:\/\/www.bkeeper-gloves.com\/es\/\",\"logo\":{\"@type\":\"ImageObject\",\"inLanguage\":\"es-AR\",\"@id\":\"https:\/\/www.bkeeper-gloves.com\/es\/#\/schema\/logo\/image\/\",\"url\":\"https:\/\/www.bkeeper-gloves.com\/wp-content\/uploads\/2024\/10\/cropped-BKeeper-Sport-Logo.png\",\"contentUrl\":\"https:\/\/www.bkeeper-gloves.com\/wp-content\/uploads\/2024\/10\/cropped-BKeeper-Sport-Logo.png\",\"width\":512,\"height\":512,\"caption\":\"BKeeper International\"},\"image\":{\"@id\":\"https:\/\/www.bkeeper-gloves.com\/es\/#\/schema\/logo\/image\/\"},\"sameAs\":[\"https:\/\/www.facebook.com\/BKeeper.Officiel\",\"https:\/\/x.com\/BkeeperSport\",\"https:\/\/www.instagram.com\/bkeeper_officiel\",\"https:\/\/www.linkedin.com\/company\/69264427\",\"https:\/\/www.youtube.com\/channel\/UCITHrNJmuyvVcmWifY3mSMw\"]}]}<\/script>\n<!-- \/ Yoast SEO plugin. -->","yoast_head_json":{"title":"Cap BK x Maka\u00ef #15 | BKeeper Sport","robots":{"index":"index","follow":"follow","max-snippet":"max-snippet:-1","max-image-preview":"max-image-preview:large","max-video-preview":"max-video-preview:-1"},"canonical":"https:\/\/www.bkeeper-gloves.com\/es\/producto\/cap-bk-x-makai-14-copy\/","og_locale":"es_ES","og_type":"article","og_title":"Cap BK x Maka\u00ef #15 | BKeeper Sport","og_description":"Gorra americana en colaboraci\u00f3n con Maka\u00ef. Fabricada en Francia.  Edici\u00f3n de coleccionista.","og_url":"https:\/\/www.bkeeper-gloves.com\/es\/producto\/cap-bk-x-makai-14-copy\/","og_site_name":"BKeeper Sport","article_publisher":"https:\/\/www.facebook.com\/BKeeper.Officiel","article_modified_time":"2025-07-03T14:11:33+00:00","og_image":[{"width":800,"height":800,"url":"https:\/\/www.bkeeper-gloves.com\/wp-content\/uploads\/2025\/07\/2025040.webp","type":"image\/webp"}],"twitter_card":"summary_large_image","twitter_site":"@BkeeperSport","schema":{"@context":"https:\/\/schema.org","@graph":[{"@type":"WebPage","@id":"https:\/\/www.bkeeper-gloves.com\/es\/producto\/cap-bk-x-makai-14-copy\/","url":"https:\/\/www.bkeeper-gloves.com\/es\/producto\/cap-bk-x-makai-14-copy\/","name":"Cap BK x Maka\u00ef #15 | BKeeper Sport","isPartOf":{"@id":"https:\/\/www.bkeeper-gloves.com\/es\/#website"},"primaryImageOfPage":{"@id":"https:\/\/www.bkeeper-gloves.com\/es\/producto\/cap-bk-x-makai-14-copy\/#primaryimage"},"image":{"@id":"https:\/\/www.bkeeper-gloves.com\/es\/producto\/cap-bk-x-makai-14-copy\/#primaryimage"},"thumbnailUrl":"https:\/\/www.bkeeper-gloves.com\/wp-content\/uploads\/2025\/07\/2025040.webp","datePublished":"2025-07-03T13:30:49+00:00","dateModified":"2025-07-03T14:11:33+00:00","breadcrumb":{"@id":"https:\/\/www.bkeeper-gloves.com\/es\/producto\/cap-bk-x-makai-14-copy\/#breadcrumb"},"inLanguage":"es-AR","potentialAction":[{"@type":"ReadAction","target":["https:\/\/www.bkeeper-gloves.com\/es\/producto\/cap-bk-x-makai-14-copy\/"]}]},{"@type":"ImageObject","inLanguage":"es-AR","@id":"https:\/\/www.bkeeper-gloves.com\/es\/producto\/cap-bk-x-makai-14-copy\/#primaryimage","url":"https:\/\/www.bkeeper-gloves.com\/wp-content\/uploads\/2025\/07\/2025040.webp","contentUrl":"https:\/\/www.bkeeper-gloves.com\/wp-content\/uploads\/2025\/07\/2025040.webp","width":800,"height":800},{"@type":"BreadcrumbList","@id":"https:\/\/www.bkeeper-gloves.com\/es\/producto\/cap-bk-x-makai-14-copy\/#breadcrumb","itemListElement":[{"@type":"ListItem","position":1,"name":"Homepage","item":"https:\/\/www.bkeeper-gloves.com\/es\/pagina-de-inicio-v3\/"},{"@type":"ListItem","position":2,"name":"Tienda para porteros","item":"https:\/\/www.bkeeper-gloves.com\/es\/tienda\/"},{"@type":"ListItem","position":3,"name":"Cap BK x Maka\u00ef #15"}]},{"@type":"WebSite","@id":"https:\/\/www.bkeeper-gloves.com\/es\/#website","url":"https:\/\/www.bkeeper-gloves.com\/es\/","name":"BKeeper Gloves","description":"Get the Grip","publisher":{"@id":"https:\/\/www.bkeeper-gloves.com\/es\/#organization"},"alternateName":"BKeeper","potentialAction":[{"@type":"SearchAction","target":{"@type":"EntryPoint","urlTemplate":"https:\/\/www.bkeeper-gloves.com\/es\/?s={search_term_string}"},"query-input":{"@type":"PropertyValueSpecification","valueRequired":true,"valueName":"search_term_string"}}],"inLanguage":"es-AR"},{"@type":"Organization","@id":"https:\/\/www.bkeeper-gloves.com\/es\/#organization","name":"BKeeper International","url":"https:\/\/www.bkeeper-gloves.com\/es\/","logo":{"@type":"ImageObject","inLanguage":"es-AR","@id":"https:\/\/www.bkeeper-gloves.com\/es\/#\/schema\/logo\/image\/","url":"https:\/\/www.bkeeper-gloves.com\/wp-content\/uploads\/2024\/10\/cropped-BKeeper-Sport-Logo.png","contentUrl":"https:\/\/www.bkeeper-gloves.com\/wp-content\/uploads\/2024\/10\/cropped-BKeeper-Sport-Logo.png","width":512,"height":512,"caption":"BKeeper International"},"image":{"@id":"https:\/\/www.bkeeper-gloves.com\/es\/#\/schema\/logo\/image\/"},"sameAs":["https:\/\/www.facebook.com\/BKeeper.Officiel","https:\/\/x.com\/BkeeperSport","https:\/\/www.instagram.com\/bkeeper_officiel","https:\/\/www.linkedin.com\/company\/69264427","https:\/\/www.youtube.com\/channel\/UCITHrNJmuyvVcmWifY3mSMw"]}]}},"_links":{"self":[{"href":"https:\/\/www.bkeeper-gloves.com\/es\/wp-json\/wp\/v2\/product\/79264","targetHints":{"allow":["GET"]}}],"collection":[{"href":"https:\/\/www.bkeeper-gloves.com\/es\/wp-json\/wp\/v2\/product"}],"about":[{"href":"https:\/\/www.bkeeper-gloves.com\/es\/wp-json\/wp\/v2\/types\/product"}],"version-history":[{"count":3,"href":"https:\/\/www.bkeeper-gloves.com\/es\/wp-json\/wp\/v2\/product\/79264\/revisions"}],"predecessor-version":[{"id":79424,"href":"https:\/\/www.bkeeper-gloves.com\/es\/wp-json\/wp\/v2\/product\/79264\/revisions\/79424"}],"wp:featuredmedia":[{"embeddable":true,"href":"https:\/\/www.bkeeper-gloves.com\/es\/wp-json\/wp\/v2\/media\/79207"}],"wp:attachment":[{"href":"https:\/\/www.bkeeper-gloves.com\/es\/wp-json\/wp\/v2\/media?parent=79264"}],"wp:term":[{"taxonomy":"product_brand","embeddable":true,"href":"https:\/\/www.bkeeper-gloves.com\/es\/wp-json\/wp\/v2\/product_brand?post=79264"},{"taxonomy":"product_cat","embeddable":true,"href":"https:\/\/www.bkeeper-gloves.com\/es\/wp-json\/wp\/v2\/product_cat?post=79264"},{"taxonomy":"product_tag","embeddable":true,"href":"https:\/\/www.bkeeper-gloves.com\/es\/wp-json\/wp\/v2\/product_tag?post=79264"}],"curies":[{"name":"wp","href":"https:\/\/api.w.org\/{rel}","templated":true}]}}