{"id":82623,"date":"2025-07-29T14:07:26","date_gmt":"2025-07-29T12:07:26","guid":{"rendered":"https:\/\/www.bkeeper-gloves.com\/product\/camiseta-de-portero-reforzada-azul\/"},"modified":"2026-03-16T10:17:41","modified_gmt":"2026-03-16T09:17:41","slug":"camiseta-de-portero-reforzada-azul","status":"publish","type":"product","link":"https:\/\/www.bkeeper-gloves.com\/es\/producto\/camiseta-de-portero-reforzada-azul\/","title":{"rendered":"Camiseta de portero reforzada &#8211; Azul"},"content":{"rendered":"\t\t<div data-elementor-type=\"product-post\" data-elementor-id=\"82623\" class=\"elementor elementor-82623 elementor-81345\" data-elementor-post-type=\"product\">\n\t\t\t\t<div class=\"elementor-element elementor-element-700368f e-flex e-con-boxed e-con e-parent\" data-id=\"700368f\" data-element_type=\"container\" data-e-type=\"container\">\n\t\t\t\t\t<div class=\"e-con-inner\">\n\t\t\t\t<div class=\"elementor-element elementor-element-fa761ef elementor-widget elementor-widget-woocommerce-product-short-description\" data-id=\"fa761ef\" data-element_type=\"widget\" data-e-type=\"widget\" data-widget_type=\"woocommerce-product-short-description.default\">\n\t\t\t\t<div class=\"elementor-widget-container\">\n\t\t\t\t\t<div class=\"woocommerce-product-details__short-description\">\n\t<h2>La elecci\u00f3n de los campeones &#8211; Adopta la tecnolog\u00eda de los profesionales<\/h2>\n<p>Convi\u00e9rtete en imparable en la porter\u00eda. Esta revolucionaria camiseta de portero combina elegancia con la tecnolog\u00eda de protecci\u00f3n m\u00e1s avanzada del mercado.  Probado y aprobado por porteros profesionales, te da confianza para realizar tus mejores paradas.<\/p>\n<h2>Sistema de protecci\u00f3n EVA<\/h2>\n<p>Tecnolog\u00eda EVA de alto rendimiento (15 mm de grosor)<\/p>\n<ul>\n<li><strong>Hombros<\/strong>: Protectores anat\u00f3micos 3D que se adaptan perfectamente a tus movimientos<\/li>\n<li><strong>Codos<\/strong>: Refuerzos articulados para un confort \u00f3ptimo<\/li>\n<\/ul>\n<p><em>Espuma EVA de alta densidad: un 40% m\u00e1s ligera que los protectores tradicionales.<\/em><\/p>\n<\/div>\n\t\t\t\t<\/div>\n\t\t\t\t<\/div>\n\t\t\t\t\t<\/div>\n\t\t\t\t<\/div>\n\t\t\t\t<\/div>\n\t\t","protected":false},"excerpt":{"rendered":"<h2>La elecci\u00f3n de los campeones &#8211; Adopta la tecnolog\u00eda de los profesionales<\/h2>\n<p>Convi\u00e9rtete en imparable en la porter\u00eda. Esta revolucionaria camiseta de portero combina elegancia con la tecnolog\u00eda de protecci\u00f3n m\u00e1s avanzada del mercado.  Probado y aprobado por porteros profesionales, te da confianza para realizar tus mejores paradas.<\/p>\n<h2>Sistema de protecci\u00f3n EVA<\/h2>\n<p>Tecnolog\u00eda EVA de alto rendimiento (15 mm de grosor)<\/p>\n<ul>\n<li><strong>Hombros<\/strong>: Protectores anat\u00f3micos 3D que se adaptan perfectamente a tus movimientos<\/li>\n<li><strong>Codos<\/strong>: Refuerzos articulados para un confort \u00f3ptimo<\/li>\n<\/ul>\n<p><em>Espuma EVA de alta densidad: un 40% m\u00e1s ligera que los protectores tradicionales.<\/em><\/p>\n","protected":false},"featured_media":81366,"template":"","meta":{"_acf_changed":false},"product_brand":[],"product_cat":[1895],"product_tag":[1880,1796],"class_list":{"0":"post-82623","1":"product","2":"type-product","3":"status-publish","4":"has-post-thumbnail","6":"product_cat-camiseta-de-portero","7":"product_tag-fp_gloves-es","8":"product_tag-gant_gardien-es","10":"first","11":"instock","12":"taxable","13":"shipping-taxable","14":"purchasable","15":"product-type-variable"},"exclude_global_add_ons":[],"addons":[],"acf":[],"yoast_head":"<!-- This site is optimized with the Yoast SEO plugin v27.5 - https:\/\/yoast.com\/product\/yoast-seo-wordpress\/ -->\n<title>Camiseta de portero reforzada - Azul | BKeeper Sport<\/title>\n<meta name=\"robots\" content=\"index, follow, max-snippet:-1, max-image-preview:large, max-video-preview:-1\" \/>\n<link rel=\"canonical\" href=\"https:\/\/www.bkeeper-gloves.com\/es\/producto\/camiseta-de-portero-reforzada-azul\/\" \/>\n<meta property=\"og:locale\" content=\"es_ES\" \/>\n<meta property=\"og:type\" content=\"article\" \/>\n<meta property=\"og:title\" content=\"Camiseta de portero reforzada - Azul | BKeeper Sport\" \/>\n<meta property=\"og:description\" content=\"La elecci\u00f3n de los campeones - Adopta la tecnolog\u00eda de los profesionales Convi\u00e9rtete en imparable en la porter\u00eda. Esta revolucionaria camiseta de portero combina elegancia con la tecnolog\u00eda de protecci\u00f3n m\u00e1s avanzada del mercado. Probado y aprobado por porteros profesionales, te da confianza para realizar tus mejores paradas. Sistema de protecci\u00f3n EVA Tecnolog\u00eda EVA de alto rendimiento (15 mm de grosor)  Hombros: Protectores anat\u00f3micos 3D que se adaptan perfectamente a tus movimientos  Codos: Refuerzos articulados para un confort \u00f3ptimo Espuma EVA de alta densidad: un 40% m\u00e1s ligera que los protectores tradicionales.\" \/>\n<meta property=\"og:url\" content=\"https:\/\/www.bkeeper-gloves.com\/es\/producto\/camiseta-de-portero-reforzada-azul\/\" \/>\n<meta property=\"og:site_name\" content=\"BKeeper Sport\" \/>\n<meta property=\"article:publisher\" content=\"https:\/\/www.facebook.com\/BKeeper.Officiel\" \/>\n<meta property=\"article:modified_time\" content=\"2026-03-16T09:17:41+00:00\" \/>\n<meta property=\"og:image\" content=\"https:\/\/www.bkeeper-gloves.com\/wp-content\/uploads\/2025\/07\/maillot-gardien-but-bleu-1.webp\" \/>\n\t<meta property=\"og:image:width\" content=\"1500\" \/>\n\t<meta property=\"og:image:height\" content=\"1500\" \/>\n\t<meta property=\"og:image:type\" content=\"image\/webp\" \/>\n<meta name=\"twitter:card\" content=\"summary_large_image\" \/>\n<meta name=\"twitter:site\" content=\"@BkeeperSport\" \/>\n<script type=\"application\/ld+json\" class=\"yoast-schema-graph\">{\"@context\":\"https:\\\/\\\/schema.org\",\"@graph\":[{\"@type\":\"WebPage\",\"@id\":\"https:\\\/\\\/www.bkeeper-gloves.com\\\/es\\\/producto\\\/camiseta-de-portero-reforzada-azul\\\/\",\"url\":\"https:\\\/\\\/www.bkeeper-gloves.com\\\/es\\\/producto\\\/camiseta-de-portero-reforzada-azul\\\/\",\"name\":\"Camiseta de portero reforzada - Azul | BKeeper Sport\",\"isPartOf\":{\"@id\":\"https:\\\/\\\/www.bkeeper-gloves.com\\\/es\\\/#website\"},\"primaryImageOfPage\":{\"@id\":\"https:\\\/\\\/www.bkeeper-gloves.com\\\/es\\\/producto\\\/camiseta-de-portero-reforzada-azul\\\/#primaryimage\"},\"image\":{\"@id\":\"https:\\\/\\\/www.bkeeper-gloves.com\\\/es\\\/producto\\\/camiseta-de-portero-reforzada-azul\\\/#primaryimage\"},\"thumbnailUrl\":\"https:\\\/\\\/www.bkeeper-gloves.com\\\/wp-content\\\/uploads\\\/2025\\\/07\\\/maillot-gardien-but-bleu-1.webp\",\"datePublished\":\"2025-07-29T12:07:26+00:00\",\"dateModified\":\"2026-03-16T09:17:41+00:00\",\"breadcrumb\":{\"@id\":\"https:\\\/\\\/www.bkeeper-gloves.com\\\/es\\\/producto\\\/camiseta-de-portero-reforzada-azul\\\/#breadcrumb\"},\"inLanguage\":\"es-AR\",\"potentialAction\":[{\"@type\":\"ReadAction\",\"target\":[\"https:\\\/\\\/www.bkeeper-gloves.com\\\/es\\\/producto\\\/camiseta-de-portero-reforzada-azul\\\/\"]}]},{\"@type\":\"ImageObject\",\"inLanguage\":\"es-AR\",\"@id\":\"https:\\\/\\\/www.bkeeper-gloves.com\\\/es\\\/producto\\\/camiseta-de-portero-reforzada-azul\\\/#primaryimage\",\"url\":\"https:\\\/\\\/www.bkeeper-gloves.com\\\/wp-content\\\/uploads\\\/2025\\\/07\\\/maillot-gardien-but-bleu-1.webp\",\"contentUrl\":\"https:\\\/\\\/www.bkeeper-gloves.com\\\/wp-content\\\/uploads\\\/2025\\\/07\\\/maillot-gardien-but-bleu-1.webp\",\"width\":1500,\"height\":1500,\"caption\":\"camiseta de portero azul\"},{\"@type\":\"BreadcrumbList\",\"@id\":\"https:\\\/\\\/www.bkeeper-gloves.com\\\/es\\\/producto\\\/camiseta-de-portero-reforzada-azul\\\/#breadcrumb\",\"itemListElement\":[{\"@type\":\"ListItem\",\"position\":1,\"name\":\"Homepage\",\"item\":\"https:\\\/\\\/www.bkeeper-gloves.com\\\/es\\\/pagina-de-inicio-v3\\\/\"},{\"@type\":\"ListItem\",\"position\":2,\"name\":\"Tienda para porteros\",\"item\":\"https:\\\/\\\/www.bkeeper-gloves.com\\\/es\\\/tienda\\\/\"},{\"@type\":\"ListItem\",\"position\":3,\"name\":\"Camiseta de portero reforzada &#8211; Azul\"}]},{\"@type\":\"WebSite\",\"@id\":\"https:\\\/\\\/www.bkeeper-gloves.com\\\/es\\\/#website\",\"url\":\"https:\\\/\\\/www.bkeeper-gloves.com\\\/es\\\/\",\"name\":\"BKeeper Gloves\",\"description\":\"Get the Grip\",\"publisher\":{\"@id\":\"https:\\\/\\\/www.bkeeper-gloves.com\\\/es\\\/#organization\"},\"alternateName\":\"BKeeper\",\"potentialAction\":[{\"@type\":\"SearchAction\",\"target\":{\"@type\":\"EntryPoint\",\"urlTemplate\":\"https:\\\/\\\/www.bkeeper-gloves.com\\\/es\\\/?s={search_term_string}\"},\"query-input\":{\"@type\":\"PropertyValueSpecification\",\"valueRequired\":true,\"valueName\":\"search_term_string\"}}],\"inLanguage\":\"es-AR\"},{\"@type\":\"Organization\",\"@id\":\"https:\\\/\\\/www.bkeeper-gloves.com\\\/es\\\/#organization\",\"name\":\"BKeeper International\",\"url\":\"https:\\\/\\\/www.bkeeper-gloves.com\\\/es\\\/\",\"logo\":{\"@type\":\"ImageObject\",\"inLanguage\":\"es-AR\",\"@id\":\"https:\\\/\\\/www.bkeeper-gloves.com\\\/es\\\/#\\\/schema\\\/logo\\\/image\\\/\",\"url\":\"https:\\\/\\\/www.bkeeper-gloves.com\\\/wp-content\\\/uploads\\\/2024\\\/10\\\/cropped-BKeeper-Sport-Logo.png\",\"contentUrl\":\"https:\\\/\\\/www.bkeeper-gloves.com\\\/wp-content\\\/uploads\\\/2024\\\/10\\\/cropped-BKeeper-Sport-Logo.png\",\"width\":512,\"height\":512,\"caption\":\"BKeeper International\"},\"image\":{\"@id\":\"https:\\\/\\\/www.bkeeper-gloves.com\\\/es\\\/#\\\/schema\\\/logo\\\/image\\\/\"},\"sameAs\":[\"https:\\\/\\\/www.facebook.com\\\/BKeeper.Officiel\",\"https:\\\/\\\/x.com\\\/BkeeperSport\",\"https:\\\/\\\/www.instagram.com\\\/bkeeper_officiel\",\"https:\\\/\\\/www.linkedin.com\\\/company\\\/69264427\",\"https:\\\/\\\/www.youtube.com\\\/channel\\\/UCITHrNJmuyvVcmWifY3mSMw\"]}]}<\/script>\n<!-- \/ Yoast SEO plugin. -->","yoast_head_json":{"title":"Camiseta de portero reforzada - Azul | BKeeper Sport","robots":{"index":"index","follow":"follow","max-snippet":"max-snippet:-1","max-image-preview":"max-image-preview:large","max-video-preview":"max-video-preview:-1"},"canonical":"https:\/\/www.bkeeper-gloves.com\/es\/producto\/camiseta-de-portero-reforzada-azul\/","og_locale":"es_ES","og_type":"article","og_title":"Camiseta de portero reforzada - Azul | BKeeper Sport","og_description":"La elecci\u00f3n de los campeones - Adopta la tecnolog\u00eda de los profesionales Convi\u00e9rtete en imparable en la porter\u00eda. Esta revolucionaria camiseta de portero combina elegancia con la tecnolog\u00eda de protecci\u00f3n m\u00e1s avanzada del mercado. Probado y aprobado por porteros profesionales, te da confianza para realizar tus mejores paradas. Sistema de protecci\u00f3n EVA Tecnolog\u00eda EVA de alto rendimiento (15 mm de grosor)  Hombros: Protectores anat\u00f3micos 3D que se adaptan perfectamente a tus movimientos  Codos: Refuerzos articulados para un confort \u00f3ptimo Espuma EVA de alta densidad: un 40% m\u00e1s ligera que los protectores tradicionales.","og_url":"https:\/\/www.bkeeper-gloves.com\/es\/producto\/camiseta-de-portero-reforzada-azul\/","og_site_name":"BKeeper Sport","article_publisher":"https:\/\/www.facebook.com\/BKeeper.Officiel","article_modified_time":"2026-03-16T09:17:41+00:00","og_image":[{"width":1500,"height":1500,"url":"https:\/\/www.bkeeper-gloves.com\/wp-content\/uploads\/2025\/07\/maillot-gardien-but-bleu-1.webp","type":"image\/webp"}],"twitter_card":"summary_large_image","twitter_site":"@BkeeperSport","schema":{"@context":"https:\/\/schema.org","@graph":[{"@type":"WebPage","@id":"https:\/\/www.bkeeper-gloves.com\/es\/producto\/camiseta-de-portero-reforzada-azul\/","url":"https:\/\/www.bkeeper-gloves.com\/es\/producto\/camiseta-de-portero-reforzada-azul\/","name":"Camiseta de portero reforzada - Azul | BKeeper Sport","isPartOf":{"@id":"https:\/\/www.bkeeper-gloves.com\/es\/#website"},"primaryImageOfPage":{"@id":"https:\/\/www.bkeeper-gloves.com\/es\/producto\/camiseta-de-portero-reforzada-azul\/#primaryimage"},"image":{"@id":"https:\/\/www.bkeeper-gloves.com\/es\/producto\/camiseta-de-portero-reforzada-azul\/#primaryimage"},"thumbnailUrl":"https:\/\/www.bkeeper-gloves.com\/wp-content\/uploads\/2025\/07\/maillot-gardien-but-bleu-1.webp","datePublished":"2025-07-29T12:07:26+00:00","dateModified":"2026-03-16T09:17:41+00:00","breadcrumb":{"@id":"https:\/\/www.bkeeper-gloves.com\/es\/producto\/camiseta-de-portero-reforzada-azul\/#breadcrumb"},"inLanguage":"es-AR","potentialAction":[{"@type":"ReadAction","target":["https:\/\/www.bkeeper-gloves.com\/es\/producto\/camiseta-de-portero-reforzada-azul\/"]}]},{"@type":"ImageObject","inLanguage":"es-AR","@id":"https:\/\/www.bkeeper-gloves.com\/es\/producto\/camiseta-de-portero-reforzada-azul\/#primaryimage","url":"https:\/\/www.bkeeper-gloves.com\/wp-content\/uploads\/2025\/07\/maillot-gardien-but-bleu-1.webp","contentUrl":"https:\/\/www.bkeeper-gloves.com\/wp-content\/uploads\/2025\/07\/maillot-gardien-but-bleu-1.webp","width":1500,"height":1500,"caption":"camiseta de portero azul"},{"@type":"BreadcrumbList","@id":"https:\/\/www.bkeeper-gloves.com\/es\/producto\/camiseta-de-portero-reforzada-azul\/#breadcrumb","itemListElement":[{"@type":"ListItem","position":1,"name":"Homepage","item":"https:\/\/www.bkeeper-gloves.com\/es\/pagina-de-inicio-v3\/"},{"@type":"ListItem","position":2,"name":"Tienda para porteros","item":"https:\/\/www.bkeeper-gloves.com\/es\/tienda\/"},{"@type":"ListItem","position":3,"name":"Camiseta de portero reforzada &#8211; Azul"}]},{"@type":"WebSite","@id":"https:\/\/www.bkeeper-gloves.com\/es\/#website","url":"https:\/\/www.bkeeper-gloves.com\/es\/","name":"BKeeper Gloves","description":"Get the Grip","publisher":{"@id":"https:\/\/www.bkeeper-gloves.com\/es\/#organization"},"alternateName":"BKeeper","potentialAction":[{"@type":"SearchAction","target":{"@type":"EntryPoint","urlTemplate":"https:\/\/www.bkeeper-gloves.com\/es\/?s={search_term_string}"},"query-input":{"@type":"PropertyValueSpecification","valueRequired":true,"valueName":"search_term_string"}}],"inLanguage":"es-AR"},{"@type":"Organization","@id":"https:\/\/www.bkeeper-gloves.com\/es\/#organization","name":"BKeeper International","url":"https:\/\/www.bkeeper-gloves.com\/es\/","logo":{"@type":"ImageObject","inLanguage":"es-AR","@id":"https:\/\/www.bkeeper-gloves.com\/es\/#\/schema\/logo\/image\/","url":"https:\/\/www.bkeeper-gloves.com\/wp-content\/uploads\/2024\/10\/cropped-BKeeper-Sport-Logo.png","contentUrl":"https:\/\/www.bkeeper-gloves.com\/wp-content\/uploads\/2024\/10\/cropped-BKeeper-Sport-Logo.png","width":512,"height":512,"caption":"BKeeper International"},"image":{"@id":"https:\/\/www.bkeeper-gloves.com\/es\/#\/schema\/logo\/image\/"},"sameAs":["https:\/\/www.facebook.com\/BKeeper.Officiel","https:\/\/x.com\/BkeeperSport","https:\/\/www.instagram.com\/bkeeper_officiel","https:\/\/www.linkedin.com\/company\/69264427","https:\/\/www.youtube.com\/channel\/UCITHrNJmuyvVcmWifY3mSMw"]}]}},"_links":{"self":[{"href":"https:\/\/www.bkeeper-gloves.com\/es\/wp-json\/wp\/v2\/product\/82623","targetHints":{"allow":["GET"]}}],"collection":[{"href":"https:\/\/www.bkeeper-gloves.com\/es\/wp-json\/wp\/v2\/product"}],"about":[{"href":"https:\/\/www.bkeeper-gloves.com\/es\/wp-json\/wp\/v2\/types\/product"}],"version-history":[{"count":2,"href":"https:\/\/www.bkeeper-gloves.com\/es\/wp-json\/wp\/v2\/product\/82623\/revisions"}],"predecessor-version":[{"id":87718,"href":"https:\/\/www.bkeeper-gloves.com\/es\/wp-json\/wp\/v2\/product\/82623\/revisions\/87718"}],"wp:featuredmedia":[{"embeddable":true,"href":"https:\/\/www.bkeeper-gloves.com\/es\/wp-json\/wp\/v2\/media\/81366"}],"wp:attachment":[{"href":"https:\/\/www.bkeeper-gloves.com\/es\/wp-json\/wp\/v2\/media?parent=82623"}],"wp:term":[{"taxonomy":"product_brand","embeddable":true,"href":"https:\/\/www.bkeeper-gloves.com\/es\/wp-json\/wp\/v2\/product_brand?post=82623"},{"taxonomy":"product_cat","embeddable":true,"href":"https:\/\/www.bkeeper-gloves.com\/es\/wp-json\/wp\/v2\/product_cat?post=82623"},{"taxonomy":"product_tag","embeddable":true,"href":"https:\/\/www.bkeeper-gloves.com\/es\/wp-json\/wp\/v2\/product_tag?post=82623"}],"curies":[{"name":"wp","href":"https:\/\/api.w.org\/{rel}","templated":true}]}}