{"id":13,"date":"2021-02-17T11:04:19","date_gmt":"2021-02-17T11:04:19","guid":{"rendered":"https:\/\/www.bkeeper-sport.fr\/mon-compte\/"},"modified":"2025-06-06T10:47:31","modified_gmt":"2025-06-06T08:47:31","slug":"mon-compte","status":"publish","type":"page","link":"https:\/\/www.bkeeper-gloves.com\/fr\/mon-compte\/","title":{"rendered":"Mon compte"},"content":{"rendered":"\t\t<div data-elementor-type=\"wp-page\" data-elementor-id=\"13\" class=\"elementor elementor-13\" data-elementor-post-type=\"page\">\n\t\t\t\t<div class=\"elementor-element elementor-element-c42bc2d e-flex e-con-boxed e-con e-parent\" data-id=\"c42bc2d\" data-element_type=\"container\" data-e-type=\"container\">\n\t\t\t\t\t<div class=\"e-con-inner\">\n\t\t\t\t<div class=\"elementor-element elementor-element-47d0141 e-my-account-tabs-vertical elementor-widget elementor-widget-woocommerce-my-account\" data-id=\"47d0141\" data-element_type=\"widget\" data-e-type=\"widget\" data-settings=\"{&quot;forms_buttons_hover_animation&quot;:&quot;grow&quot;}\" data-widget_type=\"woocommerce-my-account.default\">\n\t\t\t\t<div class=\"elementor-widget-container\">\n\t\t\t\t\t<div class=\"e-my-account-tab e-my-account-tab__ \">\t\t\t<div class=\"woocommerce\"><\/div>\t\t<\/div>\n\t\t\t\t\t\t<\/div>\n\t\t\t\t<\/div>\n\t\t\t\t\t<\/div>\n\t\t\t\t<\/div>\n\t\t\t\t<\/div>\n\t\t","protected":false},"excerpt":{"rendered":"<p>Tableau de bord Commandes Adresses D\u00e9tails du compte D\u00e9connexion Bonjour Thibaud (vous n\u2019\u00eates pas Thibaud\u00a0? D\u00e9connexion) \u00c0 partir du tableau de bord de votre compte, vous pouvez visualiser vos commandes r\u00e9centes, g\u00e9rer vos adresses de livraison et de facturation ainsi que changer votre mot de passe et les d\u00e9tails de votre compte.<\/p>\n","protected":false},"author":1,"featured_media":0,"parent":0,"menu_order":0,"comment_status":"closed","ping_status":"closed","template":"","meta":{"_acf_changed":false,"footnotes":""},"class_list":["post-13","page","type-page","status-publish","hentry"],"acf":[],"yoast_head":"<!-- This site is optimized with the Yoast SEO plugin v27.5 - https:\/\/yoast.com\/product\/yoast-seo-wordpress\/ -->\n<title>Mon compte | BKeeper Sport<\/title>\n<meta name=\"robots\" content=\"noindex, follow\" \/>\n<meta property=\"og:locale\" content=\"fr_FR\" \/>\n<meta property=\"og:type\" content=\"article\" \/>\n<meta property=\"og:title\" content=\"Mon compte | BKeeper Sport\" \/>\n<meta property=\"og:description\" content=\"Tableau de bord Commandes Adresses D\u00e9tails du compte D\u00e9connexion Bonjour Thibaud (vous n\u2019\u00eates pas Thibaud\u00a0? D\u00e9connexion) \u00c0 partir du tableau de bord de votre compte, vous pouvez visualiser vos commandes r\u00e9centes, g\u00e9rer vos adresses de livraison et de facturation ainsi que changer votre mot de passe et les d\u00e9tails de votre compte.\" \/>\n<meta property=\"og:url\" content=\"https:\/\/www.bkeeper-gloves.com\/fr\/mon-compte\/\" \/>\n<meta property=\"og:site_name\" content=\"BKeeper Sport\" \/>\n<meta property=\"article:publisher\" content=\"https:\/\/www.facebook.com\/BKeeper.Officiel\" \/>\n<meta property=\"article:modified_time\" content=\"2025-06-06T08:47:31+00:00\" \/>\n<meta property=\"og:image\" content=\"https:\/\/www.bkeeper-gloves.com\/wp-content\/uploads\/2025\/03\/BKeeper-logo-social.webp\" \/>\n\t<meta property=\"og:image:width\" content=\"1200\" \/>\n\t<meta property=\"og:image:height\" content=\"675\" \/>\n\t<meta property=\"og:image:type\" content=\"image\/webp\" \/>\n<meta name=\"twitter:card\" content=\"summary_large_image\" \/>\n<meta name=\"twitter:site\" content=\"@BkeeperSport\" \/>\n<meta name=\"twitter:label1\" content=\"Dur\u00e9e de lecture estim\u00e9e\" \/>\n\t<meta name=\"twitter:data1\" content=\"1 minute\" \/>\n<script type=\"application\/ld+json\" class=\"yoast-schema-graph\">{\"@context\":\"https:\\\/\\\/schema.org\",\"@graph\":[{\"@type\":\"WebPage\",\"@id\":\"https:\\\/\\\/www.bkeeper-gloves.com\\\/fr\\\/mon-compte\\\/\",\"url\":\"https:\\\/\\\/www.bkeeper-gloves.com\\\/fr\\\/mon-compte\\\/\",\"name\":\"Mon compte | BKeeper Sport\",\"isPartOf\":{\"@id\":\"https:\\\/\\\/www.bkeeper-gloves.com\\\/fr\\\/#website\"},\"datePublished\":\"2021-02-17T11:04:19+00:00\",\"dateModified\":\"2025-06-06T08:47:31+00:00\",\"breadcrumb\":{\"@id\":\"https:\\\/\\\/www.bkeeper-gloves.com\\\/fr\\\/mon-compte\\\/#breadcrumb\"},\"inLanguage\":\"fr-FR\",\"potentialAction\":[{\"@type\":\"ReadAction\",\"target\":[\"https:\\\/\\\/www.bkeeper-gloves.com\\\/fr\\\/mon-compte\\\/\"]}]},{\"@type\":\"BreadcrumbList\",\"@id\":\"https:\\\/\\\/www.bkeeper-gloves.com\\\/fr\\\/mon-compte\\\/#breadcrumb\",\"itemListElement\":[{\"@type\":\"ListItem\",\"position\":1,\"name\":\"Homepage\",\"item\":\"https:\\\/\\\/www.bkeeper-gloves.com\\\/fr\\\/homepage-v2\\\/\"},{\"@type\":\"ListItem\",\"position\":2,\"name\":\"Mon compte\"}]},{\"@type\":\"WebSite\",\"@id\":\"https:\\\/\\\/www.bkeeper-gloves.com\\\/fr\\\/#website\",\"url\":\"https:\\\/\\\/www.bkeeper-gloves.com\\\/fr\\\/\",\"name\":\"BKeeper Gloves\",\"description\":\"Get the Grip\",\"publisher\":{\"@id\":\"https:\\\/\\\/www.bkeeper-gloves.com\\\/fr\\\/#organization\"},\"alternateName\":\"BKeeper\",\"potentialAction\":[{\"@type\":\"SearchAction\",\"target\":{\"@type\":\"EntryPoint\",\"urlTemplate\":\"https:\\\/\\\/www.bkeeper-gloves.com\\\/fr\\\/?s={search_term_string}\"},\"query-input\":{\"@type\":\"PropertyValueSpecification\",\"valueRequired\":true,\"valueName\":\"search_term_string\"}}],\"inLanguage\":\"fr-FR\"},{\"@type\":\"Organization\",\"@id\":\"https:\\\/\\\/www.bkeeper-gloves.com\\\/fr\\\/#organization\",\"name\":\"BKeeper International\",\"url\":\"https:\\\/\\\/www.bkeeper-gloves.com\\\/fr\\\/\",\"logo\":{\"@type\":\"ImageObject\",\"inLanguage\":\"fr-FR\",\"@id\":\"https:\\\/\\\/www.bkeeper-gloves.com\\\/fr\\\/#\\\/schema\\\/logo\\\/image\\\/\",\"url\":\"https:\\\/\\\/www.bkeeper-gloves.com\\\/wp-content\\\/uploads\\\/2024\\\/10\\\/cropped-BKeeper-Sport-Logo.png\",\"contentUrl\":\"https:\\\/\\\/www.bkeeper-gloves.com\\\/wp-content\\\/uploads\\\/2024\\\/10\\\/cropped-BKeeper-Sport-Logo.png\",\"width\":512,\"height\":512,\"caption\":\"BKeeper International\"},\"image\":{\"@id\":\"https:\\\/\\\/www.bkeeper-gloves.com\\\/fr\\\/#\\\/schema\\\/logo\\\/image\\\/\"},\"sameAs\":[\"https:\\\/\\\/www.facebook.com\\\/BKeeper.Officiel\",\"https:\\\/\\\/x.com\\\/BkeeperSport\",\"https:\\\/\\\/www.instagram.com\\\/bkeeper_officiel\",\"https:\\\/\\\/www.linkedin.com\\\/company\\\/69264427\",\"https:\\\/\\\/www.youtube.com\\\/channel\\\/UCITHrNJmuyvVcmWifY3mSMw\"]}]}<\/script>\n<!-- \/ Yoast SEO plugin. -->","yoast_head_json":{"title":"Mon compte | BKeeper Sport","robots":{"index":"noindex","follow":"follow"},"og_locale":"fr_FR","og_type":"article","og_title":"Mon compte | BKeeper Sport","og_description":"Tableau de bord Commandes Adresses D\u00e9tails du compte D\u00e9connexion Bonjour Thibaud (vous n\u2019\u00eates pas Thibaud\u00a0? D\u00e9connexion) \u00c0 partir du tableau de bord de votre compte, vous pouvez visualiser vos commandes r\u00e9centes, g\u00e9rer vos adresses de livraison et de facturation ainsi que changer votre mot de passe et les d\u00e9tails de votre compte.","og_url":"https:\/\/www.bkeeper-gloves.com\/fr\/mon-compte\/","og_site_name":"BKeeper Sport","article_publisher":"https:\/\/www.facebook.com\/BKeeper.Officiel","article_modified_time":"2025-06-06T08:47:31+00:00","og_image":[{"width":1200,"height":675,"url":"https:\/\/www.bkeeper-gloves.com\/wp-content\/uploads\/2025\/03\/BKeeper-logo-social.webp","type":"image\/webp"}],"twitter_card":"summary_large_image","twitter_site":"@BkeeperSport","twitter_misc":{"Dur\u00e9e de lecture estim\u00e9e":"1 minute"},"schema":{"@context":"https:\/\/schema.org","@graph":[{"@type":"WebPage","@id":"https:\/\/www.bkeeper-gloves.com\/fr\/mon-compte\/","url":"https:\/\/www.bkeeper-gloves.com\/fr\/mon-compte\/","name":"Mon compte | BKeeper Sport","isPartOf":{"@id":"https:\/\/www.bkeeper-gloves.com\/fr\/#website"},"datePublished":"2021-02-17T11:04:19+00:00","dateModified":"2025-06-06T08:47:31+00:00","breadcrumb":{"@id":"https:\/\/www.bkeeper-gloves.com\/fr\/mon-compte\/#breadcrumb"},"inLanguage":"fr-FR","potentialAction":[{"@type":"ReadAction","target":["https:\/\/www.bkeeper-gloves.com\/fr\/mon-compte\/"]}]},{"@type":"BreadcrumbList","@id":"https:\/\/www.bkeeper-gloves.com\/fr\/mon-compte\/#breadcrumb","itemListElement":[{"@type":"ListItem","position":1,"name":"Homepage","item":"https:\/\/www.bkeeper-gloves.com\/fr\/homepage-v2\/"},{"@type":"ListItem","position":2,"name":"Mon compte"}]},{"@type":"WebSite","@id":"https:\/\/www.bkeeper-gloves.com\/fr\/#website","url":"https:\/\/www.bkeeper-gloves.com\/fr\/","name":"BKeeper Gloves","description":"Get the Grip","publisher":{"@id":"https:\/\/www.bkeeper-gloves.com\/fr\/#organization"},"alternateName":"BKeeper","potentialAction":[{"@type":"SearchAction","target":{"@type":"EntryPoint","urlTemplate":"https:\/\/www.bkeeper-gloves.com\/fr\/?s={search_term_string}"},"query-input":{"@type":"PropertyValueSpecification","valueRequired":true,"valueName":"search_term_string"}}],"inLanguage":"fr-FR"},{"@type":"Organization","@id":"https:\/\/www.bkeeper-gloves.com\/fr\/#organization","name":"BKeeper International","url":"https:\/\/www.bkeeper-gloves.com\/fr\/","logo":{"@type":"ImageObject","inLanguage":"fr-FR","@id":"https:\/\/www.bkeeper-gloves.com\/fr\/#\/schema\/logo\/image\/","url":"https:\/\/www.bkeeper-gloves.com\/wp-content\/uploads\/2024\/10\/cropped-BKeeper-Sport-Logo.png","contentUrl":"https:\/\/www.bkeeper-gloves.com\/wp-content\/uploads\/2024\/10\/cropped-BKeeper-Sport-Logo.png","width":512,"height":512,"caption":"BKeeper International"},"image":{"@id":"https:\/\/www.bkeeper-gloves.com\/fr\/#\/schema\/logo\/image\/"},"sameAs":["https:\/\/www.facebook.com\/BKeeper.Officiel","https:\/\/x.com\/BkeeperSport","https:\/\/www.instagram.com\/bkeeper_officiel","https:\/\/www.linkedin.com\/company\/69264427","https:\/\/www.youtube.com\/channel\/UCITHrNJmuyvVcmWifY3mSMw"]}]}},"_links":{"self":[{"href":"https:\/\/www.bkeeper-gloves.com\/fr\/wp-json\/wp\/v2\/pages\/13","targetHints":{"allow":["GET"]}}],"collection":[{"href":"https:\/\/www.bkeeper-gloves.com\/fr\/wp-json\/wp\/v2\/pages"}],"about":[{"href":"https:\/\/www.bkeeper-gloves.com\/fr\/wp-json\/wp\/v2\/types\/page"}],"author":[{"embeddable":true,"href":"https:\/\/www.bkeeper-gloves.com\/fr\/wp-json\/wp\/v2\/users\/1"}],"replies":[{"embeddable":true,"href":"https:\/\/www.bkeeper-gloves.com\/fr\/wp-json\/wp\/v2\/comments?post=13"}],"version-history":[{"count":0,"href":"https:\/\/www.bkeeper-gloves.com\/fr\/wp-json\/wp\/v2\/pages\/13\/revisions"}],"wp:attachment":[{"href":"https:\/\/www.bkeeper-gloves.com\/fr\/wp-json\/wp\/v2\/media?parent=13"}],"curies":[{"name":"wp","href":"https:\/\/api.w.org\/{rel}","templated":true}]}}