{"id":71460,"date":"2025-05-27T14:56:13","date_gmt":"2025-05-27T12:56:13","guid":{"rendered":"https:\/\/www.bkeeper-gloves.com\/service-apres-vente\/"},"modified":"2025-09-01T11:42:18","modified_gmt":"2025-09-01T09:42:18","slug":"service-apres-vente","status":"publish","type":"page","link":"https:\/\/www.bkeeper-gloves.com\/fr\/service-apres-vente\/","title":{"rendered":"Service apr\u00e8s-vente"},"content":{"rendered":"\t\t<div data-elementor-type=\"wp-page\" data-elementor-id=\"71460\" class=\"elementor elementor-71460 elementor-71456\" data-elementor-post-type=\"page\">\n\t\t\t\t<div class=\"elementor-element elementor-element-253eace e-flex e-con-boxed e-con e-parent\" data-id=\"253eace\" data-element_type=\"container\" data-e-type=\"container\">\n\t\t\t\t\t<div class=\"e-con-inner\">\n\t\t\t\t<div class=\"elementor-element elementor-element-898868a elementor-widget elementor-widget-text-editor\" data-id=\"898868a\" data-element_type=\"widget\" data-e-type=\"widget\" data-widget_type=\"text-editor.default\">\n\t\t\t\t<div class=\"elementor-widget-container\">\n\t\t\t\t\t\t\t\t\t<p>Si vous rencontrez un probl\u00e8me avec les articles que vous avez command\u00e9s ou si vous souhaitez un \u00e9change ou un remboursement, veuillez remplir le formulaire ci-dessous et nous vous r\u00e9pondrons dans les plus brefs d\u00e9lais.<\/p>\t\t\t\t\t\t\t\t<\/div>\n\t\t\t\t<\/div>\n\t\t\t\t<div class=\"elementor-element elementor-element-c8954ac elementor-button-align-stretch elementor-widget elementor-widget-form\" data-id=\"c8954ac\" data-element_type=\"widget\" data-e-type=\"widget\" data-settings=\"{&quot;step_next_label&quot;:&quot;Suivant&quot;,&quot;step_previous_label&quot;:&quot;Pr\\u00e9c\\u00e9dent&quot;,&quot;button_width&quot;:&quot;100&quot;,&quot;step_type&quot;:&quot;number_text&quot;,&quot;step_icon_shape&quot;:&quot;circle&quot;}\" data-widget_type=\"form.default\">\n\t\t\t\t<div class=\"elementor-widget-container\">\n\t\t\t\t\t\t\t<form class=\"elementor-form\" method=\"post\" name=\"Nouveau formulaire\" aria-label=\"Nouveau formulaire\">\n\t\t\t<input type=\"hidden\" name=\"post_id\" value=\"71460\"\/>\n\t\t\t<input type=\"hidden\" name=\"form_id\" value=\"c8954ac\"\/>\n\t\t\t<input type=\"hidden\" name=\"referer_title\" value=\"BKeeper Sport\" \/>\n\n\t\t\t\n\t\t\t<div class=\"elementor-form-fields-wrapper elementor-labels-above\">\n\t\t\t\t\t\t\t\t<div class=\"elementor-field-type-text elementor-field-group elementor-column elementor-field-group-firstname elementor-col-50 elementor-field-required elementor-mark-required\">\n\t\t\t\t\t\t\t\t\t\t\t\t<label for=\"form-field-firstname\" class=\"elementor-field-label\">\n\t\t\t\t\t\t\t\tPr\u00e9nom\t\t\t\t\t\t\t<\/label>\n\t\t\t\t\t\t\t\t\t\t\t\t\t\t<input size=\"1\" type=\"text\" name=\"form_fields[firstname]\" id=\"form-field-firstname\" class=\"elementor-field elementor-size-sm  elementor-field-textual\" placeholder=\"Pr\u00e9nom\" required=\"required\">\n\t\t\t\t\t\t\t\t\t\t\t<\/div>\n\t\t\t\t\t\t\t\t<div class=\"elementor-field-type-text elementor-field-group elementor-column elementor-field-group-field_95960bb elementor-col-50 elementor-field-required elementor-mark-required\">\n\t\t\t\t\t\t\t\t\t\t\t\t<label for=\"form-field-field_95960bb\" class=\"elementor-field-label\">\n\t\t\t\t\t\t\t\tNom de famille\t\t\t\t\t\t\t<\/label>\n\t\t\t\t\t\t\t\t\t\t\t\t\t\t<input size=\"1\" type=\"text\" name=\"form_fields[field_95960bb]\" id=\"form-field-field_95960bb\" class=\"elementor-field elementor-size-sm  elementor-field-textual\" placeholder=\"Nom de famille\" required=\"required\">\n\t\t\t\t\t\t\t\t\t\t\t<\/div>\n\t\t\t\t\t\t\t\t<div class=\"elementor-field-type-email elementor-field-group elementor-column elementor-field-group-email elementor-col-50 elementor-field-required elementor-mark-required\">\n\t\t\t\t\t\t\t\t\t\t\t\t<label for=\"form-field-email\" class=\"elementor-field-label\">\n\t\t\t\t\t\t\t\tE-mail\t\t\t\t\t\t\t<\/label>\n\t\t\t\t\t\t\t\t\t\t\t\t\t\t<input size=\"1\" type=\"email\" name=\"form_fields[email]\" id=\"form-field-email\" class=\"elementor-field elementor-size-sm  elementor-field-textual\" placeholder=\"E-mail\" required=\"required\">\n\t\t\t\t\t\t\t\t\t\t\t<\/div>\n\t\t\t\t\t\t\t\t<div class=\"elementor-field-type-tel elementor-field-group elementor-column elementor-field-group-phone elementor-col-50 elementor-field-required elementor-mark-required\">\n\t\t\t\t\t\t\t\t\t\t\t\t<label for=\"form-field-phone\" class=\"elementor-field-label\">\n\t\t\t\t\t\t\t\tT\u00e9l\u00e9phone\t\t\t\t\t\t\t<\/label>\n\t\t\t\t\t\t\t\t<input size=\"1\" type=\"tel\" name=\"form_fields[phone]\" id=\"form-field-phone\" class=\"elementor-field elementor-size-sm  elementor-field-textual\" placeholder=\"T\u00e9l\u00e9phone\" required=\"required\" pattern=\"[0-9()#&amp;+*-=.]+\" title=\"Seuls les caract\u00e8res de num\u00e9ros de t\u00e9l\u00e9phone (#, -, *, etc.) sont accept\u00e9s.\">\n\n\t\t\t\t\t\t<\/div>\n\t\t\t\t\t\t\t\t<div class=\"elementor-field-type-text elementor-field-group elementor-column elementor-field-group-ordernumber elementor-col-100\">\n\t\t\t\t\t\t\t\t\t\t\t\t<label for=\"form-field-ordernumber\" class=\"elementor-field-label\">\n\t\t\t\t\t\t\t\tNum\u00e9ro de commande\t\t\t\t\t\t\t<\/label>\n\t\t\t\t\t\t\t\t\t\t\t\t\t\t<input size=\"1\" type=\"text\" name=\"form_fields[ordernumber]\" id=\"form-field-ordernumber\" class=\"elementor-field elementor-size-sm  elementor-field-textual\" placeholder=\"Num\u00e9ro de commande\">\n\t\t\t\t\t\t\t\t\t\t\t<\/div>\n\t\t\t\t\t\t\t\t<div class=\"elementor-field-type-select elementor-field-group elementor-column elementor-field-group-motif elementor-col-100 elementor-field-required elementor-mark-required\">\n\t\t\t\t\t\t\t\t\t\t\t\t<label for=\"form-field-motif\" class=\"elementor-field-label\">\n\t\t\t\t\t\t\t\tMotif de votre demande\t\t\t\t\t\t\t<\/label>\n\t\t\t\t\t\t\t\t<div class=\"elementor-field elementor-select-wrapper remove-before \">\n\t\t\t<div class=\"select-caret-down-wrapper\">\n\t\t\t\t<svg aria-hidden=\"true\" class=\"e-font-icon-svg e-eicon-caret-down\" viewBox=\"0 0 571.4 571.4\" xmlns=\"http:\/\/www.w3.org\/2000\/svg\"><path d=\"M571 393Q571 407 561 418L311 668Q300 679 286 679T261 668L11 418Q0 407 0 393T11 368 36 357H536Q550 357 561 368T571 393Z\"><\/path><\/svg>\t\t\t<\/div>\n\t\t\t<select name=\"form_fields[motif]\" id=\"form-field-motif\" class=\"elementor-field-textual elementor-size-sm\" required=\"required\">\n\t\t\t\t\t\t\t\t\t<option value=\"Produit d\u00e9fectueux\">Produit d\u00e9fectueux<\/option>\n\t\t\t\t\t\t\t\t\t<option value=\"\u00c9change\">\u00c9change<\/option>\n\t\t\t\t\t\t\t\t\t<option value=\"Remboursement\">Remboursement<\/option>\n\t\t\t\t\t\t\t\t\t<option value=\"Autre\">Autre<\/option>\n\t\t\t\t\t\t\t<\/select>\n\t\t<\/div>\n\t\t\t\t\t\t<\/div>\n\t\t\t\t\t\t\t\t<div class=\"elementor-field-type-textarea elementor-field-group elementor-column elementor-field-group-message elementor-col-100 elementor-field-required elementor-mark-required\">\n\t\t\t\t\t\t\t\t\t\t\t\t<label for=\"form-field-message\" class=\"elementor-field-label\">\n\t\t\t\t\t\t\t\tMessage\t\t\t\t\t\t\t<\/label>\n\t\t\t\t\t\t<textarea class=\"elementor-field-textual elementor-field  elementor-size-sm\" name=\"form_fields[message]\" id=\"form-field-message\" rows=\"6\" placeholder=\"D\u00e9crivez-nous votre probl\u00e8me\" required=\"required\"><\/textarea>\t\t\t\t<\/div>\n\t\t\t\t\t\t\t\t<div class=\"elementor-field-type-upload elementor-field-group elementor-column elementor-field-group-field_e460835 elementor-col-100\">\n\t\t\t\t\t\t\t\t\t\t\t\t<label for=\"form-field-field_e460835\" class=\"elementor-field-label\">\n\t\t\t\t\t\t\t\tPhoto du produit pour le service apr\u00e8s-vente\t\t\t\t\t\t\t<\/label>\n\t\t\t\t\t\t\t\t<input type=\"file\" name=\"form_fields[field_e460835][]\" id=\"form-field-field_e460835\" class=\"elementor-field elementor-size-sm  elementor-upload-field\" multiple=\"multiple\" data-maxsize=\"10\" data-maxsize-message=\"Ce fichier d\u00e9passe la taille maximale autoris\u00e9e.\">\n\n\t\t\t\t\t\t<\/div>\n\t\t\t\t\t\t\t\t<div class=\"elementor-field-type-acceptance elementor-field-group elementor-column elementor-field-group-field_7945339 elementor-col-100\">\n\t\t\t\t\t\t\t<div class=\"elementor-field-subgroup\">\n\t\t\t<span class=\"elementor-field-option\">\n\t\t\t\t<input type=\"checkbox\" name=\"form_fields[field_7945339]\" id=\"form-field-field_7945339\" class=\"elementor-field elementor-size-sm  elementor-acceptance-field\">\n\t\t\t\t<label for=\"form-field-field_7945339\">J'accepte d'\u00eatre contact\u00e9 par BKeeper au sujet de ce dossier<\/label>\t\t\t<\/span>\n\t\t<\/div>\n\t\t\t\t\t\t<\/div>\n\t\t\t\t\t\t\t\t<div class=\"elementor-field-type-text\">\n\t\t\t\t\t<input size=\"1\" type=\"text\" name=\"form_fields[field_61b9406]\" id=\"form-field-field_61b9406\" class=\"elementor-field elementor-size-sm \" style=\"display:none !important;\">\t\t\t\t<\/div>\n\t\t\t\t\t\t\t\t<div class=\"elementor-field-type-recaptcha_v3 elementor-field-group elementor-column elementor-field-group-field_1a3d73a elementor-col-100 recaptcha_v3-bottomright\">\n\t\t\t\t\t<div class=\"elementor-field\" id=\"form-field-field_1a3d73a\"><div class=\"elementor-g-recaptcha\" data-sitekey=\"6LdD8PcpAAAAAEtfNmpP4lEU110wFyqQKcXxymeD\" data-type=\"v3\" data-action=\"Form\" data-badge=\"bottomright\" data-size=\"invisible\"><\/div><\/div>\t\t\t\t<\/div>\n\t\t\t\t\t\t\t\t<div class=\"elementor-field-group elementor-column elementor-field-type-submit elementor-col-100 e-form__buttons\">\n\t\t\t\t\t<button class=\"elementor-button elementor-size-sm\" type=\"submit\">\n\t\t\t\t\t\t<span class=\"elementor-button-content-wrapper\">\n\t\t\t\t\t\t\t\t\t\t\t\t\t\t\t<span class=\"elementor-button-icon\">\n\t\t\t\t\t\t\t\t\t<svg aria-hidden=\"true\" class=\"e-font-icon-svg e-far-paper-plane\" viewBox=\"0 0 512 512\" xmlns=\"http:\/\/www.w3.org\/2000\/svg\"><path d=\"M440 6.5L24 246.4c-34.4 19.9-31.1 70.8 5.7 85.9L144 379.6V464c0 46.4 59.2 65.5 86.6 28.6l43.8-59.1 111.9 46.2c5.9 2.4 12.1 3.6 18.3 3.6 8.2 0 16.3-2.1 23.6-6.2 12.8-7.2 21.6-20 23.9-34.5l59.4-387.2c6.1-40.1-36.9-68.8-71.5-48.9zM192 464v-64.6l36.6 15.1L192 464zm212.6-28.7l-153.8-63.5L391 169.5c10.7-15.5-9.5-33.5-23.7-21.2L155.8 332.6 48 288 464 48l-59.4 387.3z\"><\/path><\/svg>\t\t\t\t\t\t\t\t\t\t\t\t\t\t\t\t\t<\/span>\n\t\t\t\t\t\t\t\t\t\t\t\t\t\t\t\t\t\t\t\t\t\t<span class=\"elementor-button-text\">Envoyer<\/span>\n\t\t\t\t\t\t\t\t\t\t\t\t\t<\/span>\n\t\t\t\t\t<\/button>\n\t\t\t\t<\/div>\n\t\t\t<\/div>\n\t\t<\/form>\n\t\t\t\t\t\t<\/div>\n\t\t\t\t<\/div>\n\t\t\t\t\t<\/div>\n\t\t\t\t<\/div>\n\t\t\t\t<\/div>\n\t\t","protected":false},"excerpt":{"rendered":"<p>Si vous rencontrez un probl\u00e8me avec les articles que vous avez command\u00e9s ou si vous souhaitez un \u00e9change ou un remboursement, veuillez remplir le formulaire ci-dessous et nous vous r\u00e9pondrons dans les plus brefs d\u00e9lais.<\/p>\n","protected":false},"author":1,"featured_media":0,"parent":0,"menu_order":0,"comment_status":"closed","ping_status":"closed","template":"","meta":{"_acf_changed":false,"footnotes":""},"class_list":["post-71460","page","type-page","status-publish","hentry"],"acf":[],"yoast_head":"<!-- This site is optimized with the Yoast SEO plugin v27.2 - https:\/\/yoast.com\/product\/yoast-seo-wordpress\/ -->\n<title>Service apr\u00e8s-vente | BKeeper Sport<\/title>\n<meta name=\"robots\" content=\"index, follow, max-snippet:-1, max-image-preview:large, max-video-preview:-1\" \/>\n<link rel=\"canonical\" href=\"https:\/\/www.bkeeper-gloves.com\/fr\/service-apres-vente\/\" \/>\n<meta property=\"og:locale\" content=\"fr_FR\" \/>\n<meta property=\"og:type\" content=\"article\" \/>\n<meta property=\"og:title\" content=\"Service apr\u00e8s-vente | BKeeper Sport\" \/>\n<meta property=\"og:description\" content=\"Si vous rencontrez un probl\u00e8me avec les articles que vous avez command\u00e9s ou si vous souhaitez un \u00e9change ou un remboursement, veuillez remplir le formulaire ci-dessous et nous vous r\u00e9pondrons dans les plus brefs d\u00e9lais.\" \/>\n<meta property=\"og:url\" content=\"https:\/\/www.bkeeper-gloves.com\/fr\/service-apres-vente\/\" \/>\n<meta property=\"og:site_name\" content=\"BKeeper Sport\" \/>\n<meta property=\"article:publisher\" content=\"https:\/\/www.facebook.com\/BKeeper.Officiel\" \/>\n<meta property=\"article:modified_time\" content=\"2025-09-01T09:42:18+00:00\" \/>\n<meta property=\"og:image\" content=\"https:\/\/www.bkeeper-gloves.com\/wp-content\/uploads\/2025\/03\/BKeeper-logo-social.webp\" \/>\n\t<meta property=\"og:image:width\" content=\"1200\" \/>\n\t<meta property=\"og:image:height\" content=\"675\" \/>\n\t<meta property=\"og:image:type\" content=\"image\/webp\" \/>\n<meta name=\"twitter:card\" content=\"summary_large_image\" \/>\n<meta name=\"twitter:site\" content=\"@BkeeperSport\" \/>\n<script type=\"application\/ld+json\" class=\"yoast-schema-graph\">{\"@context\":\"https:\/\/schema.org\",\"@graph\":[{\"@type\":\"WebPage\",\"@id\":\"https:\/\/www.bkeeper-gloves.com\/fr\/service-apres-vente\/\",\"url\":\"https:\/\/www.bkeeper-gloves.com\/fr\/service-apres-vente\/\",\"name\":\"Service apr\u00e8s-vente | BKeeper Sport\",\"isPartOf\":{\"@id\":\"https:\/\/www.bkeeper-gloves.com\/fr\/#website\"},\"datePublished\":\"2025-05-27T12:56:13+00:00\",\"dateModified\":\"2025-09-01T09:42:18+00:00\",\"breadcrumb\":{\"@id\":\"https:\/\/www.bkeeper-gloves.com\/fr\/service-apres-vente\/#breadcrumb\"},\"inLanguage\":\"fr-FR\",\"potentialAction\":[{\"@type\":\"ReadAction\",\"target\":[\"https:\/\/www.bkeeper-gloves.com\/fr\/service-apres-vente\/\"]}]},{\"@type\":\"BreadcrumbList\",\"@id\":\"https:\/\/www.bkeeper-gloves.com\/fr\/service-apres-vente\/#breadcrumb\",\"itemListElement\":[{\"@type\":\"ListItem\",\"position\":1,\"name\":\"Homepage\",\"item\":\"https:\/\/www.bkeeper-gloves.com\/fr\/homepage-v2\/\"},{\"@type\":\"ListItem\",\"position\":2,\"name\":\"Service apr\u00e8s-vente\"}]},{\"@type\":\"WebSite\",\"@id\":\"https:\/\/www.bkeeper-gloves.com\/fr\/#website\",\"url\":\"https:\/\/www.bkeeper-gloves.com\/fr\/\",\"name\":\"BKeeper Gloves\",\"description\":\"Get the Grip\",\"publisher\":{\"@id\":\"https:\/\/www.bkeeper-gloves.com\/fr\/#organization\"},\"alternateName\":\"BKeeper\",\"potentialAction\":[{\"@type\":\"SearchAction\",\"target\":{\"@type\":\"EntryPoint\",\"urlTemplate\":\"https:\/\/www.bkeeper-gloves.com\/fr\/?s={search_term_string}\"},\"query-input\":{\"@type\":\"PropertyValueSpecification\",\"valueRequired\":true,\"valueName\":\"search_term_string\"}}],\"inLanguage\":\"fr-FR\"},{\"@type\":\"Organization\",\"@id\":\"https:\/\/www.bkeeper-gloves.com\/fr\/#organization\",\"name\":\"BKeeper International\",\"url\":\"https:\/\/www.bkeeper-gloves.com\/fr\/\",\"logo\":{\"@type\":\"ImageObject\",\"inLanguage\":\"fr-FR\",\"@id\":\"https:\/\/www.bkeeper-gloves.com\/fr\/#\/schema\/logo\/image\/\",\"url\":\"https:\/\/www.bkeeper-gloves.com\/wp-content\/uploads\/2024\/10\/cropped-BKeeper-Sport-Logo.png\",\"contentUrl\":\"https:\/\/www.bkeeper-gloves.com\/wp-content\/uploads\/2024\/10\/cropped-BKeeper-Sport-Logo.png\",\"width\":512,\"height\":512,\"caption\":\"BKeeper International\"},\"image\":{\"@id\":\"https:\/\/www.bkeeper-gloves.com\/fr\/#\/schema\/logo\/image\/\"},\"sameAs\":[\"https:\/\/www.facebook.com\/BKeeper.Officiel\",\"https:\/\/x.com\/BkeeperSport\",\"https:\/\/www.instagram.com\/bkeeper_officiel\",\"https:\/\/www.linkedin.com\/company\/69264427\",\"https:\/\/www.youtube.com\/channel\/UCITHrNJmuyvVcmWifY3mSMw\"]}]}<\/script>\n<!-- \/ Yoast SEO plugin. -->","yoast_head_json":{"title":"Service apr\u00e8s-vente | BKeeper Sport","robots":{"index":"index","follow":"follow","max-snippet":"max-snippet:-1","max-image-preview":"max-image-preview:large","max-video-preview":"max-video-preview:-1"},"canonical":"https:\/\/www.bkeeper-gloves.com\/fr\/service-apres-vente\/","og_locale":"fr_FR","og_type":"article","og_title":"Service apr\u00e8s-vente | BKeeper Sport","og_description":"Si vous rencontrez un probl\u00e8me avec les articles que vous avez command\u00e9s ou si vous souhaitez un \u00e9change ou un remboursement, veuillez remplir le formulaire ci-dessous et nous vous r\u00e9pondrons dans les plus brefs d\u00e9lais.","og_url":"https:\/\/www.bkeeper-gloves.com\/fr\/service-apres-vente\/","og_site_name":"BKeeper Sport","article_publisher":"https:\/\/www.facebook.com\/BKeeper.Officiel","article_modified_time":"2025-09-01T09:42:18+00:00","og_image":[{"width":1200,"height":675,"url":"https:\/\/www.bkeeper-gloves.com\/wp-content\/uploads\/2025\/03\/BKeeper-logo-social.webp","type":"image\/webp"}],"twitter_card":"summary_large_image","twitter_site":"@BkeeperSport","schema":{"@context":"https:\/\/schema.org","@graph":[{"@type":"WebPage","@id":"https:\/\/www.bkeeper-gloves.com\/fr\/service-apres-vente\/","url":"https:\/\/www.bkeeper-gloves.com\/fr\/service-apres-vente\/","name":"Service apr\u00e8s-vente | BKeeper Sport","isPartOf":{"@id":"https:\/\/www.bkeeper-gloves.com\/fr\/#website"},"datePublished":"2025-05-27T12:56:13+00:00","dateModified":"2025-09-01T09:42:18+00:00","breadcrumb":{"@id":"https:\/\/www.bkeeper-gloves.com\/fr\/service-apres-vente\/#breadcrumb"},"inLanguage":"fr-FR","potentialAction":[{"@type":"ReadAction","target":["https:\/\/www.bkeeper-gloves.com\/fr\/service-apres-vente\/"]}]},{"@type":"BreadcrumbList","@id":"https:\/\/www.bkeeper-gloves.com\/fr\/service-apres-vente\/#breadcrumb","itemListElement":[{"@type":"ListItem","position":1,"name":"Homepage","item":"https:\/\/www.bkeeper-gloves.com\/fr\/homepage-v2\/"},{"@type":"ListItem","position":2,"name":"Service apr\u00e8s-vente"}]},{"@type":"WebSite","@id":"https:\/\/www.bkeeper-gloves.com\/fr\/#website","url":"https:\/\/www.bkeeper-gloves.com\/fr\/","name":"BKeeper Gloves","description":"Get the Grip","publisher":{"@id":"https:\/\/www.bkeeper-gloves.com\/fr\/#organization"},"alternateName":"BKeeper","potentialAction":[{"@type":"SearchAction","target":{"@type":"EntryPoint","urlTemplate":"https:\/\/www.bkeeper-gloves.com\/fr\/?s={search_term_string}"},"query-input":{"@type":"PropertyValueSpecification","valueRequired":true,"valueName":"search_term_string"}}],"inLanguage":"fr-FR"},{"@type":"Organization","@id":"https:\/\/www.bkeeper-gloves.com\/fr\/#organization","name":"BKeeper International","url":"https:\/\/www.bkeeper-gloves.com\/fr\/","logo":{"@type":"ImageObject","inLanguage":"fr-FR","@id":"https:\/\/www.bkeeper-gloves.com\/fr\/#\/schema\/logo\/image\/","url":"https:\/\/www.bkeeper-gloves.com\/wp-content\/uploads\/2024\/10\/cropped-BKeeper-Sport-Logo.png","contentUrl":"https:\/\/www.bkeeper-gloves.com\/wp-content\/uploads\/2024\/10\/cropped-BKeeper-Sport-Logo.png","width":512,"height":512,"caption":"BKeeper International"},"image":{"@id":"https:\/\/www.bkeeper-gloves.com\/fr\/#\/schema\/logo\/image\/"},"sameAs":["https:\/\/www.facebook.com\/BKeeper.Officiel","https:\/\/x.com\/BkeeperSport","https:\/\/www.instagram.com\/bkeeper_officiel","https:\/\/www.linkedin.com\/company\/69264427","https:\/\/www.youtube.com\/channel\/UCITHrNJmuyvVcmWifY3mSMw"]}]}},"_links":{"self":[{"href":"https:\/\/www.bkeeper-gloves.com\/fr\/wp-json\/wp\/v2\/pages\/71460","targetHints":{"allow":["GET"]}}],"collection":[{"href":"https:\/\/www.bkeeper-gloves.com\/fr\/wp-json\/wp\/v2\/pages"}],"about":[{"href":"https:\/\/www.bkeeper-gloves.com\/fr\/wp-json\/wp\/v2\/types\/page"}],"author":[{"embeddable":true,"href":"https:\/\/www.bkeeper-gloves.com\/fr\/wp-json\/wp\/v2\/users\/1"}],"replies":[{"embeddable":true,"href":"https:\/\/www.bkeeper-gloves.com\/fr\/wp-json\/wp\/v2\/comments?post=71460"}],"version-history":[{"count":2,"href":"https:\/\/www.bkeeper-gloves.com\/fr\/wp-json\/wp\/v2\/pages\/71460\/revisions"}],"predecessor-version":[{"id":83442,"href":"https:\/\/www.bkeeper-gloves.com\/fr\/wp-json\/wp\/v2\/pages\/71460\/revisions\/83442"}],"wp:attachment":[{"href":"https:\/\/www.bkeeper-gloves.com\/fr\/wp-json\/wp\/v2\/media?parent=71460"}],"curies":[{"name":"wp","href":"https:\/\/api.w.org\/{rel}","templated":true}]}}