{"id":79063,"date":"2025-07-03T15:26:02","date_gmt":"2025-07-03T13:26:02","guid":{"rendered":"https:\/\/www.bkeeper-gloves.com\/?post_type=product&#038;p=79063"},"modified":"2025-11-28T08:14:42","modified_gmt":"2025-11-28T07:14:42","slug":"casquette-bk-x-makai-11-copy","status":"publish","type":"product","link":"https:\/\/www.bkeeper-gloves.com\/fr\/produit\/casquette-bk-x-makai-11-copy\/","title":{"rendered":"Cap BK x Maka\u00ef #12"},"content":{"rendered":"","protected":false},"excerpt":{"rendered":"<p>Casquette am\u00e9ricaine en collaboration avec Maka\u00ef. Fabriqu\u00e9e en France. <\/p>\n<p>\u00c9dition collector.<\/p>\n","protected":false},"featured_media":79106,"template":"","meta":{"_acf_changed":false},"product_brand":[],"product_cat":[1424],"product_tag":[],"class_list":{"0":"post-79063","1":"product","2":"type-product","3":"status-publish","4":"has-post-thumbnail","6":"product_cat-casquettes","8":"first","9":"outofstock","10":"taxable","11":"shipping-taxable","12":"purchasable","13":"product-type-simple"},"exclude_global_add_ons":[],"addons":[],"acf":[],"yoast_head":"<!-- This site is optimized with the Yoast SEO plugin v27.2 - https:\/\/yoast.com\/product\/yoast-seo-wordpress\/ -->\n<title>Cap BK x Maka\u00ef #12 | BKeeper Sport<\/title>\n<meta name=\"robots\" content=\"index, follow, max-snippet:-1, max-image-preview:large, max-video-preview:-1\" \/>\n<link rel=\"canonical\" href=\"https:\/\/www.bkeeper-gloves.com\/fr\/produit\/casquette-bk-x-makai-11-copy\/\" \/>\n<meta property=\"og:locale\" content=\"fr_FR\" \/>\n<meta property=\"og:type\" content=\"article\" \/>\n<meta property=\"og:title\" content=\"Cap BK x Maka\u00ef #12 | BKeeper Sport\" \/>\n<meta property=\"og:description\" content=\"Casquette am\u00e9ricaine en collaboration avec Maka\u00ef. Fabriqu\u00e9e en France.  \u00c9dition collector.\" \/>\n<meta property=\"og:url\" content=\"https:\/\/www.bkeeper-gloves.com\/fr\/produit\/casquette-bk-x-makai-11-copy\/\" \/>\n<meta property=\"og:site_name\" content=\"BKeeper Sport\" \/>\n<meta property=\"article:publisher\" content=\"https:\/\/www.facebook.com\/BKeeper.Officiel\" \/>\n<meta property=\"article:modified_time\" content=\"2025-11-28T07:14:42+00:00\" \/>\n<meta property=\"og:image\" content=\"https:\/\/www.bkeeper-gloves.com\/wp-content\/uploads\/2025\/07\/2025010.webp\" \/>\n\t<meta property=\"og:image:width\" content=\"800\" \/>\n\t<meta property=\"og:image:height\" content=\"800\" \/>\n\t<meta property=\"og:image:type\" content=\"image\/webp\" \/>\n<meta name=\"twitter:card\" content=\"summary_large_image\" \/>\n<meta name=\"twitter:site\" content=\"@BkeeperSport\" \/>\n<script type=\"application\/ld+json\" class=\"yoast-schema-graph\">{\"@context\":\"https:\/\/schema.org\",\"@graph\":[{\"@type\":\"WebPage\",\"@id\":\"https:\/\/www.bkeeper-gloves.com\/fr\/produit\/casquette-bk-x-makai-11-copy\/\",\"url\":\"https:\/\/www.bkeeper-gloves.com\/fr\/produit\/casquette-bk-x-makai-11-copy\/\",\"name\":\"Cap BK x Maka\u00ef #12 | BKeeper Sport\",\"isPartOf\":{\"@id\":\"https:\/\/www.bkeeper-gloves.com\/fr\/#website\"},\"primaryImageOfPage\":{\"@id\":\"https:\/\/www.bkeeper-gloves.com\/fr\/produit\/casquette-bk-x-makai-11-copy\/#primaryimage\"},\"image\":{\"@id\":\"https:\/\/www.bkeeper-gloves.com\/fr\/produit\/casquette-bk-x-makai-11-copy\/#primaryimage\"},\"thumbnailUrl\":\"https:\/\/www.bkeeper-gloves.com\/wp-content\/uploads\/2025\/07\/2025010.webp\",\"datePublished\":\"2025-07-03T13:26:02+00:00\",\"dateModified\":\"2025-11-28T07:14:42+00:00\",\"breadcrumb\":{\"@id\":\"https:\/\/www.bkeeper-gloves.com\/fr\/produit\/casquette-bk-x-makai-11-copy\/#breadcrumb\"},\"inLanguage\":\"fr-FR\",\"potentialAction\":[{\"@type\":\"ReadAction\",\"target\":[\"https:\/\/www.bkeeper-gloves.com\/fr\/produit\/casquette-bk-x-makai-11-copy\/\"]}]},{\"@type\":\"ImageObject\",\"inLanguage\":\"fr-FR\",\"@id\":\"https:\/\/www.bkeeper-gloves.com\/fr\/produit\/casquette-bk-x-makai-11-copy\/#primaryimage\",\"url\":\"https:\/\/www.bkeeper-gloves.com\/wp-content\/uploads\/2025\/07\/2025010.webp\",\"contentUrl\":\"https:\/\/www.bkeeper-gloves.com\/wp-content\/uploads\/2025\/07\/2025010.webp\",\"width\":800,\"height\":800},{\"@type\":\"BreadcrumbList\",\"@id\":\"https:\/\/www.bkeeper-gloves.com\/fr\/produit\/casquette-bk-x-makai-11-copy\/#breadcrumb\",\"itemListElement\":[{\"@type\":\"ListItem\",\"position\":1,\"name\":\"Homepage\",\"item\":\"https:\/\/www.bkeeper-gloves.com\/fr\/homepage-v2\/\"},{\"@type\":\"ListItem\",\"position\":2,\"name\":\"Boutique des gardiens\",\"item\":\"https:\/\/www.bkeeper-gloves.com\/fr\/boutique\/\"},{\"@type\":\"ListItem\",\"position\":3,\"name\":\"Cap BK x Maka\u00ef #12\"}]},{\"@type\":\"WebSite\",\"@id\":\"https:\/\/www.bkeeper-gloves.com\/fr\/#website\",\"url\":\"https:\/\/www.bkeeper-gloves.com\/fr\/\",\"name\":\"BKeeper Gloves\",\"description\":\"Get the Grip\",\"publisher\":{\"@id\":\"https:\/\/www.bkeeper-gloves.com\/fr\/#organization\"},\"alternateName\":\"BKeeper\",\"potentialAction\":[{\"@type\":\"SearchAction\",\"target\":{\"@type\":\"EntryPoint\",\"urlTemplate\":\"https:\/\/www.bkeeper-gloves.com\/fr\/?s={search_term_string}\"},\"query-input\":{\"@type\":\"PropertyValueSpecification\",\"valueRequired\":true,\"valueName\":\"search_term_string\"}}],\"inLanguage\":\"fr-FR\"},{\"@type\":\"Organization\",\"@id\":\"https:\/\/www.bkeeper-gloves.com\/fr\/#organization\",\"name\":\"BKeeper International\",\"url\":\"https:\/\/www.bkeeper-gloves.com\/fr\/\",\"logo\":{\"@type\":\"ImageObject\",\"inLanguage\":\"fr-FR\",\"@id\":\"https:\/\/www.bkeeper-gloves.com\/fr\/#\/schema\/logo\/image\/\",\"url\":\"https:\/\/www.bkeeper-gloves.com\/wp-content\/uploads\/2024\/10\/cropped-BKeeper-Sport-Logo.png\",\"contentUrl\":\"https:\/\/www.bkeeper-gloves.com\/wp-content\/uploads\/2024\/10\/cropped-BKeeper-Sport-Logo.png\",\"width\":512,\"height\":512,\"caption\":\"BKeeper International\"},\"image\":{\"@id\":\"https:\/\/www.bkeeper-gloves.com\/fr\/#\/schema\/logo\/image\/\"},\"sameAs\":[\"https:\/\/www.facebook.com\/BKeeper.Officiel\",\"https:\/\/x.com\/BkeeperSport\",\"https:\/\/www.instagram.com\/bkeeper_officiel\",\"https:\/\/www.linkedin.com\/company\/69264427\",\"https:\/\/www.youtube.com\/channel\/UCITHrNJmuyvVcmWifY3mSMw\"]}]}<\/script>\n<!-- \/ Yoast SEO plugin. -->","yoast_head_json":{"title":"Cap BK x Maka\u00ef #12 | BKeeper Sport","robots":{"index":"index","follow":"follow","max-snippet":"max-snippet:-1","max-image-preview":"max-image-preview:large","max-video-preview":"max-video-preview:-1"},"canonical":"https:\/\/www.bkeeper-gloves.com\/fr\/produit\/casquette-bk-x-makai-11-copy\/","og_locale":"fr_FR","og_type":"article","og_title":"Cap BK x Maka\u00ef #12 | BKeeper Sport","og_description":"Casquette am\u00e9ricaine en collaboration avec Maka\u00ef. Fabriqu\u00e9e en France.  \u00c9dition collector.","og_url":"https:\/\/www.bkeeper-gloves.com\/fr\/produit\/casquette-bk-x-makai-11-copy\/","og_site_name":"BKeeper Sport","article_publisher":"https:\/\/www.facebook.com\/BKeeper.Officiel","article_modified_time":"2025-11-28T07:14:42+00:00","og_image":[{"width":800,"height":800,"url":"https:\/\/www.bkeeper-gloves.com\/wp-content\/uploads\/2025\/07\/2025010.webp","type":"image\/webp"}],"twitter_card":"summary_large_image","twitter_site":"@BkeeperSport","schema":{"@context":"https:\/\/schema.org","@graph":[{"@type":"WebPage","@id":"https:\/\/www.bkeeper-gloves.com\/fr\/produit\/casquette-bk-x-makai-11-copy\/","url":"https:\/\/www.bkeeper-gloves.com\/fr\/produit\/casquette-bk-x-makai-11-copy\/","name":"Cap BK x Maka\u00ef #12 | BKeeper Sport","isPartOf":{"@id":"https:\/\/www.bkeeper-gloves.com\/fr\/#website"},"primaryImageOfPage":{"@id":"https:\/\/www.bkeeper-gloves.com\/fr\/produit\/casquette-bk-x-makai-11-copy\/#primaryimage"},"image":{"@id":"https:\/\/www.bkeeper-gloves.com\/fr\/produit\/casquette-bk-x-makai-11-copy\/#primaryimage"},"thumbnailUrl":"https:\/\/www.bkeeper-gloves.com\/wp-content\/uploads\/2025\/07\/2025010.webp","datePublished":"2025-07-03T13:26:02+00:00","dateModified":"2025-11-28T07:14:42+00:00","breadcrumb":{"@id":"https:\/\/www.bkeeper-gloves.com\/fr\/produit\/casquette-bk-x-makai-11-copy\/#breadcrumb"},"inLanguage":"fr-FR","potentialAction":[{"@type":"ReadAction","target":["https:\/\/www.bkeeper-gloves.com\/fr\/produit\/casquette-bk-x-makai-11-copy\/"]}]},{"@type":"ImageObject","inLanguage":"fr-FR","@id":"https:\/\/www.bkeeper-gloves.com\/fr\/produit\/casquette-bk-x-makai-11-copy\/#primaryimage","url":"https:\/\/www.bkeeper-gloves.com\/wp-content\/uploads\/2025\/07\/2025010.webp","contentUrl":"https:\/\/www.bkeeper-gloves.com\/wp-content\/uploads\/2025\/07\/2025010.webp","width":800,"height":800},{"@type":"BreadcrumbList","@id":"https:\/\/www.bkeeper-gloves.com\/fr\/produit\/casquette-bk-x-makai-11-copy\/#breadcrumb","itemListElement":[{"@type":"ListItem","position":1,"name":"Homepage","item":"https:\/\/www.bkeeper-gloves.com\/fr\/homepage-v2\/"},{"@type":"ListItem","position":2,"name":"Boutique des gardiens","item":"https:\/\/www.bkeeper-gloves.com\/fr\/boutique\/"},{"@type":"ListItem","position":3,"name":"Cap BK x Maka\u00ef #12"}]},{"@type":"WebSite","@id":"https:\/\/www.bkeeper-gloves.com\/fr\/#website","url":"https:\/\/www.bkeeper-gloves.com\/fr\/","name":"BKeeper Gloves","description":"Get the Grip","publisher":{"@id":"https:\/\/www.bkeeper-gloves.com\/fr\/#organization"},"alternateName":"BKeeper","potentialAction":[{"@type":"SearchAction","target":{"@type":"EntryPoint","urlTemplate":"https:\/\/www.bkeeper-gloves.com\/fr\/?s={search_term_string}"},"query-input":{"@type":"PropertyValueSpecification","valueRequired":true,"valueName":"search_term_string"}}],"inLanguage":"fr-FR"},{"@type":"Organization","@id":"https:\/\/www.bkeeper-gloves.com\/fr\/#organization","name":"BKeeper International","url":"https:\/\/www.bkeeper-gloves.com\/fr\/","logo":{"@type":"ImageObject","inLanguage":"fr-FR","@id":"https:\/\/www.bkeeper-gloves.com\/fr\/#\/schema\/logo\/image\/","url":"https:\/\/www.bkeeper-gloves.com\/wp-content\/uploads\/2024\/10\/cropped-BKeeper-Sport-Logo.png","contentUrl":"https:\/\/www.bkeeper-gloves.com\/wp-content\/uploads\/2024\/10\/cropped-BKeeper-Sport-Logo.png","width":512,"height":512,"caption":"BKeeper International"},"image":{"@id":"https:\/\/www.bkeeper-gloves.com\/fr\/#\/schema\/logo\/image\/"},"sameAs":["https:\/\/www.facebook.com\/BKeeper.Officiel","https:\/\/x.com\/BkeeperSport","https:\/\/www.instagram.com\/bkeeper_officiel","https:\/\/www.linkedin.com\/company\/69264427","https:\/\/www.youtube.com\/channel\/UCITHrNJmuyvVcmWifY3mSMw"]}]}},"_links":{"self":[{"href":"https:\/\/www.bkeeper-gloves.com\/fr\/wp-json\/wp\/v2\/product\/79063","targetHints":{"allow":["GET"]}}],"collection":[{"href":"https:\/\/www.bkeeper-gloves.com\/fr\/wp-json\/wp\/v2\/product"}],"about":[{"href":"https:\/\/www.bkeeper-gloves.com\/fr\/wp-json\/wp\/v2\/types\/product"}],"version-history":[{"count":3,"href":"https:\/\/www.bkeeper-gloves.com\/fr\/wp-json\/wp\/v2\/product\/79063\/revisions"}],"predecessor-version":[{"id":79420,"href":"https:\/\/www.bkeeper-gloves.com\/fr\/wp-json\/wp\/v2\/product\/79063\/revisions\/79420"}],"wp:featuredmedia":[{"embeddable":true,"href":"https:\/\/www.bkeeper-gloves.com\/fr\/wp-json\/wp\/v2\/media\/79106"}],"wp:attachment":[{"href":"https:\/\/www.bkeeper-gloves.com\/fr\/wp-json\/wp\/v2\/media?parent=79063"}],"wp:term":[{"taxonomy":"product_brand","embeddable":true,"href":"https:\/\/www.bkeeper-gloves.com\/fr\/wp-json\/wp\/v2\/product_brand?post=79063"},{"taxonomy":"product_cat","embeddable":true,"href":"https:\/\/www.bkeeper-gloves.com\/fr\/wp-json\/wp\/v2\/product_cat?post=79063"},{"taxonomy":"product_tag","embeddable":true,"href":"https:\/\/www.bkeeper-gloves.com\/fr\/wp-json\/wp\/v2\/product_tag?post=79063"}],"curies":[{"name":"wp","href":"https:\/\/api.w.org\/{rel}","templated":true}]}}