{"id":82720,"date":"2025-07-29T14:09:05","date_gmt":"2025-07-29T12:09:05","guid":{"rendered":"https:\/\/www.bkeeper-gloves.com\/product\/maillot-de-gardien-de-but-renforce-noir\/"},"modified":"2026-04-11T10:49:17","modified_gmt":"2026-04-11T08:49:17","slug":"maillot-de-gardien-de-but-renforce-noir","status":"publish","type":"product","link":"https:\/\/www.bkeeper-gloves.com\/fr\/produit\/maillot-de-gardien-de-but-renforce-noir\/","title":{"rendered":"Maillot de gardien de but renforc\u00e9 &#8211; Noir"},"content":{"rendered":"\t\t<div data-elementor-type=\"product-post\" data-elementor-id=\"82720\" class=\"elementor elementor-82720 elementor-81385\" data-elementor-post-type=\"product\">\n\t\t\t\t<div class=\"elementor-element elementor-element-700368f e-flex e-con-boxed e-con e-parent\" data-id=\"700368f\" data-element_type=\"container\" data-e-type=\"container\">\n\t\t\t\t\t<div class=\"e-con-inner\">\n\t\t\t\t<div class=\"elementor-element elementor-element-fa761ef elementor-widget elementor-widget-woocommerce-product-short-description\" data-id=\"fa761ef\" data-element_type=\"widget\" data-e-type=\"widget\" data-widget_type=\"woocommerce-product-short-description.default\">\n\t\t\t\t<div class=\"elementor-widget-container\">\n\t\t\t\t\t<div class=\"woocommerce-product-details__short-description\">\n\t<h2>Le choix des champions &#8211; Adoptez la technologie des pros<\/h2>\n<p>Devenez inarr\u00eatable dans les buts. Ce maillot de gardien de but r\u00e9volutionnaire allie l&#8217;\u00e9l\u00e9gance \u00e0 la technologie de protection la plus avanc\u00e9e du march\u00e9.  Test\u00e9 et approuv\u00e9 par des gardiens de but professionnels, il vous donne la confiance n\u00e9cessaire pour r\u00e9aliser vos meilleurs arr\u00eats.<\/p>\n<h2>Syst\u00e8me de protection EVA<\/h2>\n<p>Technologie EVA haute performance (15 mm d&#8217;\u00e9paisseur)<\/p>\n<ul>\n<li><strong>\u00c9paules<\/strong>: Protections anatomiques 3D qui s&#8217;adaptent parfaitement \u00e0 vos mouvements<\/li>\n<li><strong>Coudes<\/strong>: Renforts articul\u00e9s pour un confort optimal<\/li>\n<\/ul>\n<p><em>Mousse EVA haute densit\u00e9 &#8211; 40% plus l\u00e9g\u00e8re que les protections traditionnelles.<\/em><\/p>\n<\/div>\n\t\t\t\t<\/div>\n\t\t\t\t<\/div>\n\t\t\t\t\t<\/div>\n\t\t\t\t<\/div>\n\t\t\t\t<\/div>\n\t\t","protected":false},"excerpt":{"rendered":"<h2>Le choix des champions &#8211; Adoptez la technologie des pros<\/h2>\n<p>Devenez inarr\u00eatable dans les buts. Ce maillot de gardien de but r\u00e9volutionnaire allie l&#8217;\u00e9l\u00e9gance \u00e0 la technologie de protection la plus avanc\u00e9e du march\u00e9.  Test\u00e9 et approuv\u00e9 par des gardiens de but professionnels, il vous donne la confiance n\u00e9cessaire pour r\u00e9aliser vos meilleurs arr\u00eats.<\/p>\n<h2>Syst\u00e8me de protection EVA<\/h2>\n<p>Technologie EVA haute performance (15 mm d&#8217;\u00e9paisseur)<\/p>\n<ul>\n<li><strong>\u00c9paules<\/strong>: Protections anatomiques 3D qui s&#8217;adaptent parfaitement \u00e0 vos mouvements<\/li>\n<li><strong>Coudes<\/strong>: Renforts articul\u00e9s pour un confort optimal<\/li>\n<\/ul>\n<p><em>Mousse EVA haute densit\u00e9 &#8211; 40% plus l\u00e9g\u00e8re que les protections traditionnelles.<\/em><\/p>\n","protected":false},"featured_media":81410,"template":"","meta":{"_acf_changed":false},"product_brand":[],"product_cat":[1892],"product_tag":[1621,1071],"class_list":{"0":"post-82720","1":"product","2":"type-product","3":"status-publish","4":"has-post-thumbnail","6":"product_cat-maillot-de-gardien","7":"product_tag-fp_gloves-fr","8":"product_tag-gant_gardien","10":"first","11":"instock","12":"taxable","13":"shipping-taxable","14":"purchasable","15":"product-type-variable"},"exclude_global_add_ons":[],"addons":[],"acf":[],"yoast_head":"<!-- This site is optimized with the Yoast SEO plugin v27.5 - https:\/\/yoast.com\/product\/yoast-seo-wordpress\/ -->\n<title>Maillot de gardien de but renforc\u00e9 - Noir | BKeeper Sport<\/title>\n<meta name=\"robots\" content=\"index, follow, max-snippet:-1, max-image-preview:large, max-video-preview:-1\" \/>\n<link rel=\"canonical\" href=\"https:\/\/www.bkeeper-gloves.com\/fr\/produit\/maillot-de-gardien-de-but-renforce-noir\/\" \/>\n<meta property=\"og:locale\" content=\"fr_FR\" \/>\n<meta property=\"og:type\" content=\"article\" \/>\n<meta property=\"og:title\" content=\"Maillot de gardien de but renforc\u00e9 - Noir | BKeeper Sport\" \/>\n<meta property=\"og:description\" content=\"Le choix des champions - Adoptez la technologie des pros Devenez inarr\u00eatable dans les buts. Ce maillot de gardien de but r\u00e9volutionnaire allie l&#039;\u00e9l\u00e9gance \u00e0 la technologie de protection la plus avanc\u00e9e du march\u00e9. Test\u00e9 et approuv\u00e9 par des gardiens de but professionnels, il vous donne la confiance n\u00e9cessaire pour r\u00e9aliser vos meilleurs arr\u00eats. Syst\u00e8me de protection EVA Technologie EVA haute performance (15 mm d&#039;\u00e9paisseur)  \u00c9paules: Protections anatomiques 3D qui s&#039;adaptent parfaitement \u00e0 vos mouvements  Coudes: Renforts articul\u00e9s pour un confort optimal Mousse EVA haute densit\u00e9 - 40% plus l\u00e9g\u00e8re que les protections traditionnelles.\" \/>\n<meta property=\"og:url\" content=\"https:\/\/www.bkeeper-gloves.com\/fr\/produit\/maillot-de-gardien-de-but-renforce-noir\/\" \/>\n<meta property=\"og:site_name\" content=\"BKeeper Sport\" \/>\n<meta property=\"article:publisher\" content=\"https:\/\/www.facebook.com\/BKeeper.Officiel\" \/>\n<meta property=\"article:modified_time\" content=\"2026-04-11T08:49:17+00:00\" \/>\n<meta property=\"og:image\" content=\"https:\/\/www.bkeeper-gloves.com\/wp-content\/uploads\/2025\/07\/Maillot-gardien-noir-1.webp\" \/>\n\t<meta property=\"og:image:width\" content=\"1500\" \/>\n\t<meta property=\"og:image:height\" content=\"1500\" \/>\n\t<meta property=\"og:image:type\" content=\"image\/webp\" \/>\n<meta name=\"twitter:card\" content=\"summary_large_image\" \/>\n<meta name=\"twitter:site\" content=\"@BkeeperSport\" \/>\n<script type=\"application\/ld+json\" class=\"yoast-schema-graph\">{\"@context\":\"https:\\\/\\\/schema.org\",\"@graph\":[{\"@type\":\"WebPage\",\"@id\":\"https:\\\/\\\/www.bkeeper-gloves.com\\\/fr\\\/produit\\\/maillot-de-gardien-de-but-renforce-noir\\\/\",\"url\":\"https:\\\/\\\/www.bkeeper-gloves.com\\\/fr\\\/produit\\\/maillot-de-gardien-de-but-renforce-noir\\\/\",\"name\":\"Maillot de gardien de but renforc\u00e9 - Noir | BKeeper Sport\",\"isPartOf\":{\"@id\":\"https:\\\/\\\/www.bkeeper-gloves.com\\\/fr\\\/#website\"},\"primaryImageOfPage\":{\"@id\":\"https:\\\/\\\/www.bkeeper-gloves.com\\\/fr\\\/produit\\\/maillot-de-gardien-de-but-renforce-noir\\\/#primaryimage\"},\"image\":{\"@id\":\"https:\\\/\\\/www.bkeeper-gloves.com\\\/fr\\\/produit\\\/maillot-de-gardien-de-but-renforce-noir\\\/#primaryimage\"},\"thumbnailUrl\":\"https:\\\/\\\/www.bkeeper-gloves.com\\\/wp-content\\\/uploads\\\/2025\\\/07\\\/Maillot-gardien-noir-1.webp\",\"datePublished\":\"2025-07-29T12:09:05+00:00\",\"dateModified\":\"2026-04-11T08:49:17+00:00\",\"breadcrumb\":{\"@id\":\"https:\\\/\\\/www.bkeeper-gloves.com\\\/fr\\\/produit\\\/maillot-de-gardien-de-but-renforce-noir\\\/#breadcrumb\"},\"inLanguage\":\"fr-FR\",\"potentialAction\":[{\"@type\":\"ReadAction\",\"target\":[\"https:\\\/\\\/www.bkeeper-gloves.com\\\/fr\\\/produit\\\/maillot-de-gardien-de-but-renforce-noir\\\/\"]}]},{\"@type\":\"ImageObject\",\"inLanguage\":\"fr-FR\",\"@id\":\"https:\\\/\\\/www.bkeeper-gloves.com\\\/fr\\\/produit\\\/maillot-de-gardien-de-but-renforce-noir\\\/#primaryimage\",\"url\":\"https:\\\/\\\/www.bkeeper-gloves.com\\\/wp-content\\\/uploads\\\/2025\\\/07\\\/Maillot-gardien-noir-1.webp\",\"contentUrl\":\"https:\\\/\\\/www.bkeeper-gloves.com\\\/wp-content\\\/uploads\\\/2025\\\/07\\\/Maillot-gardien-noir-1.webp\",\"width\":1500,\"height\":1500,\"caption\":\"maillot de gardien de but noir\"},{\"@type\":\"BreadcrumbList\",\"@id\":\"https:\\\/\\\/www.bkeeper-gloves.com\\\/fr\\\/produit\\\/maillot-de-gardien-de-but-renforce-noir\\\/#breadcrumb\",\"itemListElement\":[{\"@type\":\"ListItem\",\"position\":1,\"name\":\"Homepage\",\"item\":\"https:\\\/\\\/www.bkeeper-gloves.com\\\/fr\\\/homepage-v2\\\/\"},{\"@type\":\"ListItem\",\"position\":2,\"name\":\"Boutique des gardiens\",\"item\":\"https:\\\/\\\/www.bkeeper-gloves.com\\\/fr\\\/boutique\\\/\"},{\"@type\":\"ListItem\",\"position\":3,\"name\":\"Maillot de gardien de but renforc\u00e9 &#8211; Noir\"}]},{\"@type\":\"WebSite\",\"@id\":\"https:\\\/\\\/www.bkeeper-gloves.com\\\/fr\\\/#website\",\"url\":\"https:\\\/\\\/www.bkeeper-gloves.com\\\/fr\\\/\",\"name\":\"BKeeper Gloves\",\"description\":\"Get the Grip\",\"publisher\":{\"@id\":\"https:\\\/\\\/www.bkeeper-gloves.com\\\/fr\\\/#organization\"},\"alternateName\":\"BKeeper\",\"potentialAction\":[{\"@type\":\"SearchAction\",\"target\":{\"@type\":\"EntryPoint\",\"urlTemplate\":\"https:\\\/\\\/www.bkeeper-gloves.com\\\/fr\\\/?s={search_term_string}\"},\"query-input\":{\"@type\":\"PropertyValueSpecification\",\"valueRequired\":true,\"valueName\":\"search_term_string\"}}],\"inLanguage\":\"fr-FR\"},{\"@type\":\"Organization\",\"@id\":\"https:\\\/\\\/www.bkeeper-gloves.com\\\/fr\\\/#organization\",\"name\":\"BKeeper International\",\"url\":\"https:\\\/\\\/www.bkeeper-gloves.com\\\/fr\\\/\",\"logo\":{\"@type\":\"ImageObject\",\"inLanguage\":\"fr-FR\",\"@id\":\"https:\\\/\\\/www.bkeeper-gloves.com\\\/fr\\\/#\\\/schema\\\/logo\\\/image\\\/\",\"url\":\"https:\\\/\\\/www.bkeeper-gloves.com\\\/wp-content\\\/uploads\\\/2024\\\/10\\\/cropped-BKeeper-Sport-Logo.png\",\"contentUrl\":\"https:\\\/\\\/www.bkeeper-gloves.com\\\/wp-content\\\/uploads\\\/2024\\\/10\\\/cropped-BKeeper-Sport-Logo.png\",\"width\":512,\"height\":512,\"caption\":\"BKeeper International\"},\"image\":{\"@id\":\"https:\\\/\\\/www.bkeeper-gloves.com\\\/fr\\\/#\\\/schema\\\/logo\\\/image\\\/\"},\"sameAs\":[\"https:\\\/\\\/www.facebook.com\\\/BKeeper.Officiel\",\"https:\\\/\\\/x.com\\\/BkeeperSport\",\"https:\\\/\\\/www.instagram.com\\\/bkeeper_officiel\",\"https:\\\/\\\/www.linkedin.com\\\/company\\\/69264427\",\"https:\\\/\\\/www.youtube.com\\\/channel\\\/UCITHrNJmuyvVcmWifY3mSMw\"]}]}<\/script>\n<!-- \/ Yoast SEO plugin. -->","yoast_head_json":{"title":"Maillot de gardien de but renforc\u00e9 - Noir | BKeeper Sport","robots":{"index":"index","follow":"follow","max-snippet":"max-snippet:-1","max-image-preview":"max-image-preview:large","max-video-preview":"max-video-preview:-1"},"canonical":"https:\/\/www.bkeeper-gloves.com\/fr\/produit\/maillot-de-gardien-de-but-renforce-noir\/","og_locale":"fr_FR","og_type":"article","og_title":"Maillot de gardien de but renforc\u00e9 - Noir | BKeeper Sport","og_description":"Le choix des champions - Adoptez la technologie des pros Devenez inarr\u00eatable dans les buts. Ce maillot de gardien de but r\u00e9volutionnaire allie l'\u00e9l\u00e9gance \u00e0 la technologie de protection la plus avanc\u00e9e du march\u00e9. Test\u00e9 et approuv\u00e9 par des gardiens de but professionnels, il vous donne la confiance n\u00e9cessaire pour r\u00e9aliser vos meilleurs arr\u00eats. Syst\u00e8me de protection EVA Technologie EVA haute performance (15 mm d'\u00e9paisseur)  \u00c9paules: Protections anatomiques 3D qui s'adaptent parfaitement \u00e0 vos mouvements  Coudes: Renforts articul\u00e9s pour un confort optimal Mousse EVA haute densit\u00e9 - 40% plus l\u00e9g\u00e8re que les protections traditionnelles.","og_url":"https:\/\/www.bkeeper-gloves.com\/fr\/produit\/maillot-de-gardien-de-but-renforce-noir\/","og_site_name":"BKeeper Sport","article_publisher":"https:\/\/www.facebook.com\/BKeeper.Officiel","article_modified_time":"2026-04-11T08:49:17+00:00","og_image":[{"width":1500,"height":1500,"url":"https:\/\/www.bkeeper-gloves.com\/wp-content\/uploads\/2025\/07\/Maillot-gardien-noir-1.webp","type":"image\/webp"}],"twitter_card":"summary_large_image","twitter_site":"@BkeeperSport","schema":{"@context":"https:\/\/schema.org","@graph":[{"@type":"WebPage","@id":"https:\/\/www.bkeeper-gloves.com\/fr\/produit\/maillot-de-gardien-de-but-renforce-noir\/","url":"https:\/\/www.bkeeper-gloves.com\/fr\/produit\/maillot-de-gardien-de-but-renforce-noir\/","name":"Maillot de gardien de but renforc\u00e9 - Noir | BKeeper Sport","isPartOf":{"@id":"https:\/\/www.bkeeper-gloves.com\/fr\/#website"},"primaryImageOfPage":{"@id":"https:\/\/www.bkeeper-gloves.com\/fr\/produit\/maillot-de-gardien-de-but-renforce-noir\/#primaryimage"},"image":{"@id":"https:\/\/www.bkeeper-gloves.com\/fr\/produit\/maillot-de-gardien-de-but-renforce-noir\/#primaryimage"},"thumbnailUrl":"https:\/\/www.bkeeper-gloves.com\/wp-content\/uploads\/2025\/07\/Maillot-gardien-noir-1.webp","datePublished":"2025-07-29T12:09:05+00:00","dateModified":"2026-04-11T08:49:17+00:00","breadcrumb":{"@id":"https:\/\/www.bkeeper-gloves.com\/fr\/produit\/maillot-de-gardien-de-but-renforce-noir\/#breadcrumb"},"inLanguage":"fr-FR","potentialAction":[{"@type":"ReadAction","target":["https:\/\/www.bkeeper-gloves.com\/fr\/produit\/maillot-de-gardien-de-but-renforce-noir\/"]}]},{"@type":"ImageObject","inLanguage":"fr-FR","@id":"https:\/\/www.bkeeper-gloves.com\/fr\/produit\/maillot-de-gardien-de-but-renforce-noir\/#primaryimage","url":"https:\/\/www.bkeeper-gloves.com\/wp-content\/uploads\/2025\/07\/Maillot-gardien-noir-1.webp","contentUrl":"https:\/\/www.bkeeper-gloves.com\/wp-content\/uploads\/2025\/07\/Maillot-gardien-noir-1.webp","width":1500,"height":1500,"caption":"maillot de gardien de but noir"},{"@type":"BreadcrumbList","@id":"https:\/\/www.bkeeper-gloves.com\/fr\/produit\/maillot-de-gardien-de-but-renforce-noir\/#breadcrumb","itemListElement":[{"@type":"ListItem","position":1,"name":"Homepage","item":"https:\/\/www.bkeeper-gloves.com\/fr\/homepage-v2\/"},{"@type":"ListItem","position":2,"name":"Boutique des gardiens","item":"https:\/\/www.bkeeper-gloves.com\/fr\/boutique\/"},{"@type":"ListItem","position":3,"name":"Maillot de gardien de but renforc\u00e9 &#8211; Noir"}]},{"@type":"WebSite","@id":"https:\/\/www.bkeeper-gloves.com\/fr\/#website","url":"https:\/\/www.bkeeper-gloves.com\/fr\/","name":"BKeeper Gloves","description":"Get the Grip","publisher":{"@id":"https:\/\/www.bkeeper-gloves.com\/fr\/#organization"},"alternateName":"BKeeper","potentialAction":[{"@type":"SearchAction","target":{"@type":"EntryPoint","urlTemplate":"https:\/\/www.bkeeper-gloves.com\/fr\/?s={search_term_string}"},"query-input":{"@type":"PropertyValueSpecification","valueRequired":true,"valueName":"search_term_string"}}],"inLanguage":"fr-FR"},{"@type":"Organization","@id":"https:\/\/www.bkeeper-gloves.com\/fr\/#organization","name":"BKeeper International","url":"https:\/\/www.bkeeper-gloves.com\/fr\/","logo":{"@type":"ImageObject","inLanguage":"fr-FR","@id":"https:\/\/www.bkeeper-gloves.com\/fr\/#\/schema\/logo\/image\/","url":"https:\/\/www.bkeeper-gloves.com\/wp-content\/uploads\/2024\/10\/cropped-BKeeper-Sport-Logo.png","contentUrl":"https:\/\/www.bkeeper-gloves.com\/wp-content\/uploads\/2024\/10\/cropped-BKeeper-Sport-Logo.png","width":512,"height":512,"caption":"BKeeper International"},"image":{"@id":"https:\/\/www.bkeeper-gloves.com\/fr\/#\/schema\/logo\/image\/"},"sameAs":["https:\/\/www.facebook.com\/BKeeper.Officiel","https:\/\/x.com\/BkeeperSport","https:\/\/www.instagram.com\/bkeeper_officiel","https:\/\/www.linkedin.com\/company\/69264427","https:\/\/www.youtube.com\/channel\/UCITHrNJmuyvVcmWifY3mSMw"]}]}},"_links":{"self":[{"href":"https:\/\/www.bkeeper-gloves.com\/fr\/wp-json\/wp\/v2\/product\/82720","targetHints":{"allow":["GET"]}}],"collection":[{"href":"https:\/\/www.bkeeper-gloves.com\/fr\/wp-json\/wp\/v2\/product"}],"about":[{"href":"https:\/\/www.bkeeper-gloves.com\/fr\/wp-json\/wp\/v2\/types\/product"}],"version-history":[{"count":3,"href":"https:\/\/www.bkeeper-gloves.com\/fr\/wp-json\/wp\/v2\/product\/82720\/revisions"}],"predecessor-version":[{"id":89405,"href":"https:\/\/www.bkeeper-gloves.com\/fr\/wp-json\/wp\/v2\/product\/82720\/revisions\/89405"}],"wp:featuredmedia":[{"embeddable":true,"href":"https:\/\/www.bkeeper-gloves.com\/fr\/wp-json\/wp\/v2\/media\/81410"}],"wp:attachment":[{"href":"https:\/\/www.bkeeper-gloves.com\/fr\/wp-json\/wp\/v2\/media?parent=82720"}],"wp:term":[{"taxonomy":"product_brand","embeddable":true,"href":"https:\/\/www.bkeeper-gloves.com\/fr\/wp-json\/wp\/v2\/product_brand?post=82720"},{"taxonomy":"product_cat","embeddable":true,"href":"https:\/\/www.bkeeper-gloves.com\/fr\/wp-json\/wp\/v2\/product_cat?post=82720"},{"taxonomy":"product_tag","embeddable":true,"href":"https:\/\/www.bkeeper-gloves.com\/fr\/wp-json\/wp\/v2\/product_tag?post=82720"}],"curies":[{"name":"wp","href":"https:\/\/api.w.org\/{rel}","templated":true}]}}