{"id":82727,"date":"2025-07-29T14:34:16","date_gmt":"2025-07-29T12:34:16","guid":{"rendered":"https:\/\/www.bkeeper-gloves.com\/product\/pantalon-de-gardien-de-but-rembourre-noir\/"},"modified":"2026-04-21T15:03:13","modified_gmt":"2026-04-21T13:03:13","slug":"pantalon-de-gardien-de-but-rembourre-noir","status":"publish","type":"product","link":"https:\/\/www.bkeeper-gloves.com\/fr\/produit\/pantalon-de-gardien-de-but-rembourre-noir\/","title":{"rendered":"Pantalon de gardien de but rembourr\u00e9 &#8211; Noir"},"content":{"rendered":"\t\t<div data-elementor-type=\"product-post\" data-elementor-id=\"82727\" class=\"elementor elementor-82727 elementor-81493\" data-elementor-post-type=\"product\">\n\t\t\t\t<div class=\"elementor-element elementor-element-68e5cb6 e-flex e-con-boxed e-con e-parent\" data-id=\"68e5cb6\" data-element_type=\"container\" data-e-type=\"container\">\n\t\t\t\t\t<div class=\"e-con-inner\">\n\t\t\t\t<div class=\"elementor-element elementor-element-9dff3b1 elementor-widget elementor-widget-woocommerce-product-short-description\" data-id=\"9dff3b1\" data-element_type=\"widget\" data-e-type=\"widget\" data-widget_type=\"woocommerce-product-short-description.default\">\n\t\t\t\t<div class=\"elementor-widget-container\">\n\t\t\t\t\t<div class=\"woocommerce-product-details__short-description\">\n\t<h2>Pantalon de gardien de but rembourr\u00e9<\/h2>\n<p>Ce pantalon de gardien de but en Lycra \u00e0 coupe s\u00e8che est proche de la peau et surtout respirant. Il est dot\u00e9 de panneaux de protection en mousse EVA au niveau des hanches qui absorbent les chocs lors des plongeons. <\/p>\n<p>Les zones renforc\u00e9es sont situ\u00e9es :<\/p>\n<ul>\n<li>Au niveau des hanches<\/li>\n<li>Aux genoux<\/li>\n<\/ul>\n<p><em>Mousse EVA haute densit\u00e9 &#8211; 40% plus l\u00e9g\u00e8re que les protections traditionnelles.<\/em><\/p>\n<\/div>\n\t\t\t\t<\/div>\n\t\t\t\t<\/div>\n\t\t\t\t\t<\/div>\n\t\t\t\t<\/div>\n\t\t\t\t<\/div>\n\t\t","protected":false},"excerpt":{"rendered":"<h2>Pantalon de gardien de but rembourr\u00e9<\/h2>\n<p>Ce pantalon de gardien de but en Lycra \u00e0 coupe s\u00e8che est proche de la peau et surtout respirant. Il est dot\u00e9 de panneaux de protection en mousse EVA au niveau des hanches qui absorbent les chocs lors des plongeons. <\/p>\n<p>Les zones renforc\u00e9es sont situ\u00e9es :<\/p>\n<ul>\n<li>Au niveau des hanches<\/li>\n<li>Aux genoux<\/li>\n<\/ul>\n<p><em>Mousse EVA haute densit\u00e9 &#8211; 40% plus l\u00e9g\u00e8re que les protections traditionnelles.<\/em><\/p>\n","protected":false},"featured_media":81510,"template":"","meta":{"_acf_changed":false},"product_brand":[],"product_cat":[1897],"product_tag":[1621,1071],"class_list":{"0":"post-82727","1":"product","2":"type-product","3":"status-publish","4":"has-post-thumbnail","6":"product_cat-pantalon-de-gardien","7":"product_tag-fp_gloves-fr","8":"product_tag-gant_gardien","10":"first","11":"instock","12":"taxable","13":"shipping-taxable","14":"purchasable","15":"product-type-variable"},"exclude_global_add_ons":[],"addons":[],"acf":[],"yoast_head":"<!-- This site is optimized with the Yoast SEO plugin v27.5 - https:\/\/yoast.com\/product\/yoast-seo-wordpress\/ -->\n<title>Pantalon de gardien de but rembourr\u00e9 - Noir | BKeeper Sport<\/title>\n<meta name=\"robots\" content=\"index, follow, max-snippet:-1, max-image-preview:large, max-video-preview:-1\" \/>\n<link rel=\"canonical\" href=\"https:\/\/www.bkeeper-gloves.com\/fr\/produit\/pantalon-de-gardien-de-but-rembourre-noir\/\" \/>\n<meta property=\"og:locale\" content=\"fr_FR\" \/>\n<meta property=\"og:type\" content=\"article\" \/>\n<meta property=\"og:title\" content=\"Pantalon de gardien de but rembourr\u00e9 - Noir | BKeeper Sport\" \/>\n<meta property=\"og:description\" content=\"Pantalon de gardien de but rembourr\u00e9 Ce pantalon de gardien de but en Lycra \u00e0 coupe s\u00e8che est proche de la peau et surtout respirant. Il est dot\u00e9 de panneaux de protection en mousse EVA au niveau des hanches qui absorbent les chocs lors des plongeons.  Les zones renforc\u00e9es sont situ\u00e9es :  Au niveau des hanches  Aux genoux Mousse EVA haute densit\u00e9 - 40% plus l\u00e9g\u00e8re que les protections traditionnelles.\" \/>\n<meta property=\"og:url\" content=\"https:\/\/www.bkeeper-gloves.com\/fr\/produit\/pantalon-de-gardien-de-but-rembourre-noir\/\" \/>\n<meta property=\"og:site_name\" content=\"BKeeper Sport\" \/>\n<meta property=\"article:publisher\" content=\"https:\/\/www.facebook.com\/BKeeper.Officiel\" \/>\n<meta property=\"article:modified_time\" content=\"2026-04-21T13:03:13+00:00\" \/>\n<meta property=\"og:image\" content=\"https:\/\/www.bkeeper-gloves.com\/wp-content\/uploads\/2025\/07\/Pantalon-gardien-rembourre-1.webp\" \/>\n\t<meta property=\"og:image:width\" content=\"2000\" \/>\n\t<meta property=\"og:image:height\" content=\"2000\" \/>\n\t<meta property=\"og:image:type\" content=\"image\/webp\" \/>\n<meta name=\"twitter:card\" content=\"summary_large_image\" \/>\n<meta name=\"twitter:site\" content=\"@BkeeperSport\" \/>\n<script type=\"application\/ld+json\" class=\"yoast-schema-graph\">{\"@context\":\"https:\\\/\\\/schema.org\",\"@graph\":[{\"@type\":\"WebPage\",\"@id\":\"https:\\\/\\\/www.bkeeper-gloves.com\\\/fr\\\/produit\\\/pantalon-de-gardien-de-but-rembourre-noir\\\/\",\"url\":\"https:\\\/\\\/www.bkeeper-gloves.com\\\/fr\\\/produit\\\/pantalon-de-gardien-de-but-rembourre-noir\\\/\",\"name\":\"Pantalon de gardien de but rembourr\u00e9 - Noir | BKeeper Sport\",\"isPartOf\":{\"@id\":\"https:\\\/\\\/www.bkeeper-gloves.com\\\/fr\\\/#website\"},\"primaryImageOfPage\":{\"@id\":\"https:\\\/\\\/www.bkeeper-gloves.com\\\/fr\\\/produit\\\/pantalon-de-gardien-de-but-rembourre-noir\\\/#primaryimage\"},\"image\":{\"@id\":\"https:\\\/\\\/www.bkeeper-gloves.com\\\/fr\\\/produit\\\/pantalon-de-gardien-de-but-rembourre-noir\\\/#primaryimage\"},\"thumbnailUrl\":\"https:\\\/\\\/www.bkeeper-gloves.com\\\/wp-content\\\/uploads\\\/2025\\\/07\\\/Pantalon-gardien-rembourre-1.webp\",\"datePublished\":\"2025-07-29T12:34:16+00:00\",\"dateModified\":\"2026-04-21T13:03:13+00:00\",\"breadcrumb\":{\"@id\":\"https:\\\/\\\/www.bkeeper-gloves.com\\\/fr\\\/produit\\\/pantalon-de-gardien-de-but-rembourre-noir\\\/#breadcrumb\"},\"inLanguage\":\"fr-FR\",\"potentialAction\":[{\"@type\":\"ReadAction\",\"target\":[\"https:\\\/\\\/www.bkeeper-gloves.com\\\/fr\\\/produit\\\/pantalon-de-gardien-de-but-rembourre-noir\\\/\"]}]},{\"@type\":\"ImageObject\",\"inLanguage\":\"fr-FR\",\"@id\":\"https:\\\/\\\/www.bkeeper-gloves.com\\\/fr\\\/produit\\\/pantalon-de-gardien-de-but-rembourre-noir\\\/#primaryimage\",\"url\":\"https:\\\/\\\/www.bkeeper-gloves.com\\\/wp-content\\\/uploads\\\/2025\\\/07\\\/Pantalon-gardien-rembourre-1.webp\",\"contentUrl\":\"https:\\\/\\\/www.bkeeper-gloves.com\\\/wp-content\\\/uploads\\\/2025\\\/07\\\/Pantalon-gardien-rembourre-1.webp\",\"width\":2000,\"height\":2000,\"caption\":\"pantalon de gardien de but noir\"},{\"@type\":\"BreadcrumbList\",\"@id\":\"https:\\\/\\\/www.bkeeper-gloves.com\\\/fr\\\/produit\\\/pantalon-de-gardien-de-but-rembourre-noir\\\/#breadcrumb\",\"itemListElement\":[{\"@type\":\"ListItem\",\"position\":1,\"name\":\"Homepage\",\"item\":\"https:\\\/\\\/www.bkeeper-gloves.com\\\/fr\\\/homepage-v2\\\/\"},{\"@type\":\"ListItem\",\"position\":2,\"name\":\"Boutique des gardiens\",\"item\":\"https:\\\/\\\/www.bkeeper-gloves.com\\\/fr\\\/boutique\\\/\"},{\"@type\":\"ListItem\",\"position\":3,\"name\":\"Pantalon de gardien de but rembourr\u00e9 &#8211; Noir\"}]},{\"@type\":\"WebSite\",\"@id\":\"https:\\\/\\\/www.bkeeper-gloves.com\\\/fr\\\/#website\",\"url\":\"https:\\\/\\\/www.bkeeper-gloves.com\\\/fr\\\/\",\"name\":\"BKeeper Gloves\",\"description\":\"Get the Grip\",\"publisher\":{\"@id\":\"https:\\\/\\\/www.bkeeper-gloves.com\\\/fr\\\/#organization\"},\"alternateName\":\"BKeeper\",\"potentialAction\":[{\"@type\":\"SearchAction\",\"target\":{\"@type\":\"EntryPoint\",\"urlTemplate\":\"https:\\\/\\\/www.bkeeper-gloves.com\\\/fr\\\/?s={search_term_string}\"},\"query-input\":{\"@type\":\"PropertyValueSpecification\",\"valueRequired\":true,\"valueName\":\"search_term_string\"}}],\"inLanguage\":\"fr-FR\"},{\"@type\":\"Organization\",\"@id\":\"https:\\\/\\\/www.bkeeper-gloves.com\\\/fr\\\/#organization\",\"name\":\"BKeeper International\",\"url\":\"https:\\\/\\\/www.bkeeper-gloves.com\\\/fr\\\/\",\"logo\":{\"@type\":\"ImageObject\",\"inLanguage\":\"fr-FR\",\"@id\":\"https:\\\/\\\/www.bkeeper-gloves.com\\\/fr\\\/#\\\/schema\\\/logo\\\/image\\\/\",\"url\":\"https:\\\/\\\/www.bkeeper-gloves.com\\\/wp-content\\\/uploads\\\/2024\\\/10\\\/cropped-BKeeper-Sport-Logo.png\",\"contentUrl\":\"https:\\\/\\\/www.bkeeper-gloves.com\\\/wp-content\\\/uploads\\\/2024\\\/10\\\/cropped-BKeeper-Sport-Logo.png\",\"width\":512,\"height\":512,\"caption\":\"BKeeper International\"},\"image\":{\"@id\":\"https:\\\/\\\/www.bkeeper-gloves.com\\\/fr\\\/#\\\/schema\\\/logo\\\/image\\\/\"},\"sameAs\":[\"https:\\\/\\\/www.facebook.com\\\/BKeeper.Officiel\",\"https:\\\/\\\/x.com\\\/BkeeperSport\",\"https:\\\/\\\/www.instagram.com\\\/bkeeper_officiel\",\"https:\\\/\\\/www.linkedin.com\\\/company\\\/69264427\",\"https:\\\/\\\/www.youtube.com\\\/channel\\\/UCITHrNJmuyvVcmWifY3mSMw\"]}]}<\/script>\n<!-- \/ Yoast SEO plugin. -->","yoast_head_json":{"title":"Pantalon de gardien de but rembourr\u00e9 - Noir | BKeeper Sport","robots":{"index":"index","follow":"follow","max-snippet":"max-snippet:-1","max-image-preview":"max-image-preview:large","max-video-preview":"max-video-preview:-1"},"canonical":"https:\/\/www.bkeeper-gloves.com\/fr\/produit\/pantalon-de-gardien-de-but-rembourre-noir\/","og_locale":"fr_FR","og_type":"article","og_title":"Pantalon de gardien de but rembourr\u00e9 - Noir | BKeeper Sport","og_description":"Pantalon de gardien de but rembourr\u00e9 Ce pantalon de gardien de but en Lycra \u00e0 coupe s\u00e8che est proche de la peau et surtout respirant. Il est dot\u00e9 de panneaux de protection en mousse EVA au niveau des hanches qui absorbent les chocs lors des plongeons.  Les zones renforc\u00e9es sont situ\u00e9es :  Au niveau des hanches  Aux genoux Mousse EVA haute densit\u00e9 - 40% plus l\u00e9g\u00e8re que les protections traditionnelles.","og_url":"https:\/\/www.bkeeper-gloves.com\/fr\/produit\/pantalon-de-gardien-de-but-rembourre-noir\/","og_site_name":"BKeeper Sport","article_publisher":"https:\/\/www.facebook.com\/BKeeper.Officiel","article_modified_time":"2026-04-21T13:03:13+00:00","og_image":[{"width":2000,"height":2000,"url":"https:\/\/www.bkeeper-gloves.com\/wp-content\/uploads\/2025\/07\/Pantalon-gardien-rembourre-1.webp","type":"image\/webp"}],"twitter_card":"summary_large_image","twitter_site":"@BkeeperSport","schema":{"@context":"https:\/\/schema.org","@graph":[{"@type":"WebPage","@id":"https:\/\/www.bkeeper-gloves.com\/fr\/produit\/pantalon-de-gardien-de-but-rembourre-noir\/","url":"https:\/\/www.bkeeper-gloves.com\/fr\/produit\/pantalon-de-gardien-de-but-rembourre-noir\/","name":"Pantalon de gardien de but rembourr\u00e9 - Noir | BKeeper Sport","isPartOf":{"@id":"https:\/\/www.bkeeper-gloves.com\/fr\/#website"},"primaryImageOfPage":{"@id":"https:\/\/www.bkeeper-gloves.com\/fr\/produit\/pantalon-de-gardien-de-but-rembourre-noir\/#primaryimage"},"image":{"@id":"https:\/\/www.bkeeper-gloves.com\/fr\/produit\/pantalon-de-gardien-de-but-rembourre-noir\/#primaryimage"},"thumbnailUrl":"https:\/\/www.bkeeper-gloves.com\/wp-content\/uploads\/2025\/07\/Pantalon-gardien-rembourre-1.webp","datePublished":"2025-07-29T12:34:16+00:00","dateModified":"2026-04-21T13:03:13+00:00","breadcrumb":{"@id":"https:\/\/www.bkeeper-gloves.com\/fr\/produit\/pantalon-de-gardien-de-but-rembourre-noir\/#breadcrumb"},"inLanguage":"fr-FR","potentialAction":[{"@type":"ReadAction","target":["https:\/\/www.bkeeper-gloves.com\/fr\/produit\/pantalon-de-gardien-de-but-rembourre-noir\/"]}]},{"@type":"ImageObject","inLanguage":"fr-FR","@id":"https:\/\/www.bkeeper-gloves.com\/fr\/produit\/pantalon-de-gardien-de-but-rembourre-noir\/#primaryimage","url":"https:\/\/www.bkeeper-gloves.com\/wp-content\/uploads\/2025\/07\/Pantalon-gardien-rembourre-1.webp","contentUrl":"https:\/\/www.bkeeper-gloves.com\/wp-content\/uploads\/2025\/07\/Pantalon-gardien-rembourre-1.webp","width":2000,"height":2000,"caption":"pantalon de gardien de but noir"},{"@type":"BreadcrumbList","@id":"https:\/\/www.bkeeper-gloves.com\/fr\/produit\/pantalon-de-gardien-de-but-rembourre-noir\/#breadcrumb","itemListElement":[{"@type":"ListItem","position":1,"name":"Homepage","item":"https:\/\/www.bkeeper-gloves.com\/fr\/homepage-v2\/"},{"@type":"ListItem","position":2,"name":"Boutique des gardiens","item":"https:\/\/www.bkeeper-gloves.com\/fr\/boutique\/"},{"@type":"ListItem","position":3,"name":"Pantalon de gardien de but rembourr\u00e9 &#8211; Noir"}]},{"@type":"WebSite","@id":"https:\/\/www.bkeeper-gloves.com\/fr\/#website","url":"https:\/\/www.bkeeper-gloves.com\/fr\/","name":"BKeeper Gloves","description":"Get the Grip","publisher":{"@id":"https:\/\/www.bkeeper-gloves.com\/fr\/#organization"},"alternateName":"BKeeper","potentialAction":[{"@type":"SearchAction","target":{"@type":"EntryPoint","urlTemplate":"https:\/\/www.bkeeper-gloves.com\/fr\/?s={search_term_string}"},"query-input":{"@type":"PropertyValueSpecification","valueRequired":true,"valueName":"search_term_string"}}],"inLanguage":"fr-FR"},{"@type":"Organization","@id":"https:\/\/www.bkeeper-gloves.com\/fr\/#organization","name":"BKeeper International","url":"https:\/\/www.bkeeper-gloves.com\/fr\/","logo":{"@type":"ImageObject","inLanguage":"fr-FR","@id":"https:\/\/www.bkeeper-gloves.com\/fr\/#\/schema\/logo\/image\/","url":"https:\/\/www.bkeeper-gloves.com\/wp-content\/uploads\/2024\/10\/cropped-BKeeper-Sport-Logo.png","contentUrl":"https:\/\/www.bkeeper-gloves.com\/wp-content\/uploads\/2024\/10\/cropped-BKeeper-Sport-Logo.png","width":512,"height":512,"caption":"BKeeper International"},"image":{"@id":"https:\/\/www.bkeeper-gloves.com\/fr\/#\/schema\/logo\/image\/"},"sameAs":["https:\/\/www.facebook.com\/BKeeper.Officiel","https:\/\/x.com\/BkeeperSport","https:\/\/www.instagram.com\/bkeeper_officiel","https:\/\/www.linkedin.com\/company\/69264427","https:\/\/www.youtube.com\/channel\/UCITHrNJmuyvVcmWifY3mSMw"]}]}},"_links":{"self":[{"href":"https:\/\/www.bkeeper-gloves.com\/fr\/wp-json\/wp\/v2\/product\/82727","targetHints":{"allow":["GET"]}}],"collection":[{"href":"https:\/\/www.bkeeper-gloves.com\/fr\/wp-json\/wp\/v2\/product"}],"about":[{"href":"https:\/\/www.bkeeper-gloves.com\/fr\/wp-json\/wp\/v2\/types\/product"}],"version-history":[{"count":2,"href":"https:\/\/www.bkeeper-gloves.com\/fr\/wp-json\/wp\/v2\/product\/82727\/revisions"}],"predecessor-version":[{"id":83004,"href":"https:\/\/www.bkeeper-gloves.com\/fr\/wp-json\/wp\/v2\/product\/82727\/revisions\/83004"}],"wp:featuredmedia":[{"embeddable":true,"href":"https:\/\/www.bkeeper-gloves.com\/fr\/wp-json\/wp\/v2\/media\/81510"}],"wp:attachment":[{"href":"https:\/\/www.bkeeper-gloves.com\/fr\/wp-json\/wp\/v2\/media?parent=82727"}],"wp:term":[{"taxonomy":"product_brand","embeddable":true,"href":"https:\/\/www.bkeeper-gloves.com\/fr\/wp-json\/wp\/v2\/product_brand?post=82727"},{"taxonomy":"product_cat","embeddable":true,"href":"https:\/\/www.bkeeper-gloves.com\/fr\/wp-json\/wp\/v2\/product_cat?post=82727"},{"taxonomy":"product_tag","embeddable":true,"href":"https:\/\/www.bkeeper-gloves.com\/fr\/wp-json\/wp\/v2\/product_tag?post=82727"}],"curies":[{"name":"wp","href":"https:\/\/api.w.org\/{rel}","templated":true}]}}