{"id":85583,"date":"2025-02-18T13:42:09","date_gmt":"2025-02-18T12:42:09","guid":{"rendered":"https:\/\/www.bkeeper-gloves.com\/product\/camisola-com-capuz-amarela\/"},"modified":"2025-12-15T17:04:13","modified_gmt":"2025-12-15T16:04:13","slug":"camisola-com-capuz-amarela","status":"publish","type":"product","link":"https:\/\/www.bkeeper-gloves.com\/pt-pt\/product\/camisola-com-capuz-amarela\/","title":{"rendered":"Camisola com capuz amarela"},"content":{"rendered":"<p>80% algod\u00e3o \/ 20% poli\u00e9ster<\/p>\n<p>280g\/m\u00b2<\/p>\n<p>Capuz forrado, bolso canguru, costura dupla.<\/p>\n","protected":false},"excerpt":{"rendered":"<p>Veste-te com as cores da Equipa BKeeper! Esta camisola amarela \u00e9 quente e confort\u00e1vel! Depois de a vestires, vai ser dif\u00edcil tir\u00e1-la!  <\/p>\n","protected":false},"featured_media":85584,"template":"","meta":{"_acf_changed":false},"product_brand":[],"product_cat":[1946],"product_tag":[1947],"class_list":{"0":"post-85583","1":"product","2":"type-product","3":"status-publish","4":"has-post-thumbnail","6":"product_cat-casacos-com-capuz","7":"product_tag-gant_gardien","9":"first","10":"instock","11":"taxable","12":"shipping-taxable","13":"purchasable","14":"product-type-variable"},"exclude_global_add_ons":[],"addons":[],"acf":[],"yoast_head":"<!-- This site is optimized with the Yoast SEO plugin v27.2 - https:\/\/yoast.com\/product\/yoast-seo-wordpress\/ -->\n<title>Camisola com capuz amarela | BKeeper Sport<\/title>\n<meta name=\"robots\" content=\"index, follow, max-snippet:-1, max-image-preview:large, max-video-preview:-1\" \/>\n<link rel=\"canonical\" href=\"https:\/\/www.bkeeper-gloves.com\/pt-pt\/product\/camisola-com-capuz-amarela\/\" \/>\n<meta property=\"og:locale\" content=\"pt_PT\" \/>\n<meta property=\"og:type\" content=\"article\" \/>\n<meta property=\"og:title\" content=\"Camisola com capuz amarela | BKeeper Sport\" \/>\n<meta property=\"og:description\" content=\"Veste-te com as cores da Equipa BKeeper! Esta camisola amarela \u00e9 quente e confort\u00e1vel! Depois de a vestires, vai ser dif\u00edcil tir\u00e1-la!\" \/>\n<meta property=\"og:url\" content=\"https:\/\/www.bkeeper-gloves.com\/pt-pt\/product\/camisola-com-capuz-amarela\/\" \/>\n<meta property=\"og:site_name\" content=\"BKeeper Sport\" \/>\n<meta property=\"article:publisher\" content=\"https:\/\/www.facebook.com\/BKeeper.Officiel\" \/>\n<meta property=\"article:modified_time\" content=\"2025-12-15T16:04:13+00:00\" \/>\n<meta property=\"og:image\" content=\"https:\/\/www.bkeeper-gloves.com\/wp-content\/uploads\/2025\/02\/sweat-bkeeper-2024-jaune.webp\" \/>\n\t<meta property=\"og:image:width\" content=\"1080\" \/>\n\t<meta property=\"og:image:height\" content=\"1080\" \/>\n\t<meta property=\"og:image:type\" content=\"image\/webp\" \/>\n<meta name=\"twitter:card\" content=\"summary_large_image\" \/>\n<meta name=\"twitter:site\" content=\"@BkeeperSport\" \/>\n<script type=\"application\/ld+json\" class=\"yoast-schema-graph\">{\"@context\":\"https:\/\/schema.org\",\"@graph\":[{\"@type\":\"WebPage\",\"@id\":\"https:\/\/www.bkeeper-gloves.com\/pt-pt\/product\/camisola-com-capuz-amarela\/\",\"url\":\"https:\/\/www.bkeeper-gloves.com\/pt-pt\/product\/camisola-com-capuz-amarela\/\",\"name\":\"Camisola com capuz amarela | BKeeper Sport\",\"isPartOf\":{\"@id\":\"https:\/\/www.bkeeper-gloves.com\/pt-pt\/#website\"},\"primaryImageOfPage\":{\"@id\":\"https:\/\/www.bkeeper-gloves.com\/pt-pt\/product\/camisola-com-capuz-amarela\/#primaryimage\"},\"image\":{\"@id\":\"https:\/\/www.bkeeper-gloves.com\/pt-pt\/product\/camisola-com-capuz-amarela\/#primaryimage\"},\"thumbnailUrl\":\"https:\/\/www.bkeeper-gloves.com\/wp-content\/uploads\/2025\/02\/sweat-bkeeper-2024-jaune.webp\",\"datePublished\":\"2025-02-18T12:42:09+00:00\",\"dateModified\":\"2025-12-15T16:04:13+00:00\",\"breadcrumb\":{\"@id\":\"https:\/\/www.bkeeper-gloves.com\/pt-pt\/product\/camisola-com-capuz-amarela\/#breadcrumb\"},\"inLanguage\":\"pt-PT\",\"potentialAction\":[{\"@type\":\"ReadAction\",\"target\":[\"https:\/\/www.bkeeper-gloves.com\/pt-pt\/product\/camisola-com-capuz-amarela\/\"]}]},{\"@type\":\"ImageObject\",\"inLanguage\":\"pt-PT\",\"@id\":\"https:\/\/www.bkeeper-gloves.com\/pt-pt\/product\/camisola-com-capuz-amarela\/#primaryimage\",\"url\":\"https:\/\/www.bkeeper-gloves.com\/wp-content\/uploads\/2025\/02\/sweat-bkeeper-2024-jaune.webp\",\"contentUrl\":\"https:\/\/www.bkeeper-gloves.com\/wp-content\/uploads\/2025\/02\/sweat-bkeeper-2024-jaune.webp\",\"width\":1080,\"height\":1080},{\"@type\":\"BreadcrumbList\",\"@id\":\"https:\/\/www.bkeeper-gloves.com\/pt-pt\/product\/camisola-com-capuz-amarela\/#breadcrumb\",\"itemListElement\":[{\"@type\":\"ListItem\",\"position\":1,\"name\":\"Homepage\",\"item\":\"https:\/\/www.bkeeper-gloves.com\/pt-pt\/pagina-inicial-v3\/\"},{\"@type\":\"ListItem\",\"position\":2,\"name\":\"Loja do guarda-redes\",\"item\":\"https:\/\/www.bkeeper-gloves.com\/pt-pt\/loja-do-guarda-redes\/\"},{\"@type\":\"ListItem\",\"position\":3,\"name\":\"Camisola com capuz amarela\"}]},{\"@type\":\"WebSite\",\"@id\":\"https:\/\/www.bkeeper-gloves.com\/pt-pt\/#website\",\"url\":\"https:\/\/www.bkeeper-gloves.com\/pt-pt\/\",\"name\":\"BKeeper Gloves\",\"description\":\"Get the Grip\",\"publisher\":{\"@id\":\"https:\/\/www.bkeeper-gloves.com\/pt-pt\/#organization\"},\"alternateName\":\"BKeeper\",\"potentialAction\":[{\"@type\":\"SearchAction\",\"target\":{\"@type\":\"EntryPoint\",\"urlTemplate\":\"https:\/\/www.bkeeper-gloves.com\/pt-pt\/?s={search_term_string}\"},\"query-input\":{\"@type\":\"PropertyValueSpecification\",\"valueRequired\":true,\"valueName\":\"search_term_string\"}}],\"inLanguage\":\"pt-PT\"},{\"@type\":\"Organization\",\"@id\":\"https:\/\/www.bkeeper-gloves.com\/pt-pt\/#organization\",\"name\":\"BKeeper International\",\"url\":\"https:\/\/www.bkeeper-gloves.com\/pt-pt\/\",\"logo\":{\"@type\":\"ImageObject\",\"inLanguage\":\"pt-PT\",\"@id\":\"https:\/\/www.bkeeper-gloves.com\/pt-pt\/#\/schema\/logo\/image\/\",\"url\":\"https:\/\/www.bkeeper-gloves.com\/wp-content\/uploads\/2024\/10\/cropped-BKeeper-Sport-Logo.png\",\"contentUrl\":\"https:\/\/www.bkeeper-gloves.com\/wp-content\/uploads\/2024\/10\/cropped-BKeeper-Sport-Logo.png\",\"width\":512,\"height\":512,\"caption\":\"BKeeper International\"},\"image\":{\"@id\":\"https:\/\/www.bkeeper-gloves.com\/pt-pt\/#\/schema\/logo\/image\/\"},\"sameAs\":[\"https:\/\/www.facebook.com\/BKeeper.Officiel\",\"https:\/\/x.com\/BkeeperSport\",\"https:\/\/www.instagram.com\/bkeeper_officiel\",\"https:\/\/www.linkedin.com\/company\/69264427\",\"https:\/\/www.youtube.com\/channel\/UCITHrNJmuyvVcmWifY3mSMw\"]}]}<\/script>\n<!-- \/ Yoast SEO plugin. -->","yoast_head_json":{"title":"Camisola com capuz amarela | BKeeper Sport","robots":{"index":"index","follow":"follow","max-snippet":"max-snippet:-1","max-image-preview":"max-image-preview:large","max-video-preview":"max-video-preview:-1"},"canonical":"https:\/\/www.bkeeper-gloves.com\/pt-pt\/product\/camisola-com-capuz-amarela\/","og_locale":"pt_PT","og_type":"article","og_title":"Camisola com capuz amarela | BKeeper Sport","og_description":"Veste-te com as cores da Equipa BKeeper! Esta camisola amarela \u00e9 quente e confort\u00e1vel! Depois de a vestires, vai ser dif\u00edcil tir\u00e1-la!","og_url":"https:\/\/www.bkeeper-gloves.com\/pt-pt\/product\/camisola-com-capuz-amarela\/","og_site_name":"BKeeper Sport","article_publisher":"https:\/\/www.facebook.com\/BKeeper.Officiel","article_modified_time":"2025-12-15T16:04:13+00:00","og_image":[{"width":1080,"height":1080,"url":"https:\/\/www.bkeeper-gloves.com\/wp-content\/uploads\/2025\/02\/sweat-bkeeper-2024-jaune.webp","type":"image\/webp"}],"twitter_card":"summary_large_image","twitter_site":"@BkeeperSport","schema":{"@context":"https:\/\/schema.org","@graph":[{"@type":"WebPage","@id":"https:\/\/www.bkeeper-gloves.com\/pt-pt\/product\/camisola-com-capuz-amarela\/","url":"https:\/\/www.bkeeper-gloves.com\/pt-pt\/product\/camisola-com-capuz-amarela\/","name":"Camisola com capuz amarela | BKeeper Sport","isPartOf":{"@id":"https:\/\/www.bkeeper-gloves.com\/pt-pt\/#website"},"primaryImageOfPage":{"@id":"https:\/\/www.bkeeper-gloves.com\/pt-pt\/product\/camisola-com-capuz-amarela\/#primaryimage"},"image":{"@id":"https:\/\/www.bkeeper-gloves.com\/pt-pt\/product\/camisola-com-capuz-amarela\/#primaryimage"},"thumbnailUrl":"https:\/\/www.bkeeper-gloves.com\/wp-content\/uploads\/2025\/02\/sweat-bkeeper-2024-jaune.webp","datePublished":"2025-02-18T12:42:09+00:00","dateModified":"2025-12-15T16:04:13+00:00","breadcrumb":{"@id":"https:\/\/www.bkeeper-gloves.com\/pt-pt\/product\/camisola-com-capuz-amarela\/#breadcrumb"},"inLanguage":"pt-PT","potentialAction":[{"@type":"ReadAction","target":["https:\/\/www.bkeeper-gloves.com\/pt-pt\/product\/camisola-com-capuz-amarela\/"]}]},{"@type":"ImageObject","inLanguage":"pt-PT","@id":"https:\/\/www.bkeeper-gloves.com\/pt-pt\/product\/camisola-com-capuz-amarela\/#primaryimage","url":"https:\/\/www.bkeeper-gloves.com\/wp-content\/uploads\/2025\/02\/sweat-bkeeper-2024-jaune.webp","contentUrl":"https:\/\/www.bkeeper-gloves.com\/wp-content\/uploads\/2025\/02\/sweat-bkeeper-2024-jaune.webp","width":1080,"height":1080},{"@type":"BreadcrumbList","@id":"https:\/\/www.bkeeper-gloves.com\/pt-pt\/product\/camisola-com-capuz-amarela\/#breadcrumb","itemListElement":[{"@type":"ListItem","position":1,"name":"Homepage","item":"https:\/\/www.bkeeper-gloves.com\/pt-pt\/pagina-inicial-v3\/"},{"@type":"ListItem","position":2,"name":"Loja do guarda-redes","item":"https:\/\/www.bkeeper-gloves.com\/pt-pt\/loja-do-guarda-redes\/"},{"@type":"ListItem","position":3,"name":"Camisola com capuz amarela"}]},{"@type":"WebSite","@id":"https:\/\/www.bkeeper-gloves.com\/pt-pt\/#website","url":"https:\/\/www.bkeeper-gloves.com\/pt-pt\/","name":"BKeeper Gloves","description":"Get the Grip","publisher":{"@id":"https:\/\/www.bkeeper-gloves.com\/pt-pt\/#organization"},"alternateName":"BKeeper","potentialAction":[{"@type":"SearchAction","target":{"@type":"EntryPoint","urlTemplate":"https:\/\/www.bkeeper-gloves.com\/pt-pt\/?s={search_term_string}"},"query-input":{"@type":"PropertyValueSpecification","valueRequired":true,"valueName":"search_term_string"}}],"inLanguage":"pt-PT"},{"@type":"Organization","@id":"https:\/\/www.bkeeper-gloves.com\/pt-pt\/#organization","name":"BKeeper International","url":"https:\/\/www.bkeeper-gloves.com\/pt-pt\/","logo":{"@type":"ImageObject","inLanguage":"pt-PT","@id":"https:\/\/www.bkeeper-gloves.com\/pt-pt\/#\/schema\/logo\/image\/","url":"https:\/\/www.bkeeper-gloves.com\/wp-content\/uploads\/2024\/10\/cropped-BKeeper-Sport-Logo.png","contentUrl":"https:\/\/www.bkeeper-gloves.com\/wp-content\/uploads\/2024\/10\/cropped-BKeeper-Sport-Logo.png","width":512,"height":512,"caption":"BKeeper International"},"image":{"@id":"https:\/\/www.bkeeper-gloves.com\/pt-pt\/#\/schema\/logo\/image\/"},"sameAs":["https:\/\/www.facebook.com\/BKeeper.Officiel","https:\/\/x.com\/BkeeperSport","https:\/\/www.instagram.com\/bkeeper_officiel","https:\/\/www.linkedin.com\/company\/69264427","https:\/\/www.youtube.com\/channel\/UCITHrNJmuyvVcmWifY3mSMw"]}]}},"_links":{"self":[{"href":"https:\/\/www.bkeeper-gloves.com\/pt-pt\/wp-json\/wp\/v2\/product\/85583","targetHints":{"allow":["GET"]}}],"collection":[{"href":"https:\/\/www.bkeeper-gloves.com\/pt-pt\/wp-json\/wp\/v2\/product"}],"about":[{"href":"https:\/\/www.bkeeper-gloves.com\/pt-pt\/wp-json\/wp\/v2\/types\/product"}],"version-history":[{"count":1,"href":"https:\/\/www.bkeeper-gloves.com\/pt-pt\/wp-json\/wp\/v2\/product\/85583\/revisions"}],"predecessor-version":[{"id":87798,"href":"https:\/\/www.bkeeper-gloves.com\/pt-pt\/wp-json\/wp\/v2\/product\/85583\/revisions\/87798"}],"wp:featuredmedia":[{"embeddable":true,"href":"https:\/\/www.bkeeper-gloves.com\/pt-pt\/wp-json\/wp\/v2\/media\/85584"}],"wp:attachment":[{"href":"https:\/\/www.bkeeper-gloves.com\/pt-pt\/wp-json\/wp\/v2\/media?parent=85583"}],"wp:term":[{"taxonomy":"product_brand","embeddable":true,"href":"https:\/\/www.bkeeper-gloves.com\/pt-pt\/wp-json\/wp\/v2\/product_brand?post=85583"},{"taxonomy":"product_cat","embeddable":true,"href":"https:\/\/www.bkeeper-gloves.com\/pt-pt\/wp-json\/wp\/v2\/product_cat?post=85583"},{"taxonomy":"product_tag","embeddable":true,"href":"https:\/\/www.bkeeper-gloves.com\/pt-pt\/wp-json\/wp\/v2\/product_tag?post=85583"}],"curies":[{"name":"wp","href":"https:\/\/api.w.org\/{rel}","templated":true}]}}