{"id":86186,"date":"2025-07-29T14:34:16","date_gmt":"2025-07-29T12:34:16","guid":{"rendered":"https:\/\/www.bkeeper-gloves.com\/product\/calcas-de-guarda-redes-acolchoadas-preto\/"},"modified":"2026-05-03T20:45:34","modified_gmt":"2026-05-03T18:45:34","slug":"calcas-de-guarda-redes-acolchoadas-preto","status":"publish","type":"product","link":"https:\/\/www.bkeeper-gloves.com\/pt-pt\/product\/calcas-de-guarda-redes-acolchoadas-preto\/","title":{"rendered":"Cal\u00e7as de guarda-redes acolchoadas &#8211; Preto"},"content":{"rendered":"\t\t<div data-elementor-type=\"product-post\" data-elementor-id=\"86186\" class=\"elementor elementor-86186 elementor-81493\" data-elementor-post-type=\"product\">\n\t\t\t\t<div class=\"elementor-element elementor-element-68e5cb6 e-flex e-con-boxed e-con e-parent\" data-id=\"68e5cb6\" data-element_type=\"container\" data-e-type=\"container\">\n\t\t\t\t\t<div class=\"e-con-inner\">\n\t\t\t\t<div class=\"elementor-element elementor-element-9dff3b1 elementor-widget elementor-widget-woocommerce-product-short-description\" data-id=\"9dff3b1\" data-element_type=\"widget\" data-e-type=\"widget\" data-widget_type=\"woocommerce-product-short-description.default\">\n\t\t\t\t<div class=\"elementor-widget-container\">\n\t\t\t\t\t<div class=\"woocommerce-product-details__short-description\">\n\t<h2>Cal\u00e7as de guarda-redes almofadadas<\/h2>\n<p>Estas cal\u00e7as de guarda-redes em Lycra de ajuste seco s\u00e3o pr\u00f3ximas da pele e, acima de tudo, respir\u00e1veis. Incluem pain\u00e9is de prote\u00e7\u00e3o em espuma EVA nas ancas que absorvem os choques durante os mergulhos. <\/p>\n<p>As \u00e1reas refor\u00e7adas est\u00e3o localizadas:<\/p>\n<ul>\n<li>Nas ancas<\/li>\n<li>Nos joelhos<\/li>\n<\/ul>\n<p><em>Espuma EVA de alta densidade &#8211; 40% mais leve do que a prote\u00e7\u00e3o tradicional.<\/em><\/p>\n<\/div>\n\t\t\t\t<\/div>\n\t\t\t\t<\/div>\n\t\t\t\t\t<\/div>\n\t\t\t\t<\/div>\n\t\t\t\t<\/div>\n\t\t","protected":false},"excerpt":{"rendered":"<h2>Cal\u00e7as de guarda-redes almofadadas<\/h2>\n<p>Estas cal\u00e7as de guarda-redes em Lycra de ajuste seco s\u00e3o pr\u00f3ximas da pele e, acima de tudo, respir\u00e1veis. Incluem pain\u00e9is de prote\u00e7\u00e3o em espuma EVA nas ancas que absorvem os choques durante os mergulhos. <\/p>\n<p>As \u00e1reas refor\u00e7adas est\u00e3o localizadas:<\/p>\n<ul>\n<li>Nas ancas<\/li>\n<li>Nos joelhos<\/li>\n<\/ul>\n<p><em>Espuma EVA de alta densidade &#8211; 40% mais leve do que a prote\u00e7\u00e3o tradicional.<\/em><\/p>\n","protected":false},"featured_media":86193,"template":"","meta":{"_acf_changed":false},"product_brand":[],"product_cat":[1984],"product_tag":[1947,1959],"class_list":{"0":"post-86186","1":"product","2":"type-product","3":"status-publish","4":"has-post-thumbnail","6":"product_cat-calcas-de-guarda-redes","7":"product_tag-gant_gardien","8":"product_tag-luvas-fp","10":"first","11":"instock","12":"taxable","13":"shipping-taxable","14":"purchasable","15":"product-type-variable"},"exclude_global_add_ons":[],"addons":[],"acf":[],"yoast_head":"<!-- This site is optimized with the Yoast SEO plugin v27.5 - https:\/\/yoast.com\/product\/yoast-seo-wordpress\/ -->\n<title>Cal\u00e7as de guarda-redes acolchoadas - Preto | BKeeper Sport<\/title>\n<meta name=\"robots\" content=\"index, follow, max-snippet:-1, max-image-preview:large, max-video-preview:-1\" \/>\n<link rel=\"canonical\" href=\"https:\/\/www.bkeeper-gloves.com\/pt-pt\/product\/calcas-de-guarda-redes-acolchoadas-preto\/\" \/>\n<meta property=\"og:locale\" content=\"pt_PT\" \/>\n<meta property=\"og:type\" content=\"article\" \/>\n<meta property=\"og:title\" content=\"Cal\u00e7as de guarda-redes acolchoadas - Preto | BKeeper Sport\" \/>\n<meta property=\"og:description\" content=\"Cal\u00e7as de guarda-redes almofadadas Estas cal\u00e7as de guarda-redes em Lycra de ajuste seco s\u00e3o pr\u00f3ximas da pele e, acima de tudo, respir\u00e1veis. Incluem pain\u00e9is de prote\u00e7\u00e3o em espuma EVA nas ancas que absorvem os choques durante os mergulhos.  As \u00e1reas refor\u00e7adas est\u00e3o localizadas:  Nas ancas  Nos joelhos Espuma EVA de alta densidade - 40% mais leve do que a prote\u00e7\u00e3o tradicional.\" \/>\n<meta property=\"og:url\" content=\"https:\/\/www.bkeeper-gloves.com\/pt-pt\/product\/calcas-de-guarda-redes-acolchoadas-preto\/\" \/>\n<meta property=\"og:site_name\" content=\"BKeeper Sport\" \/>\n<meta property=\"article:publisher\" content=\"https:\/\/www.facebook.com\/BKeeper.Officiel\" \/>\n<meta property=\"article:modified_time\" content=\"2026-05-03T18:45:34+00:00\" \/>\n<meta property=\"og:image\" content=\"https:\/\/www.bkeeper-gloves.com\/wp-content\/uploads\/2025\/07\/Pantalon-gardien-rembourre-1.webp\" \/>\n\t<meta property=\"og:image:width\" content=\"2000\" \/>\n\t<meta property=\"og:image:height\" content=\"2000\" \/>\n\t<meta property=\"og:image:type\" content=\"image\/webp\" \/>\n<meta name=\"twitter:card\" content=\"summary_large_image\" \/>\n<meta name=\"twitter:site\" content=\"@BkeeperSport\" \/>\n<script type=\"application\/ld+json\" class=\"yoast-schema-graph\">{\"@context\":\"https:\\\/\\\/schema.org\",\"@graph\":[{\"@type\":\"WebPage\",\"@id\":\"https:\\\/\\\/www.bkeeper-gloves.com\\\/pt-pt\\\/product\\\/calcas-de-guarda-redes-acolchoadas-preto\\\/\",\"url\":\"https:\\\/\\\/www.bkeeper-gloves.com\\\/pt-pt\\\/product\\\/calcas-de-guarda-redes-acolchoadas-preto\\\/\",\"name\":\"Cal\u00e7as de guarda-redes acolchoadas - Preto | BKeeper Sport\",\"isPartOf\":{\"@id\":\"https:\\\/\\\/www.bkeeper-gloves.com\\\/pt-pt\\\/#website\"},\"primaryImageOfPage\":{\"@id\":\"https:\\\/\\\/www.bkeeper-gloves.com\\\/pt-pt\\\/product\\\/calcas-de-guarda-redes-acolchoadas-preto\\\/#primaryimage\"},\"image\":{\"@id\":\"https:\\\/\\\/www.bkeeper-gloves.com\\\/pt-pt\\\/product\\\/calcas-de-guarda-redes-acolchoadas-preto\\\/#primaryimage\"},\"thumbnailUrl\":\"https:\\\/\\\/www.bkeeper-gloves.com\\\/wp-content\\\/uploads\\\/2025\\\/07\\\/Pantalon-gardien-rembourre-1.webp\",\"datePublished\":\"2025-07-29T12:34:16+00:00\",\"dateModified\":\"2026-05-03T18:45:34+00:00\",\"breadcrumb\":{\"@id\":\"https:\\\/\\\/www.bkeeper-gloves.com\\\/pt-pt\\\/product\\\/calcas-de-guarda-redes-acolchoadas-preto\\\/#breadcrumb\"},\"inLanguage\":\"pt-PT\",\"potentialAction\":[{\"@type\":\"ReadAction\",\"target\":[\"https:\\\/\\\/www.bkeeper-gloves.com\\\/pt-pt\\\/product\\\/calcas-de-guarda-redes-acolchoadas-preto\\\/\"]}]},{\"@type\":\"ImageObject\",\"inLanguage\":\"pt-PT\",\"@id\":\"https:\\\/\\\/www.bkeeper-gloves.com\\\/pt-pt\\\/product\\\/calcas-de-guarda-redes-acolchoadas-preto\\\/#primaryimage\",\"url\":\"https:\\\/\\\/www.bkeeper-gloves.com\\\/wp-content\\\/uploads\\\/2025\\\/07\\\/Pantalon-gardien-rembourre-1.webp\",\"contentUrl\":\"https:\\\/\\\/www.bkeeper-gloves.com\\\/wp-content\\\/uploads\\\/2025\\\/07\\\/Pantalon-gardien-rembourre-1.webp\",\"width\":2000,\"height\":2000,\"caption\":\"cal\u00e7as pretas de guarda-redes\"},{\"@type\":\"BreadcrumbList\",\"@id\":\"https:\\\/\\\/www.bkeeper-gloves.com\\\/pt-pt\\\/product\\\/calcas-de-guarda-redes-acolchoadas-preto\\\/#breadcrumb\",\"itemListElement\":[{\"@type\":\"ListItem\",\"position\":1,\"name\":\"Homepage\",\"item\":\"https:\\\/\\\/www.bkeeper-gloves.com\\\/pt-pt\\\/pagina-inicial-v3\\\/\"},{\"@type\":\"ListItem\",\"position\":2,\"name\":\"Loja do guarda-redes\",\"item\":\"https:\\\/\\\/www.bkeeper-gloves.com\\\/pt-pt\\\/loja-do-guarda-redes\\\/\"},{\"@type\":\"ListItem\",\"position\":3,\"name\":\"Cal\u00e7as de guarda-redes acolchoadas &#8211; Preto\"}]},{\"@type\":\"WebSite\",\"@id\":\"https:\\\/\\\/www.bkeeper-gloves.com\\\/pt-pt\\\/#website\",\"url\":\"https:\\\/\\\/www.bkeeper-gloves.com\\\/pt-pt\\\/\",\"name\":\"BKeeper Gloves\",\"description\":\"Get the Grip\",\"publisher\":{\"@id\":\"https:\\\/\\\/www.bkeeper-gloves.com\\\/pt-pt\\\/#organization\"},\"alternateName\":\"BKeeper\",\"potentialAction\":[{\"@type\":\"SearchAction\",\"target\":{\"@type\":\"EntryPoint\",\"urlTemplate\":\"https:\\\/\\\/www.bkeeper-gloves.com\\\/pt-pt\\\/?s={search_term_string}\"},\"query-input\":{\"@type\":\"PropertyValueSpecification\",\"valueRequired\":true,\"valueName\":\"search_term_string\"}}],\"inLanguage\":\"pt-PT\"},{\"@type\":\"Organization\",\"@id\":\"https:\\\/\\\/www.bkeeper-gloves.com\\\/pt-pt\\\/#organization\",\"name\":\"BKeeper International\",\"url\":\"https:\\\/\\\/www.bkeeper-gloves.com\\\/pt-pt\\\/\",\"logo\":{\"@type\":\"ImageObject\",\"inLanguage\":\"pt-PT\",\"@id\":\"https:\\\/\\\/www.bkeeper-gloves.com\\\/pt-pt\\\/#\\\/schema\\\/logo\\\/image\\\/\",\"url\":\"https:\\\/\\\/www.bkeeper-gloves.com\\\/wp-content\\\/uploads\\\/2024\\\/10\\\/cropped-BKeeper-Sport-Logo.png\",\"contentUrl\":\"https:\\\/\\\/www.bkeeper-gloves.com\\\/wp-content\\\/uploads\\\/2024\\\/10\\\/cropped-BKeeper-Sport-Logo.png\",\"width\":512,\"height\":512,\"caption\":\"BKeeper International\"},\"image\":{\"@id\":\"https:\\\/\\\/www.bkeeper-gloves.com\\\/pt-pt\\\/#\\\/schema\\\/logo\\\/image\\\/\"},\"sameAs\":[\"https:\\\/\\\/www.facebook.com\\\/BKeeper.Officiel\",\"https:\\\/\\\/x.com\\\/BkeeperSport\",\"https:\\\/\\\/www.instagram.com\\\/bkeeper_officiel\",\"https:\\\/\\\/www.linkedin.com\\\/company\\\/69264427\",\"https:\\\/\\\/www.youtube.com\\\/channel\\\/UCITHrNJmuyvVcmWifY3mSMw\"]}]}<\/script>\n<!-- \/ Yoast SEO plugin. -->","yoast_head_json":{"title":"Cal\u00e7as de guarda-redes acolchoadas - Preto | BKeeper Sport","robots":{"index":"index","follow":"follow","max-snippet":"max-snippet:-1","max-image-preview":"max-image-preview:large","max-video-preview":"max-video-preview:-1"},"canonical":"https:\/\/www.bkeeper-gloves.com\/pt-pt\/product\/calcas-de-guarda-redes-acolchoadas-preto\/","og_locale":"pt_PT","og_type":"article","og_title":"Cal\u00e7as de guarda-redes acolchoadas - Preto | BKeeper Sport","og_description":"Cal\u00e7as de guarda-redes almofadadas Estas cal\u00e7as de guarda-redes em Lycra de ajuste seco s\u00e3o pr\u00f3ximas da pele e, acima de tudo, respir\u00e1veis. Incluem pain\u00e9is de prote\u00e7\u00e3o em espuma EVA nas ancas que absorvem os choques durante os mergulhos.  As \u00e1reas refor\u00e7adas est\u00e3o localizadas:  Nas ancas  Nos joelhos Espuma EVA de alta densidade - 40% mais leve do que a prote\u00e7\u00e3o tradicional.","og_url":"https:\/\/www.bkeeper-gloves.com\/pt-pt\/product\/calcas-de-guarda-redes-acolchoadas-preto\/","og_site_name":"BKeeper Sport","article_publisher":"https:\/\/www.facebook.com\/BKeeper.Officiel","article_modified_time":"2026-05-03T18:45:34+00:00","og_image":[{"width":2000,"height":2000,"url":"https:\/\/www.bkeeper-gloves.com\/wp-content\/uploads\/2025\/07\/Pantalon-gardien-rembourre-1.webp","type":"image\/webp"}],"twitter_card":"summary_large_image","twitter_site":"@BkeeperSport","schema":{"@context":"https:\/\/schema.org","@graph":[{"@type":"WebPage","@id":"https:\/\/www.bkeeper-gloves.com\/pt-pt\/product\/calcas-de-guarda-redes-acolchoadas-preto\/","url":"https:\/\/www.bkeeper-gloves.com\/pt-pt\/product\/calcas-de-guarda-redes-acolchoadas-preto\/","name":"Cal\u00e7as de guarda-redes acolchoadas - Preto | BKeeper Sport","isPartOf":{"@id":"https:\/\/www.bkeeper-gloves.com\/pt-pt\/#website"},"primaryImageOfPage":{"@id":"https:\/\/www.bkeeper-gloves.com\/pt-pt\/product\/calcas-de-guarda-redes-acolchoadas-preto\/#primaryimage"},"image":{"@id":"https:\/\/www.bkeeper-gloves.com\/pt-pt\/product\/calcas-de-guarda-redes-acolchoadas-preto\/#primaryimage"},"thumbnailUrl":"https:\/\/www.bkeeper-gloves.com\/wp-content\/uploads\/2025\/07\/Pantalon-gardien-rembourre-1.webp","datePublished":"2025-07-29T12:34:16+00:00","dateModified":"2026-05-03T18:45:34+00:00","breadcrumb":{"@id":"https:\/\/www.bkeeper-gloves.com\/pt-pt\/product\/calcas-de-guarda-redes-acolchoadas-preto\/#breadcrumb"},"inLanguage":"pt-PT","potentialAction":[{"@type":"ReadAction","target":["https:\/\/www.bkeeper-gloves.com\/pt-pt\/product\/calcas-de-guarda-redes-acolchoadas-preto\/"]}]},{"@type":"ImageObject","inLanguage":"pt-PT","@id":"https:\/\/www.bkeeper-gloves.com\/pt-pt\/product\/calcas-de-guarda-redes-acolchoadas-preto\/#primaryimage","url":"https:\/\/www.bkeeper-gloves.com\/wp-content\/uploads\/2025\/07\/Pantalon-gardien-rembourre-1.webp","contentUrl":"https:\/\/www.bkeeper-gloves.com\/wp-content\/uploads\/2025\/07\/Pantalon-gardien-rembourre-1.webp","width":2000,"height":2000,"caption":"cal\u00e7as pretas de guarda-redes"},{"@type":"BreadcrumbList","@id":"https:\/\/www.bkeeper-gloves.com\/pt-pt\/product\/calcas-de-guarda-redes-acolchoadas-preto\/#breadcrumb","itemListElement":[{"@type":"ListItem","position":1,"name":"Homepage","item":"https:\/\/www.bkeeper-gloves.com\/pt-pt\/pagina-inicial-v3\/"},{"@type":"ListItem","position":2,"name":"Loja do guarda-redes","item":"https:\/\/www.bkeeper-gloves.com\/pt-pt\/loja-do-guarda-redes\/"},{"@type":"ListItem","position":3,"name":"Cal\u00e7as de guarda-redes acolchoadas &#8211; Preto"}]},{"@type":"WebSite","@id":"https:\/\/www.bkeeper-gloves.com\/pt-pt\/#website","url":"https:\/\/www.bkeeper-gloves.com\/pt-pt\/","name":"BKeeper Gloves","description":"Get the Grip","publisher":{"@id":"https:\/\/www.bkeeper-gloves.com\/pt-pt\/#organization"},"alternateName":"BKeeper","potentialAction":[{"@type":"SearchAction","target":{"@type":"EntryPoint","urlTemplate":"https:\/\/www.bkeeper-gloves.com\/pt-pt\/?s={search_term_string}"},"query-input":{"@type":"PropertyValueSpecification","valueRequired":true,"valueName":"search_term_string"}}],"inLanguage":"pt-PT"},{"@type":"Organization","@id":"https:\/\/www.bkeeper-gloves.com\/pt-pt\/#organization","name":"BKeeper International","url":"https:\/\/www.bkeeper-gloves.com\/pt-pt\/","logo":{"@type":"ImageObject","inLanguage":"pt-PT","@id":"https:\/\/www.bkeeper-gloves.com\/pt-pt\/#\/schema\/logo\/image\/","url":"https:\/\/www.bkeeper-gloves.com\/wp-content\/uploads\/2024\/10\/cropped-BKeeper-Sport-Logo.png","contentUrl":"https:\/\/www.bkeeper-gloves.com\/wp-content\/uploads\/2024\/10\/cropped-BKeeper-Sport-Logo.png","width":512,"height":512,"caption":"BKeeper International"},"image":{"@id":"https:\/\/www.bkeeper-gloves.com\/pt-pt\/#\/schema\/logo\/image\/"},"sameAs":["https:\/\/www.facebook.com\/BKeeper.Officiel","https:\/\/x.com\/BkeeperSport","https:\/\/www.instagram.com\/bkeeper_officiel","https:\/\/www.linkedin.com\/company\/69264427","https:\/\/www.youtube.com\/channel\/UCITHrNJmuyvVcmWifY3mSMw"]}]}},"_links":{"self":[{"href":"https:\/\/www.bkeeper-gloves.com\/pt-pt\/wp-json\/wp\/v2\/product\/86186","targetHints":{"allow":["GET"]}}],"collection":[{"href":"https:\/\/www.bkeeper-gloves.com\/pt-pt\/wp-json\/wp\/v2\/product"}],"about":[{"href":"https:\/\/www.bkeeper-gloves.com\/pt-pt\/wp-json\/wp\/v2\/types\/product"}],"version-history":[{"count":1,"href":"https:\/\/www.bkeeper-gloves.com\/pt-pt\/wp-json\/wp\/v2\/product\/86186\/revisions"}],"predecessor-version":[{"id":86195,"href":"https:\/\/www.bkeeper-gloves.com\/pt-pt\/wp-json\/wp\/v2\/product\/86186\/revisions\/86195"}],"wp:featuredmedia":[{"embeddable":true,"href":"https:\/\/www.bkeeper-gloves.com\/pt-pt\/wp-json\/wp\/v2\/media\/86193"}],"wp:attachment":[{"href":"https:\/\/www.bkeeper-gloves.com\/pt-pt\/wp-json\/wp\/v2\/media?parent=86186"}],"wp:term":[{"taxonomy":"product_brand","embeddable":true,"href":"https:\/\/www.bkeeper-gloves.com\/pt-pt\/wp-json\/wp\/v2\/product_brand?post=86186"},{"taxonomy":"product_cat","embeddable":true,"href":"https:\/\/www.bkeeper-gloves.com\/pt-pt\/wp-json\/wp\/v2\/product_cat?post=86186"},{"taxonomy":"product_tag","embeddable":true,"href":"https:\/\/www.bkeeper-gloves.com\/pt-pt\/wp-json\/wp\/v2\/product_tag?post=86186"}],"curies":[{"name":"wp","href":"https:\/\/api.w.org\/{rel}","templated":true}]}}