{"id":86219,"date":"2025-07-29T14:09:05","date_gmt":"2025-07-29T12:09:05","guid":{"rendered":"https:\/\/www.bkeeper-gloves.com\/product\/camisola-de-guarda-redes-reforcada-preto\/"},"modified":"2026-03-16T10:16:49","modified_gmt":"2026-03-16T09:16:49","slug":"camisola-de-guarda-redes-reforcada-preto","status":"publish","type":"product","link":"https:\/\/www.bkeeper-gloves.com\/pt-pt\/product\/camisola-de-guarda-redes-reforcada-preto\/","title":{"rendered":"Camisola de guarda-redes refor\u00e7ada &#8211; Preto"},"content":{"rendered":"\t\t<div data-elementor-type=\"product-post\" data-elementor-id=\"86219\" class=\"elementor elementor-86219 elementor-81385\" data-elementor-post-type=\"product\">\n\t\t\t\t<div class=\"elementor-element elementor-element-700368f e-flex e-con-boxed e-con e-parent\" data-id=\"700368f\" data-element_type=\"container\" data-e-type=\"container\">\n\t\t\t\t\t<div class=\"e-con-inner\">\n\t\t\t\t<div class=\"elementor-element elementor-element-fa761ef elementor-widget elementor-widget-woocommerce-product-short-description\" data-id=\"fa761ef\" data-element_type=\"widget\" data-e-type=\"widget\" data-widget_type=\"woocommerce-product-short-description.default\">\n\t\t\t\t<div class=\"elementor-widget-container\">\n\t\t\t\t\t<div class=\"woocommerce-product-details__short-description\">\n\t<h2>A escolha dos campe\u00f5es &#8211; Adopta a tecnologia dos profissionais<\/h2>\n<p>Torna-te impar\u00e1vel na baliza. Esta revolucion\u00e1ria camisola de guarda-redes combina eleg\u00e2ncia com a tecnologia de prote\u00e7\u00e3o mais avan\u00e7ada do mercado. Testada e aprovada por guarda-redes profissionais, d\u00e1-te a confian\u00e7a para fazeres as tuas melhores defesas.  <\/p>\n<h2>Sistema de prote\u00e7\u00e3o EVA<\/h2>\n<p>Tecnologia EVA de alto desempenho (15 mm de espessura)<\/p>\n<ul>\n<li><strong>Ombros<\/strong>: Protectores anat\u00f3micos 3D que se adaptam perfeitamente aos teus movimentos<\/li>\n<li><strong>Cotovelos<\/strong>: Refor\u00e7os articulados para um conforto \u00f3timo<\/li>\n<\/ul>\n<p><em>Espuma EVA de alta densidade &#8211; 40% mais leve do que os protectores tradicionais.<\/em><\/p>\n<\/div>\n\t\t\t\t<\/div>\n\t\t\t\t<\/div>\n\t\t\t\t\t<\/div>\n\t\t\t\t<\/div>\n\t\t\t\t<\/div>\n\t\t","protected":false},"excerpt":{"rendered":"<h2>A escolha dos campe\u00f5es &#8211; Adopta a tecnologia dos profissionais<\/h2>\n<p>Torna-te impar\u00e1vel na baliza. Esta revolucion\u00e1ria camisola de guarda-redes combina eleg\u00e2ncia com a tecnologia de prote\u00e7\u00e3o mais avan\u00e7ada do mercado. Testada e aprovada por guarda-redes profissionais, d\u00e1-te a confian\u00e7a para fazeres as tuas melhores defesas.  <\/p>\n<h2>Sistema de prote\u00e7\u00e3o EVA<\/h2>\n<p>Tecnologia EVA de alto desempenho (15 mm de espessura)<\/p>\n<ul>\n<li><strong>Ombros<\/strong>: Protectores anat\u00f3micos 3D que se adaptam perfeitamente aos teus movimentos<\/li>\n<li><strong>Cotovelos<\/strong>: Refor\u00e7os articulados para um conforto \u00f3timo<\/li>\n<\/ul>\n<p><em>Espuma EVA de alta densidade &#8211; 40% mais leve do que os protectores tradicionais.<\/em><\/p>\n","protected":false},"featured_media":86225,"template":"","meta":{"_acf_changed":false},"product_brand":[],"product_cat":[1983],"product_tag":[1947,1959],"class_list":{"0":"post-86219","1":"product","2":"type-product","3":"status-publish","4":"has-post-thumbnail","6":"product_cat-camisola-de-guarda-redes","7":"product_tag-gant_gardien","8":"product_tag-luvas-fp","10":"first","11":"instock","12":"taxable","13":"shipping-taxable","14":"purchasable","15":"product-type-variable"},"exclude_global_add_ons":[],"addons":[],"acf":[],"yoast_head":"<!-- This site is optimized with the Yoast SEO plugin v27.5 - https:\/\/yoast.com\/product\/yoast-seo-wordpress\/ -->\n<title>Camisola de guarda-redes refor\u00e7ada - Preto | BKeeper Sport<\/title>\n<meta name=\"robots\" content=\"index, follow, max-snippet:-1, max-image-preview:large, max-video-preview:-1\" \/>\n<link rel=\"canonical\" href=\"https:\/\/www.bkeeper-gloves.com\/pt-pt\/product\/camisola-de-guarda-redes-reforcada-preto\/\" \/>\n<meta property=\"og:locale\" content=\"pt_PT\" \/>\n<meta property=\"og:type\" content=\"article\" \/>\n<meta property=\"og:title\" content=\"Camisola de guarda-redes refor\u00e7ada - Preto | BKeeper Sport\" \/>\n<meta property=\"og:description\" content=\"A escolha dos campe\u00f5es - Adopta a tecnologia dos profissionais Torna-te impar\u00e1vel na baliza. Esta revolucion\u00e1ria camisola de guarda-redes combina eleg\u00e2ncia com a tecnologia de prote\u00e7\u00e3o mais avan\u00e7ada do mercado. Testada e aprovada por guarda-redes profissionais, d\u00e1-te a confian\u00e7a para fazeres as tuas melhores defesas.  Sistema de prote\u00e7\u00e3o EVA Tecnologia EVA de alto desempenho (15 mm de espessura)  Ombros: Protectores anat\u00f3micos 3D que se adaptam perfeitamente aos teus movimentos  Cotovelos: Refor\u00e7os articulados para um conforto \u00f3timo Espuma EVA de alta densidade - 40% mais leve do que os protectores tradicionais.\" \/>\n<meta property=\"og:url\" content=\"https:\/\/www.bkeeper-gloves.com\/pt-pt\/product\/camisola-de-guarda-redes-reforcada-preto\/\" \/>\n<meta property=\"og:site_name\" content=\"BKeeper Sport\" \/>\n<meta property=\"article:publisher\" content=\"https:\/\/www.facebook.com\/BKeeper.Officiel\" \/>\n<meta property=\"article:modified_time\" content=\"2026-03-16T09:16:49+00:00\" \/>\n<meta property=\"og:image\" content=\"https:\/\/www.bkeeper-gloves.com\/wp-content\/uploads\/2025\/07\/Maillot-gardien-noir-1.webp\" \/>\n\t<meta property=\"og:image:width\" content=\"1500\" \/>\n\t<meta property=\"og:image:height\" content=\"1500\" \/>\n\t<meta property=\"og:image:type\" content=\"image\/webp\" \/>\n<meta name=\"twitter:card\" content=\"summary_large_image\" \/>\n<meta name=\"twitter:site\" content=\"@BkeeperSport\" \/>\n<script type=\"application\/ld+json\" class=\"yoast-schema-graph\">{\"@context\":\"https:\\\/\\\/schema.org\",\"@graph\":[{\"@type\":\"WebPage\",\"@id\":\"https:\\\/\\\/www.bkeeper-gloves.com\\\/pt-pt\\\/product\\\/camisola-de-guarda-redes-reforcada-preto\\\/\",\"url\":\"https:\\\/\\\/www.bkeeper-gloves.com\\\/pt-pt\\\/product\\\/camisola-de-guarda-redes-reforcada-preto\\\/\",\"name\":\"Camisola de guarda-redes refor\u00e7ada - Preto | BKeeper Sport\",\"isPartOf\":{\"@id\":\"https:\\\/\\\/www.bkeeper-gloves.com\\\/pt-pt\\\/#website\"},\"primaryImageOfPage\":{\"@id\":\"https:\\\/\\\/www.bkeeper-gloves.com\\\/pt-pt\\\/product\\\/camisola-de-guarda-redes-reforcada-preto\\\/#primaryimage\"},\"image\":{\"@id\":\"https:\\\/\\\/www.bkeeper-gloves.com\\\/pt-pt\\\/product\\\/camisola-de-guarda-redes-reforcada-preto\\\/#primaryimage\"},\"thumbnailUrl\":\"https:\\\/\\\/www.bkeeper-gloves.com\\\/wp-content\\\/uploads\\\/2025\\\/07\\\/Maillot-gardien-noir-1.webp\",\"datePublished\":\"2025-07-29T12:09:05+00:00\",\"dateModified\":\"2026-03-16T09:16:49+00:00\",\"breadcrumb\":{\"@id\":\"https:\\\/\\\/www.bkeeper-gloves.com\\\/pt-pt\\\/product\\\/camisola-de-guarda-redes-reforcada-preto\\\/#breadcrumb\"},\"inLanguage\":\"pt-PT\",\"potentialAction\":[{\"@type\":\"ReadAction\",\"target\":[\"https:\\\/\\\/www.bkeeper-gloves.com\\\/pt-pt\\\/product\\\/camisola-de-guarda-redes-reforcada-preto\\\/\"]}]},{\"@type\":\"ImageObject\",\"inLanguage\":\"pt-PT\",\"@id\":\"https:\\\/\\\/www.bkeeper-gloves.com\\\/pt-pt\\\/product\\\/camisola-de-guarda-redes-reforcada-preto\\\/#primaryimage\",\"url\":\"https:\\\/\\\/www.bkeeper-gloves.com\\\/wp-content\\\/uploads\\\/2025\\\/07\\\/Maillot-gardien-noir-1.webp\",\"contentUrl\":\"https:\\\/\\\/www.bkeeper-gloves.com\\\/wp-content\\\/uploads\\\/2025\\\/07\\\/Maillot-gardien-noir-1.webp\",\"width\":1500,\"height\":1500,\"caption\":\"camisola de guarda-redes preta\"},{\"@type\":\"BreadcrumbList\",\"@id\":\"https:\\\/\\\/www.bkeeper-gloves.com\\\/pt-pt\\\/product\\\/camisola-de-guarda-redes-reforcada-preto\\\/#breadcrumb\",\"itemListElement\":[{\"@type\":\"ListItem\",\"position\":1,\"name\":\"Homepage\",\"item\":\"https:\\\/\\\/www.bkeeper-gloves.com\\\/pt-pt\\\/pagina-inicial-v3\\\/\"},{\"@type\":\"ListItem\",\"position\":2,\"name\":\"Loja do guarda-redes\",\"item\":\"https:\\\/\\\/www.bkeeper-gloves.com\\\/pt-pt\\\/loja-do-guarda-redes\\\/\"},{\"@type\":\"ListItem\",\"position\":3,\"name\":\"Camisola de guarda-redes refor\u00e7ada &#8211; Preto\"}]},{\"@type\":\"WebSite\",\"@id\":\"https:\\\/\\\/www.bkeeper-gloves.com\\\/pt-pt\\\/#website\",\"url\":\"https:\\\/\\\/www.bkeeper-gloves.com\\\/pt-pt\\\/\",\"name\":\"BKeeper Gloves\",\"description\":\"Get the Grip\",\"publisher\":{\"@id\":\"https:\\\/\\\/www.bkeeper-gloves.com\\\/pt-pt\\\/#organization\"},\"alternateName\":\"BKeeper\",\"potentialAction\":[{\"@type\":\"SearchAction\",\"target\":{\"@type\":\"EntryPoint\",\"urlTemplate\":\"https:\\\/\\\/www.bkeeper-gloves.com\\\/pt-pt\\\/?s={search_term_string}\"},\"query-input\":{\"@type\":\"PropertyValueSpecification\",\"valueRequired\":true,\"valueName\":\"search_term_string\"}}],\"inLanguage\":\"pt-PT\"},{\"@type\":\"Organization\",\"@id\":\"https:\\\/\\\/www.bkeeper-gloves.com\\\/pt-pt\\\/#organization\",\"name\":\"BKeeper International\",\"url\":\"https:\\\/\\\/www.bkeeper-gloves.com\\\/pt-pt\\\/\",\"logo\":{\"@type\":\"ImageObject\",\"inLanguage\":\"pt-PT\",\"@id\":\"https:\\\/\\\/www.bkeeper-gloves.com\\\/pt-pt\\\/#\\\/schema\\\/logo\\\/image\\\/\",\"url\":\"https:\\\/\\\/www.bkeeper-gloves.com\\\/wp-content\\\/uploads\\\/2024\\\/10\\\/cropped-BKeeper-Sport-Logo.png\",\"contentUrl\":\"https:\\\/\\\/www.bkeeper-gloves.com\\\/wp-content\\\/uploads\\\/2024\\\/10\\\/cropped-BKeeper-Sport-Logo.png\",\"width\":512,\"height\":512,\"caption\":\"BKeeper International\"},\"image\":{\"@id\":\"https:\\\/\\\/www.bkeeper-gloves.com\\\/pt-pt\\\/#\\\/schema\\\/logo\\\/image\\\/\"},\"sameAs\":[\"https:\\\/\\\/www.facebook.com\\\/BKeeper.Officiel\",\"https:\\\/\\\/x.com\\\/BkeeperSport\",\"https:\\\/\\\/www.instagram.com\\\/bkeeper_officiel\",\"https:\\\/\\\/www.linkedin.com\\\/company\\\/69264427\",\"https:\\\/\\\/www.youtube.com\\\/channel\\\/UCITHrNJmuyvVcmWifY3mSMw\"]}]}<\/script>\n<!-- \/ Yoast SEO plugin. -->","yoast_head_json":{"title":"Camisola de guarda-redes refor\u00e7ada - Preto | BKeeper Sport","robots":{"index":"index","follow":"follow","max-snippet":"max-snippet:-1","max-image-preview":"max-image-preview:large","max-video-preview":"max-video-preview:-1"},"canonical":"https:\/\/www.bkeeper-gloves.com\/pt-pt\/product\/camisola-de-guarda-redes-reforcada-preto\/","og_locale":"pt_PT","og_type":"article","og_title":"Camisola de guarda-redes refor\u00e7ada - Preto | BKeeper Sport","og_description":"A escolha dos campe\u00f5es - Adopta a tecnologia dos profissionais Torna-te impar\u00e1vel na baliza. Esta revolucion\u00e1ria camisola de guarda-redes combina eleg\u00e2ncia com a tecnologia de prote\u00e7\u00e3o mais avan\u00e7ada do mercado. Testada e aprovada por guarda-redes profissionais, d\u00e1-te a confian\u00e7a para fazeres as tuas melhores defesas.  Sistema de prote\u00e7\u00e3o EVA Tecnologia EVA de alto desempenho (15 mm de espessura)  Ombros: Protectores anat\u00f3micos 3D que se adaptam perfeitamente aos teus movimentos  Cotovelos: Refor\u00e7os articulados para um conforto \u00f3timo Espuma EVA de alta densidade - 40% mais leve do que os protectores tradicionais.","og_url":"https:\/\/www.bkeeper-gloves.com\/pt-pt\/product\/camisola-de-guarda-redes-reforcada-preto\/","og_site_name":"BKeeper Sport","article_publisher":"https:\/\/www.facebook.com\/BKeeper.Officiel","article_modified_time":"2026-03-16T09:16:49+00:00","og_image":[{"width":1500,"height":1500,"url":"https:\/\/www.bkeeper-gloves.com\/wp-content\/uploads\/2025\/07\/Maillot-gardien-noir-1.webp","type":"image\/webp"}],"twitter_card":"summary_large_image","twitter_site":"@BkeeperSport","schema":{"@context":"https:\/\/schema.org","@graph":[{"@type":"WebPage","@id":"https:\/\/www.bkeeper-gloves.com\/pt-pt\/product\/camisola-de-guarda-redes-reforcada-preto\/","url":"https:\/\/www.bkeeper-gloves.com\/pt-pt\/product\/camisola-de-guarda-redes-reforcada-preto\/","name":"Camisola de guarda-redes refor\u00e7ada - Preto | BKeeper Sport","isPartOf":{"@id":"https:\/\/www.bkeeper-gloves.com\/pt-pt\/#website"},"primaryImageOfPage":{"@id":"https:\/\/www.bkeeper-gloves.com\/pt-pt\/product\/camisola-de-guarda-redes-reforcada-preto\/#primaryimage"},"image":{"@id":"https:\/\/www.bkeeper-gloves.com\/pt-pt\/product\/camisola-de-guarda-redes-reforcada-preto\/#primaryimage"},"thumbnailUrl":"https:\/\/www.bkeeper-gloves.com\/wp-content\/uploads\/2025\/07\/Maillot-gardien-noir-1.webp","datePublished":"2025-07-29T12:09:05+00:00","dateModified":"2026-03-16T09:16:49+00:00","breadcrumb":{"@id":"https:\/\/www.bkeeper-gloves.com\/pt-pt\/product\/camisola-de-guarda-redes-reforcada-preto\/#breadcrumb"},"inLanguage":"pt-PT","potentialAction":[{"@type":"ReadAction","target":["https:\/\/www.bkeeper-gloves.com\/pt-pt\/product\/camisola-de-guarda-redes-reforcada-preto\/"]}]},{"@type":"ImageObject","inLanguage":"pt-PT","@id":"https:\/\/www.bkeeper-gloves.com\/pt-pt\/product\/camisola-de-guarda-redes-reforcada-preto\/#primaryimage","url":"https:\/\/www.bkeeper-gloves.com\/wp-content\/uploads\/2025\/07\/Maillot-gardien-noir-1.webp","contentUrl":"https:\/\/www.bkeeper-gloves.com\/wp-content\/uploads\/2025\/07\/Maillot-gardien-noir-1.webp","width":1500,"height":1500,"caption":"camisola de guarda-redes preta"},{"@type":"BreadcrumbList","@id":"https:\/\/www.bkeeper-gloves.com\/pt-pt\/product\/camisola-de-guarda-redes-reforcada-preto\/#breadcrumb","itemListElement":[{"@type":"ListItem","position":1,"name":"Homepage","item":"https:\/\/www.bkeeper-gloves.com\/pt-pt\/pagina-inicial-v3\/"},{"@type":"ListItem","position":2,"name":"Loja do guarda-redes","item":"https:\/\/www.bkeeper-gloves.com\/pt-pt\/loja-do-guarda-redes\/"},{"@type":"ListItem","position":3,"name":"Camisola de guarda-redes refor\u00e7ada &#8211; Preto"}]},{"@type":"WebSite","@id":"https:\/\/www.bkeeper-gloves.com\/pt-pt\/#website","url":"https:\/\/www.bkeeper-gloves.com\/pt-pt\/","name":"BKeeper Gloves","description":"Get the Grip","publisher":{"@id":"https:\/\/www.bkeeper-gloves.com\/pt-pt\/#organization"},"alternateName":"BKeeper","potentialAction":[{"@type":"SearchAction","target":{"@type":"EntryPoint","urlTemplate":"https:\/\/www.bkeeper-gloves.com\/pt-pt\/?s={search_term_string}"},"query-input":{"@type":"PropertyValueSpecification","valueRequired":true,"valueName":"search_term_string"}}],"inLanguage":"pt-PT"},{"@type":"Organization","@id":"https:\/\/www.bkeeper-gloves.com\/pt-pt\/#organization","name":"BKeeper International","url":"https:\/\/www.bkeeper-gloves.com\/pt-pt\/","logo":{"@type":"ImageObject","inLanguage":"pt-PT","@id":"https:\/\/www.bkeeper-gloves.com\/pt-pt\/#\/schema\/logo\/image\/","url":"https:\/\/www.bkeeper-gloves.com\/wp-content\/uploads\/2024\/10\/cropped-BKeeper-Sport-Logo.png","contentUrl":"https:\/\/www.bkeeper-gloves.com\/wp-content\/uploads\/2024\/10\/cropped-BKeeper-Sport-Logo.png","width":512,"height":512,"caption":"BKeeper International"},"image":{"@id":"https:\/\/www.bkeeper-gloves.com\/pt-pt\/#\/schema\/logo\/image\/"},"sameAs":["https:\/\/www.facebook.com\/BKeeper.Officiel","https:\/\/x.com\/BkeeperSport","https:\/\/www.instagram.com\/bkeeper_officiel","https:\/\/www.linkedin.com\/company\/69264427","https:\/\/www.youtube.com\/channel\/UCITHrNJmuyvVcmWifY3mSMw"]}]}},"_links":{"self":[{"href":"https:\/\/www.bkeeper-gloves.com\/pt-pt\/wp-json\/wp\/v2\/product\/86219","targetHints":{"allow":["GET"]}}],"collection":[{"href":"https:\/\/www.bkeeper-gloves.com\/pt-pt\/wp-json\/wp\/v2\/product"}],"about":[{"href":"https:\/\/www.bkeeper-gloves.com\/pt-pt\/wp-json\/wp\/v2\/types\/product"}],"version-history":[{"count":1,"href":"https:\/\/www.bkeeper-gloves.com\/pt-pt\/wp-json\/wp\/v2\/product\/86219\/revisions"}],"predecessor-version":[{"id":86229,"href":"https:\/\/www.bkeeper-gloves.com\/pt-pt\/wp-json\/wp\/v2\/product\/86219\/revisions\/86229"}],"wp:featuredmedia":[{"embeddable":true,"href":"https:\/\/www.bkeeper-gloves.com\/pt-pt\/wp-json\/wp\/v2\/media\/86225"}],"wp:attachment":[{"href":"https:\/\/www.bkeeper-gloves.com\/pt-pt\/wp-json\/wp\/v2\/media?parent=86219"}],"wp:term":[{"taxonomy":"product_brand","embeddable":true,"href":"https:\/\/www.bkeeper-gloves.com\/pt-pt\/wp-json\/wp\/v2\/product_brand?post=86219"},{"taxonomy":"product_cat","embeddable":true,"href":"https:\/\/www.bkeeper-gloves.com\/pt-pt\/wp-json\/wp\/v2\/product_cat?post=86219"},{"taxonomy":"product_tag","embeddable":true,"href":"https:\/\/www.bkeeper-gloves.com\/pt-pt\/wp-json\/wp\/v2\/product_tag?post=86219"}],"curies":[{"name":"wp","href":"https:\/\/api.w.org\/{rel}","templated":true}]}}