{"id":86544,"date":"2025-07-03T15:30:49","date_gmt":"2025-07-03T13:30:49","guid":{"rendered":"https:\/\/www.bkeeper-gloves.com\/product\/bone-bk-x-makai-15\/"},"modified":"2025-07-03T15:30:49","modified_gmt":"2025-07-03T13:30:49","slug":"bone-bk-x-makai-15","status":"publish","type":"product","link":"https:\/\/www.bkeeper-gloves.com\/pt-pt\/product\/bone-bk-x-makai-15\/","title":{"rendered":"Bon\u00e9 BK x Maka\u00ef #15"},"content":{"rendered":"","protected":false},"excerpt":{"rendered":"<p>Bon\u00e9 americano em colabora\u00e7\u00e3o com Maka\u00ef. Fabricado em Fran\u00e7a.   <\/p>\n<p>Edi\u00e7\u00e3o de colecionador.<\/p>\n","protected":false},"featured_media":85694,"template":"","meta":{"_acf_changed":false},"product_brand":[],"product_cat":[1972],"product_tag":[],"class_list":{"0":"post-86544","1":"product","2":"type-product","3":"status-publish","4":"has-post-thumbnail","6":"product_cat-bone","8":"first","9":"outofstock","10":"taxable","11":"shipping-taxable","12":"purchasable","13":"product-type-simple"},"exclude_global_add_ons":[],"addons":[],"acf":[],"yoast_head":"<!-- This site is optimized with the Yoast SEO plugin v27.5 - https:\/\/yoast.com\/product\/yoast-seo-wordpress\/ -->\n<title>Bon\u00e9 BK x Maka\u00ef #15 | BKeeper Sport<\/title>\n<meta name=\"robots\" content=\"index, follow, max-snippet:-1, max-image-preview:large, max-video-preview:-1\" \/>\n<link rel=\"canonical\" href=\"https:\/\/www.bkeeper-gloves.com\/pt-pt\/product\/bone-bk-x-makai-15\/\" \/>\n<meta property=\"og:locale\" content=\"pt_PT\" \/>\n<meta property=\"og:type\" content=\"article\" \/>\n<meta property=\"og:title\" content=\"Bon\u00e9 BK x Maka\u00ef #15 | BKeeper Sport\" \/>\n<meta property=\"og:description\" content=\"Bon\u00e9 americano em colabora\u00e7\u00e3o com Maka\u00ef. Fabricado em Fran\u00e7a.   Edi\u00e7\u00e3o de colecionador.\" \/>\n<meta property=\"og:url\" content=\"https:\/\/www.bkeeper-gloves.com\/pt-pt\/product\/bone-bk-x-makai-15\/\" \/>\n<meta property=\"og:site_name\" content=\"BKeeper Sport\" \/>\n<meta property=\"article:publisher\" content=\"https:\/\/www.facebook.com\/BKeeper.Officiel\" \/>\n<meta property=\"og:image\" content=\"https:\/\/www.bkeeper-gloves.com\/wp-content\/uploads\/2025\/07\/2025040.webp\" \/>\n\t<meta property=\"og:image:width\" content=\"800\" \/>\n\t<meta property=\"og:image:height\" content=\"800\" \/>\n\t<meta property=\"og:image:type\" content=\"image\/webp\" \/>\n<meta name=\"twitter:card\" content=\"summary_large_image\" \/>\n<meta name=\"twitter:site\" content=\"@BkeeperSport\" \/>\n<script type=\"application\/ld+json\" class=\"yoast-schema-graph\">{\"@context\":\"https:\\\/\\\/schema.org\",\"@graph\":[{\"@type\":\"WebPage\",\"@id\":\"https:\\\/\\\/www.bkeeper-gloves.com\\\/pt-pt\\\/product\\\/bone-bk-x-makai-15\\\/\",\"url\":\"https:\\\/\\\/www.bkeeper-gloves.com\\\/pt-pt\\\/product\\\/bone-bk-x-makai-15\\\/\",\"name\":\"Bon\u00e9 BK x Maka\u00ef #15 | BKeeper Sport\",\"isPartOf\":{\"@id\":\"https:\\\/\\\/www.bkeeper-gloves.com\\\/pt-pt\\\/#website\"},\"primaryImageOfPage\":{\"@id\":\"https:\\\/\\\/www.bkeeper-gloves.com\\\/pt-pt\\\/product\\\/bone-bk-x-makai-15\\\/#primaryimage\"},\"image\":{\"@id\":\"https:\\\/\\\/www.bkeeper-gloves.com\\\/pt-pt\\\/product\\\/bone-bk-x-makai-15\\\/#primaryimage\"},\"thumbnailUrl\":\"https:\\\/\\\/www.bkeeper-gloves.com\\\/wp-content\\\/uploads\\\/2025\\\/07\\\/2025040.webp\",\"datePublished\":\"2025-07-03T13:30:49+00:00\",\"breadcrumb\":{\"@id\":\"https:\\\/\\\/www.bkeeper-gloves.com\\\/pt-pt\\\/product\\\/bone-bk-x-makai-15\\\/#breadcrumb\"},\"inLanguage\":\"pt-PT\",\"potentialAction\":[{\"@type\":\"ReadAction\",\"target\":[\"https:\\\/\\\/www.bkeeper-gloves.com\\\/pt-pt\\\/product\\\/bone-bk-x-makai-15\\\/\"]}]},{\"@type\":\"ImageObject\",\"inLanguage\":\"pt-PT\",\"@id\":\"https:\\\/\\\/www.bkeeper-gloves.com\\\/pt-pt\\\/product\\\/bone-bk-x-makai-15\\\/#primaryimage\",\"url\":\"https:\\\/\\\/www.bkeeper-gloves.com\\\/wp-content\\\/uploads\\\/2025\\\/07\\\/2025040.webp\",\"contentUrl\":\"https:\\\/\\\/www.bkeeper-gloves.com\\\/wp-content\\\/uploads\\\/2025\\\/07\\\/2025040.webp\",\"width\":800,\"height\":800},{\"@type\":\"BreadcrumbList\",\"@id\":\"https:\\\/\\\/www.bkeeper-gloves.com\\\/pt-pt\\\/product\\\/bone-bk-x-makai-15\\\/#breadcrumb\",\"itemListElement\":[{\"@type\":\"ListItem\",\"position\":1,\"name\":\"Homepage\",\"item\":\"https:\\\/\\\/www.bkeeper-gloves.com\\\/pt-pt\\\/pagina-inicial-v3\\\/\"},{\"@type\":\"ListItem\",\"position\":2,\"name\":\"Loja do guarda-redes\",\"item\":\"https:\\\/\\\/www.bkeeper-gloves.com\\\/pt-pt\\\/loja-do-guarda-redes\\\/\"},{\"@type\":\"ListItem\",\"position\":3,\"name\":\"Bon\u00e9 BK x Maka\u00ef #15\"}]},{\"@type\":\"WebSite\",\"@id\":\"https:\\\/\\\/www.bkeeper-gloves.com\\\/pt-pt\\\/#website\",\"url\":\"https:\\\/\\\/www.bkeeper-gloves.com\\\/pt-pt\\\/\",\"name\":\"BKeeper Gloves\",\"description\":\"Get the Grip\",\"publisher\":{\"@id\":\"https:\\\/\\\/www.bkeeper-gloves.com\\\/pt-pt\\\/#organization\"},\"alternateName\":\"BKeeper\",\"potentialAction\":[{\"@type\":\"SearchAction\",\"target\":{\"@type\":\"EntryPoint\",\"urlTemplate\":\"https:\\\/\\\/www.bkeeper-gloves.com\\\/pt-pt\\\/?s={search_term_string}\"},\"query-input\":{\"@type\":\"PropertyValueSpecification\",\"valueRequired\":true,\"valueName\":\"search_term_string\"}}],\"inLanguage\":\"pt-PT\"},{\"@type\":\"Organization\",\"@id\":\"https:\\\/\\\/www.bkeeper-gloves.com\\\/pt-pt\\\/#organization\",\"name\":\"BKeeper International\",\"url\":\"https:\\\/\\\/www.bkeeper-gloves.com\\\/pt-pt\\\/\",\"logo\":{\"@type\":\"ImageObject\",\"inLanguage\":\"pt-PT\",\"@id\":\"https:\\\/\\\/www.bkeeper-gloves.com\\\/pt-pt\\\/#\\\/schema\\\/logo\\\/image\\\/\",\"url\":\"https:\\\/\\\/www.bkeeper-gloves.com\\\/wp-content\\\/uploads\\\/2024\\\/10\\\/cropped-BKeeper-Sport-Logo.png\",\"contentUrl\":\"https:\\\/\\\/www.bkeeper-gloves.com\\\/wp-content\\\/uploads\\\/2024\\\/10\\\/cropped-BKeeper-Sport-Logo.png\",\"width\":512,\"height\":512,\"caption\":\"BKeeper International\"},\"image\":{\"@id\":\"https:\\\/\\\/www.bkeeper-gloves.com\\\/pt-pt\\\/#\\\/schema\\\/logo\\\/image\\\/\"},\"sameAs\":[\"https:\\\/\\\/www.facebook.com\\\/BKeeper.Officiel\",\"https:\\\/\\\/x.com\\\/BkeeperSport\",\"https:\\\/\\\/www.instagram.com\\\/bkeeper_officiel\",\"https:\\\/\\\/www.linkedin.com\\\/company\\\/69264427\",\"https:\\\/\\\/www.youtube.com\\\/channel\\\/UCITHrNJmuyvVcmWifY3mSMw\"]}]}<\/script>\n<!-- \/ Yoast SEO plugin. -->","yoast_head_json":{"title":"Bon\u00e9 BK x Maka\u00ef #15 | BKeeper Sport","robots":{"index":"index","follow":"follow","max-snippet":"max-snippet:-1","max-image-preview":"max-image-preview:large","max-video-preview":"max-video-preview:-1"},"canonical":"https:\/\/www.bkeeper-gloves.com\/pt-pt\/product\/bone-bk-x-makai-15\/","og_locale":"pt_PT","og_type":"article","og_title":"Bon\u00e9 BK x Maka\u00ef #15 | BKeeper Sport","og_description":"Bon\u00e9 americano em colabora\u00e7\u00e3o com Maka\u00ef. Fabricado em Fran\u00e7a.   Edi\u00e7\u00e3o de colecionador.","og_url":"https:\/\/www.bkeeper-gloves.com\/pt-pt\/product\/bone-bk-x-makai-15\/","og_site_name":"BKeeper Sport","article_publisher":"https:\/\/www.facebook.com\/BKeeper.Officiel","og_image":[{"width":800,"height":800,"url":"https:\/\/www.bkeeper-gloves.com\/wp-content\/uploads\/2025\/07\/2025040.webp","type":"image\/webp"}],"twitter_card":"summary_large_image","twitter_site":"@BkeeperSport","schema":{"@context":"https:\/\/schema.org","@graph":[{"@type":"WebPage","@id":"https:\/\/www.bkeeper-gloves.com\/pt-pt\/product\/bone-bk-x-makai-15\/","url":"https:\/\/www.bkeeper-gloves.com\/pt-pt\/product\/bone-bk-x-makai-15\/","name":"Bon\u00e9 BK x Maka\u00ef #15 | BKeeper Sport","isPartOf":{"@id":"https:\/\/www.bkeeper-gloves.com\/pt-pt\/#website"},"primaryImageOfPage":{"@id":"https:\/\/www.bkeeper-gloves.com\/pt-pt\/product\/bone-bk-x-makai-15\/#primaryimage"},"image":{"@id":"https:\/\/www.bkeeper-gloves.com\/pt-pt\/product\/bone-bk-x-makai-15\/#primaryimage"},"thumbnailUrl":"https:\/\/www.bkeeper-gloves.com\/wp-content\/uploads\/2025\/07\/2025040.webp","datePublished":"2025-07-03T13:30:49+00:00","breadcrumb":{"@id":"https:\/\/www.bkeeper-gloves.com\/pt-pt\/product\/bone-bk-x-makai-15\/#breadcrumb"},"inLanguage":"pt-PT","potentialAction":[{"@type":"ReadAction","target":["https:\/\/www.bkeeper-gloves.com\/pt-pt\/product\/bone-bk-x-makai-15\/"]}]},{"@type":"ImageObject","inLanguage":"pt-PT","@id":"https:\/\/www.bkeeper-gloves.com\/pt-pt\/product\/bone-bk-x-makai-15\/#primaryimage","url":"https:\/\/www.bkeeper-gloves.com\/wp-content\/uploads\/2025\/07\/2025040.webp","contentUrl":"https:\/\/www.bkeeper-gloves.com\/wp-content\/uploads\/2025\/07\/2025040.webp","width":800,"height":800},{"@type":"BreadcrumbList","@id":"https:\/\/www.bkeeper-gloves.com\/pt-pt\/product\/bone-bk-x-makai-15\/#breadcrumb","itemListElement":[{"@type":"ListItem","position":1,"name":"Homepage","item":"https:\/\/www.bkeeper-gloves.com\/pt-pt\/pagina-inicial-v3\/"},{"@type":"ListItem","position":2,"name":"Loja do guarda-redes","item":"https:\/\/www.bkeeper-gloves.com\/pt-pt\/loja-do-guarda-redes\/"},{"@type":"ListItem","position":3,"name":"Bon\u00e9 BK x Maka\u00ef #15"}]},{"@type":"WebSite","@id":"https:\/\/www.bkeeper-gloves.com\/pt-pt\/#website","url":"https:\/\/www.bkeeper-gloves.com\/pt-pt\/","name":"BKeeper Gloves","description":"Get the Grip","publisher":{"@id":"https:\/\/www.bkeeper-gloves.com\/pt-pt\/#organization"},"alternateName":"BKeeper","potentialAction":[{"@type":"SearchAction","target":{"@type":"EntryPoint","urlTemplate":"https:\/\/www.bkeeper-gloves.com\/pt-pt\/?s={search_term_string}"},"query-input":{"@type":"PropertyValueSpecification","valueRequired":true,"valueName":"search_term_string"}}],"inLanguage":"pt-PT"},{"@type":"Organization","@id":"https:\/\/www.bkeeper-gloves.com\/pt-pt\/#organization","name":"BKeeper International","url":"https:\/\/www.bkeeper-gloves.com\/pt-pt\/","logo":{"@type":"ImageObject","inLanguage":"pt-PT","@id":"https:\/\/www.bkeeper-gloves.com\/pt-pt\/#\/schema\/logo\/image\/","url":"https:\/\/www.bkeeper-gloves.com\/wp-content\/uploads\/2024\/10\/cropped-BKeeper-Sport-Logo.png","contentUrl":"https:\/\/www.bkeeper-gloves.com\/wp-content\/uploads\/2024\/10\/cropped-BKeeper-Sport-Logo.png","width":512,"height":512,"caption":"BKeeper International"},"image":{"@id":"https:\/\/www.bkeeper-gloves.com\/pt-pt\/#\/schema\/logo\/image\/"},"sameAs":["https:\/\/www.facebook.com\/BKeeper.Officiel","https:\/\/x.com\/BkeeperSport","https:\/\/www.instagram.com\/bkeeper_officiel","https:\/\/www.linkedin.com\/company\/69264427","https:\/\/www.youtube.com\/channel\/UCITHrNJmuyvVcmWifY3mSMw"]}]}},"_links":{"self":[{"href":"https:\/\/www.bkeeper-gloves.com\/pt-pt\/wp-json\/wp\/v2\/product\/86544","targetHints":{"allow":["GET"]}}],"collection":[{"href":"https:\/\/www.bkeeper-gloves.com\/pt-pt\/wp-json\/wp\/v2\/product"}],"about":[{"href":"https:\/\/www.bkeeper-gloves.com\/pt-pt\/wp-json\/wp\/v2\/types\/product"}],"version-history":[{"count":0,"href":"https:\/\/www.bkeeper-gloves.com\/pt-pt\/wp-json\/wp\/v2\/product\/86544\/revisions"}],"wp:featuredmedia":[{"embeddable":true,"href":"https:\/\/www.bkeeper-gloves.com\/pt-pt\/wp-json\/wp\/v2\/media\/85694"}],"wp:attachment":[{"href":"https:\/\/www.bkeeper-gloves.com\/pt-pt\/wp-json\/wp\/v2\/media?parent=86544"}],"wp:term":[{"taxonomy":"product_brand","embeddable":true,"href":"https:\/\/www.bkeeper-gloves.com\/pt-pt\/wp-json\/wp\/v2\/product_brand?post=86544"},{"taxonomy":"product_cat","embeddable":true,"href":"https:\/\/www.bkeeper-gloves.com\/pt-pt\/wp-json\/wp\/v2\/product_cat?post=86544"},{"taxonomy":"product_tag","embeddable":true,"href":"https:\/\/www.bkeeper-gloves.com\/pt-pt\/wp-json\/wp\/v2\/product_tag?post=86544"}],"curies":[{"name":"wp","href":"https:\/\/api.w.org\/{rel}","templated":true}]}}